{"id":23669,"date":"2024-04-19T13:23:47","date_gmt":"2024-04-19T10:23:47","guid":{"rendered":"https:\/\/zooprekes24.lt\/produktas\/quattro-mini-adult-poultry\/"},"modified":"2026-04-20T09:42:05","modified_gmt":"2026-04-20T07:42:05","slug":"quattro-mini-taiskasvanud-kodulinnud","status":"publish","type":"product","link":"https:\/\/zooprekes24.lt\/et\/produktas\/quattro-mini-adult-poultry\/","title":{"rendered":"Quattro Mini Adult Poultry kuivtoit koertele"},"content":{"rendered":"<h3>Quattro Mini Adult Poultry &#8211; Super Premium klas\u0117s, sausas maistas suaugusiems ma\u017e\u0173 veisli\u0173 \u0161unims su gard\u017eia pauk\u0161tiena. Maistas pagamintas naudojant inovatyvi\u0105 &#8222;freeze-dried meat coated&#8221; technologij\u0105. \u0160io i\u0161skirtinio sprendimo pagalba kiekviena pa\u0161aro granul\u0117 padengiama nat\u016bralia liofilizuota m\u0117sa, ne tik praturtinan\u010dia <a href=\"https:\/\/www.youtube.com\/watch?v=nHBX0FeuZ9w\" target=\"_blank\" rel=\"noopener\">Quattro<\/a> pa\u0161arus nat\u016braliai i\u0161saugotomis maistin\u0117mis med\u017eiagomis, bet ir u\u017etikrinan\u010dia puiku produkto \u0117damum\u0105.<\/h3>\n<div>\n<div>\n<ul>\n<li>Sveikai odai ir kailiui. S\u0117men\u0173 riebal\u0173 r\u016bg\u0161tys, cinkas ir B grup\u0117s vitaminai padeda i\u0161laikyti sveik\u0105 od\u0105, mink\u0161t\u0105 ir blizgant\u012f kail\u012f.<\/li>\n<li>Nat\u016bral\u016bs prebiotikai. Mannan-oligosacharidais, inulinu ir jukos ekstraktais praturtinta Quattro Mini Adult Poultry maisto sud\u0117ties formul\u0117 padeda palaikyti sveik\u0105 \u017earnyno flor\u0105, teikdama maist\u0105 naudingosioms bakterijoms.<\/li>\n<li>Imuniteto palaikymui. Vitaminas E, omega-3 riebiosios r\u016bg\u0161tys ir rozmarino ekstraktas padeda apsaugoti nuo neigiamo laisv\u0173j\u0173 radikal\u0173 poveikio visi\u0161kai nat\u016braliu b\u016bdu ir palaiko auk\u0161\u010diausi\u0105 imunin\u0117s sistemos form\u0105.<\/li>\n<li>Pritaikytas ma\u017e\u0173 \u0161un\u0173 poreikiams. Quattro Mini Adult Poultry sausas maistas tinkamas <a href=\"https:\/\/zooprekes24.lt\/kategorija\/prekes-sunims\/sunu-maistas\/?filters=veisles-dydis[238]\" target=\"_blank\" rel=\"noopener\">ma\u017e\u0173 veisli\u0173 \u0161unims<\/a> sveriantiems nuo 1 iki 10 kg.<\/li>\n<li>Be kvie\u010di\u0173. Tinka jautrios odos ir skrand\u017eio \u0161unims &#8211; padeda i\u0161vengti alergini\u0173 reakcij\u0173, kurias sukelia kvie\u010di\u0173 glitimas.<\/li>\n<li>100 % Lietuvoje u\u017eauginta pauk\u0161tiena.<\/li>\n<li>82 % baltym\u0173 i\u0161 gyv\u016bnin\u0117s kilm\u0117s ingredient\u0173.<\/li>\n<li>0 % dirbtini\u0173 da\u017eikli\u0173 ir skoni\u0173 stiprikli\u0173.<\/li>\n<\/ul>\n<\/div>\n<\/div>\n","protected":false},"excerpt":{"rendered":"<p>Quattro Mini Adult Poultry &#8211; Super Premium klas\u0117s, sausas maistas suaugusiems ma\u017e\u0173 veisli\u0173 \u0161unims su gard\u017eia pauk\u0161tiena. Maistas pagamintas naudojant inovatyvi\u0105 &#8222;freeze-dried meat coated&#8221; technologij\u0105. \u0160io i\u0161skirtinio sprendimo pagalba kiekviena pa\u0161aro granul\u0117 padengiama nat\u016bralia liofilizuota m\u0117sa, ne tik praturtinan\u010dia Quattro pa\u0161arus nat\u016braliai i\u0161saugotomis maistin\u0117mis med\u017eiagomis, bet ir u\u017etikrinan\u010dia puiku produkto \u0117damum\u0105. Sveikai odai ir kailiui&#8230;.<\/p>","protected":false},"featured_media":18507,"comment_status":"closed","ping_status":"closed","template":"","meta":{"_acf_changed":false,"slim_seo":{"title":"Quattro Mini Adult Poultry sausas maistas \u0161unims - Zooprekes24","description":"Quattro Mini Adult Poultry - Super Premium kuivtoit t\u00e4iskasvanud v\u00e4ikestele t\u00f5ugudele maitsva linnulihaga. Toit on valmistatud kasutades uuenduslikku"},"iawp_total_views":159},"product_brand":[],"product_cat":[9055,9076,9002,8999,29,31],"product_tag":[177,743,751,200],"class_list":{"0":"post-23669","1":"product","2":"type-product","3":"status-publish","4":"has-post-thumbnail","6":"product_cat-isdziovintas-saltyje-maistas","7":"product_cat-quattro-sunims","8":"product_cat-sausas-maistas","9":"product_cat-sunims","10":"product_cat-sunu-maistas","11":"product_cat-sunu-prekiu-gamintojai","12":"product_tag-edalas-sunims","13":"product_tag-isdziovintas-saltyje-maistas","14":"product_tag-quattro-isdziovintas-saltyje","15":"product_tag-super-premium-maistas-sunims","16":"pa_pasaro-sudetis-vistiena","17":"pa_prekiu-zenklai-quattro","18":"pa_suns-amzius-suaugusiems","19":"pa_veisles-dydis-mazoms-veislems","21":"first","22":"instock","23":"sale","24":"featured","25":"taxable","26":"shipping-taxable","27":"purchasable","28":"product-type-variable"},"acf":[],"_links":{"self":[{"href":"https:\/\/zooprekes24.lt\/et\/wp-json\/wp\/v2\/product\/23669","targetHints":{"allow":["GET"]}}],"collection":[{"href":"https:\/\/zooprekes24.lt\/et\/wp-json\/wp\/v2\/product"}],"about":[{"href":"https:\/\/zooprekes24.lt\/et\/wp-json\/wp\/v2\/types\/product"}],"replies":[{"embeddable":true,"href":"https:\/\/zooprekes24.lt\/et\/wp-json\/wp\/v2\/comments?post=23669"}],"wp:featuredmedia":[{"embeddable":true,"href":"https:\/\/zooprekes24.lt\/et\/wp-json\/wp\/v2\/media\/18507"}],"wp:attachment":[{"href":"https:\/\/zooprekes24.lt\/et\/wp-json\/wp\/v2\/media?parent=23669"}],"wp:term":[{"taxonomy":"product_brand","embeddable":true,"href":"https:\/\/zooprekes24.lt\/et\/wp-json\/wp\/v2\/product_brand?post=23669"},{"taxonomy":"product_cat","embeddable":true,"href":"https:\/\/zooprekes24.lt\/et\/wp-json\/wp\/v2\/product_cat?post=23669"},{"taxonomy":"product_tag","embeddable":true,"href":"https:\/\/zooprekes24.lt\/et\/wp-json\/wp\/v2\/product_tag?post=23669"}],"curies":[{"name":"wp","href":"https:\/\/api.w.org\/{rel}","templated":true}]}}