{"id":23666,"date":"2024-04-19T13:23:47","date_gmt":"2024-04-19T10:23:47","guid":{"rendered":"https:\/\/zooprekes24.lt\/produktas\/quattro-junior-all-breed-poultry\/"},"modified":"2026-04-20T09:41:21","modified_gmt":"2026-04-20T07:41:21","slug":"quattro-junior-koikidel-kodulinnutougudel","status":"publish","type":"product","link":"https:\/\/zooprekes24.lt\/et\/produktas\/quattro-junior-all-breed-poultry\/","title":{"rendered":"Quattro Junior All Breed Poultry kuivtoit koertele"},"content":{"rendered":"<h3>Quattro Junior All Breed Poultry - Super premium kuivtoit noortele koertele k\u00f5ikide t\u00f5ugude jaoks, mis sisaldab rohkelt kodulinde. Soovitatav alates 2 kuu kuni 1,5 aasta vanuseni. Toit on valmistatud uuendusliku k\u00fclmkuivatatud lihaga kaetud tehnoloogiaga. See ainulaadne lahendus katab iga toidupelleti loodusliku k\u00fclmkuivatatud lihaga, mis mitte ainult ei rikasta toitu <a href=\"https:\/\/www.youtube.com\/watch?v=nHBX0FeuZ9w\" target=\"_blank\" rel=\"noopener\">Quattro<\/a> looduslikult s\u00e4ilinud toitainetega s\u00f6\u00f6t, mis on ka suurep\u00e4rase s\u00f6\u00f6misomadusega.<\/h3>\n<ul>\n<li>Sveikas augimas. Gyv\u016bnin\u0117s kilm\u0117s baltymais bei riebalais praturtinta sud\u0117tis kartu su subalansuotu vitamin\u0173 ir mineral\u0173 kompleksu suteikia visas b\u016btinas maistines med\u017eiagas <a href=\"https:\/\/zooprekes24.lt\/et\/?s=\u0161uniukams&amp;post_type=product\" target=\"_blank\" rel=\"noopener\">kutsikate tervislikuks kasvuks<\/a>.<\/li>\n<li>Nat\u016bral\u016bs prebiotikai. Mannan-oligosacharidai, inulino ir jukos ekstraktais praturtinta formul\u0117 padeda palaikyti sveik\u0105 \u017earnyno flor\u0105, teikdama maist\u0105 naudingosioms bakterijoms.<\/li>\n<li>Puikus \u012fsisavinimas. Tinkamas lengvai vir\u0161kinam\u0173 ingredient\u0173, prebiotik\u0173 ir augalini\u0173 skaidul\u0173 balansas padeda palaikyti vir\u0161kinamojo trakto veikl\u0105.<\/li>\n<li>Be kvie\u010di\u0173. Quattro Junior All Breed Poultry maistas tinkamas jautrios odos ir skrand\u017eio \u0161unims &#8211; padeda i\u0161vengti alergini\u0173 reakcij\u0173, kurias sukelia kvie\u010di\u0173 glitimas.<\/li>\n<li>100 % Lietuvoje u\u017eauginta pauk\u0161tiena.<\/li>\n<li>78 % Loomsetest koostisosadest saadud valk.<\/li>\n<li>0 % dirbtini\u0173 da\u017eikli\u0173 ir skoni\u0173 stiprikli\u0173.<\/li>\n<\/ul>","protected":false},"excerpt":{"rendered":"<p>Quattro Junior All Breed Poultry\u00a0&#8211; Super premium klas\u0117s visavertis sausas maistas jauniems vis\u0173 veisli\u0173 \u0161unims su daug pauk\u0161tienos. Rekomenduojama nuo 2 m\u0117nesi\u0173 iki 1,5 met\u0173 am\u017eiaus.\u00a0Maistas pagamintas naudojant inovatyvi\u0105 &#8222;freeze-dried meat coated&#8221; technologij\u0105. \u0160io i\u0161skirtinio sprendimo pagalba kiekviena pa\u0161aro granul\u0117 padengiama nat\u016bralia liofilizuota m\u0117sa, ne tik praturtinan\u010dia Quattro pa\u0161arus nat\u016braliai i\u0161saugotomis maistin\u0117mis med\u017eiagomis, bet ir&#8230;<\/p>","protected":false},"featured_media":20281,"comment_status":"closed","ping_status":"closed","template":"","meta":{"_acf_changed":false,"slim_seo":{"title":"Quattro Junior All Breed Poultry sausas maistas \u0161unims - Zooprekes24","description":"Quattro Junior All Breed Poultry - Super premium kuivtoit noortele koertele k\u00f5ikide t\u00f5ugude jaoks, mis sisaldab rohkelt kodulinde. Soovitatav alates 2 kuust"},"iawp_total_views":166},"product_brand":[],"product_cat":[9055,9076,9002,8999,29,31],"product_tag":[177,743,751,200],"class_list":{"0":"post-23666","1":"product","2":"type-product","3":"status-publish","4":"has-post-thumbnail","6":"product_cat-isdziovintas-saltyje-maistas","7":"product_cat-quattro-sunims","8":"product_cat-sausas-maistas","9":"product_cat-sunims","10":"product_cat-sunu-maistas","11":"product_cat-sunu-prekiu-gamintojai","12":"product_tag-edalas-sunims","13":"product_tag-isdziovintas-saltyje-maistas","14":"product_tag-quattro-isdziovintas-saltyje","15":"product_tag-super-premium-maistas-sunims","16":"pa_pasaro-sudetis-vistiena","17":"pa_prekiu-zenklai-quattro","18":"pa_suns-amzius-jauniems","19":"pa_veisles-dydis-didelems-veislems","20":"pa_veisles-dydis-mazoms-veislems","21":"pa_veisles-dydis-vidutinems-veislems","22":"pa_veisles-dydis-visu-dydziu-veislems","24":"first","25":"instock","26":"sale","27":"featured","28":"taxable","29":"shipping-taxable","30":"purchasable","31":"product-type-variable"},"acf":[],"_links":{"self":[{"href":"https:\/\/zooprekes24.lt\/et\/wp-json\/wp\/v2\/product\/23666","targetHints":{"allow":["GET"]}}],"collection":[{"href":"https:\/\/zooprekes24.lt\/et\/wp-json\/wp\/v2\/product"}],"about":[{"href":"https:\/\/zooprekes24.lt\/et\/wp-json\/wp\/v2\/types\/product"}],"replies":[{"embeddable":true,"href":"https:\/\/zooprekes24.lt\/et\/wp-json\/wp\/v2\/comments?post=23666"}],"wp:featuredmedia":[{"embeddable":true,"href":"https:\/\/zooprekes24.lt\/et\/wp-json\/wp\/v2\/media\/20281"}],"wp:attachment":[{"href":"https:\/\/zooprekes24.lt\/et\/wp-json\/wp\/v2\/media?parent=23666"}],"wp:term":[{"taxonomy":"product_brand","embeddable":true,"href":"https:\/\/zooprekes24.lt\/et\/wp-json\/wp\/v2\/product_brand?post=23666"},{"taxonomy":"product_cat","embeddable":true,"href":"https:\/\/zooprekes24.lt\/et\/wp-json\/wp\/v2\/product_cat?post=23666"},{"taxonomy":"product_tag","embeddable":true,"href":"https:\/\/zooprekes24.lt\/et\/wp-json\/wp\/v2\/product_tag?post=23666"}],"curies":[{"name":"wp","href":"https:\/\/api.w.org\/{rel}","templated":true}]}}