{"id":23645,"date":"2024-04-19T13:23:37","date_gmt":"2024-04-19T10:23:37","guid":{"rendered":"https:\/\/zooprekes24.lt\/produktas\/royal-canin-sensory-feel-konservai\/"},"modified":"2025-07-01T17:00:55","modified_gmt":"2025-07-01T15:00:55","slug":"royal-canin-sensory-feel-konservid","status":"publish","type":"product","link":"https:\/\/zooprekes24.lt\/et\/produktas\/royal-canin-sensory-feel-konservai\/","title":{"rendered":"Royal Canin Sensory Feel konservai kat\u0117ms pada\u017ee"},"content":{"rendered":"<h3>Royal Canin Sensory Feel on tasakaalustatud niiske kassitoit t\u00e4iskasvanud kassidele vanuses 1 kuni 7 aastat. Spetsiaalne konservivalem on v\u00e4lja t\u00f6\u00f6tatud nii, et v\u00f5tta arvesse looma sensoorset kogemust toidu s\u00f6\u00f6misel, mis on sama oluline kui maitsemeel ise. See on \u00fcldine f\u00fc\u00fcsikaline ja keemiline koostoime toiduga alates esimesest hammustusest kuni \u00fcldise maitsemeeleni, mida kass kogeb l\u00e4bi suulae, n\u00e4rimise ja neelamise. Ainulaadne tootmistehnoloogia annab konservidele kreemja, kastmesarnase tekstuuri, mis mitte ainult ei p\u00fcsi kassi suus kauem, vaid tagab ka kassi s\u00f6\u00f6mise eduka alguse ja \u00fcldise s\u00fcvenemise kogemuse.<\/h3>\n<ul>\n<li>T\u00e4nu uuenduslikule tootmistehnoloogiale ei paku Royal Canin Senosory Feel konservtoit mitte ainult imelist tekstuuritunnet, vaid aitab ka stimuleerida teie lemmiklooma sensoorset kogemust toidu maitsmisel. See muudab teie valivale lemmikloomale s\u00f6\u00f6tmise lihtsamaks ja nauditavamaks.<\/li>\n<li>T\u00e4itke oma kassi elu meeldiva avastusega koos <a href=\"https:\/\/www.youtube.com\/watch?v=7x2dGD1OtsA&amp;t\" target=\"_blank\" rel=\"noopener\">Royal Canin Sensory Feel konserveeritud toit, mis pakub loomulikku s\u00f6\u00f6giisu stimuleerimist<\/a>\u00a0ja sobib ideaalselt valivale v\u00f5i mittesobivale kassile.<\/li>\n<li>Royal Canin Sensory Feel m\u00e4rgtoit on koostatud nii, et see vastaks optimaalsele toitumisprofiilile, mida kassid instinktiivselt eelistavad.<\/li>\n<li>Koostatud spetsiaalse koostisega, mis aitab s\u00e4ilitada tervislikke kuseteid ja \u00f5iget pH-d, et v\u00e4ltida soovimatute kristallide teket.<\/li>\n<li>Avastage teised suurep\u00e4raselt sobivad tooted Royal Canin Sensory konservide sarjast: <a href=\"https:\/\/zooprekes24.lt\/et\/toode\/royal-canin-sensory-lohna-konserveeritud\/\" target=\"_blank\" rel=\"noopener\">Royal Canin Sensory Smell<\/a>, <a href=\"https:\/\/zooprekes24.lt\/et\/toode\/royal-canin-sensoorne-maitse\/\" target=\"_blank\" rel=\"noopener\">Royal Canin Sensory Taste.<\/a><\/li>\n<\/ul>\n<p><a ref=\"magnificPopup\" href=\"https:\/\/zooprekes24.lt\/wp-content\/uploads\/Royal-Canin-Sensory-Feel-konservai-padaze.png\"><img loading=\"lazy\" decoding=\"async\" class=\"alignnone wp-image-16106\" src=\"https:\/\/zooprekes24.lt\/wp-content\/uploads\/Royal-Canin-Sensory-Feel-konservai-padaze.png\" alt=\"Royal Canin Sensory Feel konserveeritud kastmes\" width=\"400\" height=\"316\" \/><\/a><\/p>","protected":false},"excerpt":{"rendered":"<p>Royal Canin Sensory Feel \u2013 tai subalansuotas \u0161lapias ka\u010di\u0173 pa\u0161aras, skirtas suaugusioms kat\u0117ms nuo 1 iki 7 met\u0173 am\u017eiaus. Ypatinga konserv\u0173 formul\u0117 sukurta atsi\u017evelgiant \u012f jutimin\u0119 gyv\u016bno patirt\u012f valgant maist\u0105, kuri yra ne k\u0105 ma\u017eiau svarbi nei pats skonio poj\u016btis. Tai yra bendra fizin\u0117 ir chemin\u0117 s\u0105veika su maistu nuo pirmojo k\u0105snelio iki bendro maisto&#8230;<\/p>","protected":false},"featured_media":18499,"comment_status":"closed","ping_status":"closed","template":"","meta":{"_acf_changed":false,"slim_seo":{"title":"Royal Canin Sensory Feel konservai kat\u0117ms pada\u017ee - Zooprekes24","description":"Royal Canin Sensory Feel on tasakaalustatud niiske kassitoit t\u00e4iskasvanud kassidele vanuses 1 kuni 7 aastat. Spetsiaalne konservivalem on v\u00e4lja t\u00f6\u00f6tatud vastavalt"},"iawp_total_views":174},"product_brand":[],"product_cat":[72,83,25,9019,9020],"product_tag":[1675,1682,2131,1696],"class_list":{"0":"post-23645","1":"product","2":"type-product","3":"status-publish","4":"has-post-thumbnail","6":"product_cat-kaciu-maistas","7":"product_cat-kaciu-prekiu-gamintojai","8":"product_cat-katems","9":"product_cat-royal-canin-kaciu-prekiu-gamintojai","10":"product_cat-slapias-maistas-kaciu-maistas","11":"product_tag-kaciu-edalas","12":"product_tag-kaciu-maistas-super-premium-klases","13":"product_tag-konservai-isrankioms-katems","14":"product_tag-super-premium-maistas-katems","15":"pa_pasaro-sudetis-zuvis","16":"pa_prekiu-zenklai-royal-canin","18":"first","19":"instock","20":"featured","21":"taxable","22":"shipping-taxable","23":"purchasable","24":"product-type-variable"},"acf":[],"_links":{"self":[{"href":"https:\/\/zooprekes24.lt\/et\/wp-json\/wp\/v2\/product\/23645","targetHints":{"allow":["GET"]}}],"collection":[{"href":"https:\/\/zooprekes24.lt\/et\/wp-json\/wp\/v2\/product"}],"about":[{"href":"https:\/\/zooprekes24.lt\/et\/wp-json\/wp\/v2\/types\/product"}],"replies":[{"embeddable":true,"href":"https:\/\/zooprekes24.lt\/et\/wp-json\/wp\/v2\/comments?post=23645"}],"wp:featuredmedia":[{"embeddable":true,"href":"https:\/\/zooprekes24.lt\/et\/wp-json\/wp\/v2\/media\/18499"}],"wp:attachment":[{"href":"https:\/\/zooprekes24.lt\/et\/wp-json\/wp\/v2\/media?parent=23645"}],"wp:term":[{"taxonomy":"product_brand","embeddable":true,"href":"https:\/\/zooprekes24.lt\/et\/wp-json\/wp\/v2\/product_brand?post=23645"},{"taxonomy":"product_cat","embeddable":true,"href":"https:\/\/zooprekes24.lt\/et\/wp-json\/wp\/v2\/product_cat?post=23645"},{"taxonomy":"product_tag","embeddable":true,"href":"https:\/\/zooprekes24.lt\/et\/wp-json\/wp\/v2\/product_tag?post=23645"}],"curies":[{"name":"wp","href":"https:\/\/api.w.org\/{rel}","templated":true}]}}