{"id":23642,"date":"2024-04-19T13:23:37","date_gmt":"2024-04-19T10:23:37","guid":{"rendered":"https:\/\/zooprekes24.lt\/produktas\/royal-canin-sensory-taste-konservai\/"},"modified":"2025-07-01T16:58:41","modified_gmt":"2025-07-01T14:58:41","slug":"royal-canin-sensoorne-maitse","status":"publish","type":"product","link":"https:\/\/zooprekes24.lt\/et\/produktas\/royal-canin-sensory-taste-konservai\/","title":{"rendered":"Royal Canin Sensory Taste konservai kat\u0117ms pada\u017ee"},"content":{"rendered":"<h3>Royal Canin Sensory Taste on tasakaalustatud niiske kassitoit t\u00e4iskasvanud kassidele vanuses 1 kuni 7 aastat. Atraktiivne konserveeritud koostis koos ainulaadse tekstuuriga aitab stimuleerida kassi suu\u00f5\u00f5neid. Lihat\u00fckkide segu kastmes pakub s\u00f6\u00f6mise ajal tekstuurilist tunnet ja stimuleerib maitseretseptoreid, tagades kassi s\u00f6\u00f6mise eduka alguse ja \u00fcldise kaasahaarava kogemuse.<\/h3>\n<ul>\n<li>Kassidel ei ole k\u00f5ige tugevam maitsemeel, sest neil on v\u00e4hem maitseretseptoreid, kuid see on t\u00f5eliselt ainulaadne! Kassidel on peen toidumaitse, eriti viies (umami) maitse. Viiendat maitset kirjeldatakse sageli kui puljongilist v\u00f5i soolast maitset, mis on eriti iseloomulik lihale. Aminohapped on olulised viienda maitse arendamiseks, mis on s\u00f5ltumatu neljast \u00fclej\u00e4\u00e4nud p\u00f5himaitsest: magususest, hapukusest, soolasusest ja v\u00fcrtsikusest. Oma kiskjaliku loomuse t\u00f5ttu on kassid tundlikud viienda maitsega seotud lihakate maitsete suhtes. Royal Canin Sensory Taste kassikonservil on maitsev kana maitse, milles on selgelt eristatavad r\u00f6stitud, lihaga seotud, hapu ja karamelliseeritud toidunoodid, mis stimuleerivad kassi unikaalset maitsemeelt.<\/li>\n<li>T\u00e4itke oma kassi elu meeldiva avastusega koos <a href=\"https:\/\/www.youtube.com\/watch?v=7x2dGD1OtsA&amp;t\" target=\"_blank\" rel=\"noopener\">Royal Canin Sensory Taste konserveeritud toit, mis pakub loomulikku s\u00f6\u00f6giisu stimuleerimist<\/a>\u00a0ja sobib ideaalselt valivale v\u00f5i mittesobivale kassile.<\/li>\n<li>Royal Canin Sensory Taste m\u00e4rgtoit on koostatud nii, et see vastaks optimaalsele toitumisprofiilile, mida kassid instinktiivselt eelistavad.<\/li>\n<li>Koostatud spetsiaalse koostisega, mis aitab s\u00e4ilitada tervislikke kuseteid ja \u00f5iget pH-d, et v\u00e4ltida soovimatute kristallide teket.<\/li>\n<li>Avastage teised suurep\u00e4raselt sobivad tooted Royal Canin Sensory konservide sarjast: <a href=\"https:\/\/zooprekes24.lt\/et\/toode\/royal-canin-sensory-lohna-konserveeritud\/\" target=\"_blank\" rel=\"noopener\">Royal Canin Sensory Smell<\/a>, <a href=\"https:\/\/zooprekes24.lt\/et\/toode\/royal-canin-sensory-feel-konservid\/\" target=\"_blank\" rel=\"noopener\">Royal Canin Sensory Feel.<\/a><\/li>\n<\/ul>\n<p><a ref=\"magnificPopup\" href=\"https:\/\/zooprekes24.lt\/wp-content\/uploads\/Royal-Canin-Sensory-Taste-konservai-padaze.png\"><img loading=\"lazy\" decoding=\"async\" class=\"alignnone wp-image-16094\" src=\"https:\/\/zooprekes24.lt\/wp-content\/uploads\/Royal-Canin-Sensory-Taste-konservai-padaze.png\" alt=\"Royal Canin Sensory Taste konserveeritud\" width=\"400\" height=\"316\" \/><\/a><\/p>","protected":false},"excerpt":{"rendered":"<p>Royal Canin Sensory Taste \u2013 tai subalansuotas \u0161lapias ka\u010di\u0173 pa\u0161aras, skirtas suaugusioms kat\u0117ms nuo 1 iki 7 met\u0173 am\u017eiaus. Patraukli konserv\u0173 formul\u0117 su unikalia tekst\u016bra, padeda skatinti kat\u0117s burnos poj\u016b\u010dius. Pada\u017ee esantis m\u0117sos gabaliuk\u0173 mi\u0161inys valgant suteikia tekst\u016bros poj\u016bt\u012f bei stimuliuoja maisto skonio receptorius, tai u\u017etikrina s\u0117kminga kat\u0117s maitinimosi prad\u017ei\u0105 ir bendra \u012ftraukian\u010di\u0105 patirt\u012f. Ka\u010di\u0173&#8230;<\/p>","protected":false},"featured_media":18495,"comment_status":"closed","ping_status":"closed","template":"","meta":{"_acf_changed":false,"slim_seo":{"title":"Royal Canin Sensory Taste konservai kat\u0117ms pada\u017ee - Zooprekes24","description":"Royal Canin Sensory Taste \u2013 tai subalansuotas \u0161lapias ka\u010di\u0173 pa\u0161aras, skirtas suaugusioms kat\u0117ms nuo 1 iki 7 met\u0173 am\u017eiaus. Patraukli konserv\u0173 formul\u0117 su unikalia"},"iawp_total_views":226},"product_brand":[],"product_cat":[72,83,25,9019,9020],"product_tag":[1675,1682,2131,1696],"class_list":{"0":"post-23642","1":"product","2":"type-product","3":"status-publish","4":"has-post-thumbnail","6":"product_cat-kaciu-maistas","7":"product_cat-kaciu-prekiu-gamintojai","8":"product_cat-katems","9":"product_cat-royal-canin-kaciu-prekiu-gamintojai","10":"product_cat-slapias-maistas-kaciu-maistas","11":"product_tag-kaciu-edalas","12":"product_tag-kaciu-maistas-super-premium-klases","13":"product_tag-konservai-isrankioms-katems","14":"product_tag-super-premium-maistas-katems","15":"pa_pasaro-sudetis-vistiena","16":"pa_prekiu-zenklai-royal-canin","18":"first","19":"instock","20":"featured","21":"taxable","22":"shipping-taxable","23":"purchasable","24":"product-type-variable"},"acf":[],"_links":{"self":[{"href":"https:\/\/zooprekes24.lt\/et\/wp-json\/wp\/v2\/product\/23642","targetHints":{"allow":["GET"]}}],"collection":[{"href":"https:\/\/zooprekes24.lt\/et\/wp-json\/wp\/v2\/product"}],"about":[{"href":"https:\/\/zooprekes24.lt\/et\/wp-json\/wp\/v2\/types\/product"}],"replies":[{"embeddable":true,"href":"https:\/\/zooprekes24.lt\/et\/wp-json\/wp\/v2\/comments?post=23642"}],"wp:featuredmedia":[{"embeddable":true,"href":"https:\/\/zooprekes24.lt\/et\/wp-json\/wp\/v2\/media\/18495"}],"wp:attachment":[{"href":"https:\/\/zooprekes24.lt\/et\/wp-json\/wp\/v2\/media?parent=23642"}],"wp:term":[{"taxonomy":"product_brand","embeddable":true,"href":"https:\/\/zooprekes24.lt\/et\/wp-json\/wp\/v2\/product_brand?post=23642"},{"taxonomy":"product_cat","embeddable":true,"href":"https:\/\/zooprekes24.lt\/et\/wp-json\/wp\/v2\/product_cat?post=23642"},{"taxonomy":"product_tag","embeddable":true,"href":"https:\/\/zooprekes24.lt\/et\/wp-json\/wp\/v2\/product_tag?post=23642"}],"curies":[{"name":"wp","href":"https:\/\/api.w.org\/{rel}","templated":true}]}}