{"id":23639,"date":"2024-04-19T13:23:37","date_gmt":"2024-04-19T10:23:37","guid":{"rendered":"https:\/\/zooprekes24.lt\/produktas\/royal-canin-sensory-smell-konservai\/"},"modified":"2025-07-01T16:59:29","modified_gmt":"2025-07-01T14:59:29","slug":"royal-canin-sensory-lohna-konserveeritud","status":"publish","type":"product","link":"https:\/\/zooprekes24.lt\/et\/produktas\/royal-canin-sensory-smell-konservai\/","title":{"rendered":"Royal Canin Sensory Smell konservai kat\u0117ms pada\u017ee"},"content":{"rendered":"<h3>Royal Canin Sensory Smell on tasakaalustatud niiske kassitoit t\u00e4iskasvanud kassidele vanuses 1 kuni 7 aastat. Spetsiaalne konserveeritud koostis on loodud aromaatse kalaga, mis toodab rasvaseid, puuviljaseid ja p\u00e4hklimaitselisi l\u00f5hnu, mis on kassi l\u00f5hnataju jaoks v\u00e4ga ahvatlevad. Ainulaadne koostistehnoloogia, mis muudab konservi l\u00f5hna leviku kiiremaks ja intensiivsemaks, tagab s\u00f6\u00f6tmise eduka alguse ja kassile t\u00e4ieliku elamuse.<\/h3>\n<ul>\n<li>Haistmine on kassi eriline v\u00f5ime. Kassi ninas on kuni 200 miljonit l\u00f5hnatundlikku rakku, samas kui inimestel on neid vaid 5 miljonit. Mida rohkem kass nuusutab, seda rohkem molekule ta suudab tuvastada. Kui aga toidu l\u00f5hn on kassile ahvatlev, nuusutab ta seda v\u00e4hem ja hakkab kohe s\u00f6\u00f6ma. See muudab valiva lemmiklooma toitmise lihtsamaks ja nauditavamaks.<\/li>\n<li>T\u00e4itke oma kassi elu meeldiva avastusega koos <a href=\"https:\/\/www.youtube.com\/watch?v=7x2dGD1OtsA&amp;t\" target=\"_blank\" rel=\"noopener\">Royal Canin Sensory Smell konserveeritud toit, mis pakub loomulikku s\u00f6\u00f6giisu stimuleerimist<\/a>\u00a0ja sobib ideaalselt valivale v\u00f5i mittesobivale kassile.<\/li>\n<li>Royal Canin Sensory Smell m\u00e4rgtoit on koostatud nii, et see vastaks optimaalsele toitumisprofiilile, mida kassid instinktiivselt eelistavad.<\/li>\n<li>Koostatud spetsiaalse koostisega, mis aitab s\u00e4ilitada tervislikke kuseteid ja \u00f5iget pH-d, et v\u00e4ltida soovimatute kristallide teket.<\/li>\n<li>Avastage teised suurep\u00e4raselt sobivad tooted Royal Canin Sensory konservide sarjast: <a href=\"https:\/\/zooprekes24.lt\/et\/toode\/royal-canin-sensory-feel-konservid\/\" target=\"_blank\" rel=\"noopener\">Royal Canin Sensory Feel<\/a>, <a href=\"https:\/\/zooprekes24.lt\/et\/toode\/royal-canin-sensoorne-maitse\/\" target=\"_blank\" rel=\"noopener\">Royal Canin Sensory Taste<\/a>.<\/li>\n<\/ul>\n<p><a ref=\"magnificPopup\" href=\"https:\/\/zooprekes24.lt\/wp-content\/uploads\/Royal-Canin-Sensory-Smell-konservai-padaze.png\"><img loading=\"lazy\" decoding=\"async\" class=\"alignnone wp-image-16080\" src=\"https:\/\/zooprekes24.lt\/wp-content\/uploads\/Royal-Canin-Sensory-Smell-konservai-padaze.png\" alt=\"Royal Canin Sensory Smell konservid\" width=\"400\" height=\"314\" \/><\/a><\/p>","protected":false},"excerpt":{"rendered":"<p>Royal Canin Sensory Smell \u2013 tai subalansuotas \u0161lapias ka\u010di\u0173 pa\u0161aras, skirtas suaugusioms kat\u0117ms nuo 1 iki 7 met\u0173 am\u017eiaus. Ypatinga konserv\u0173 formul\u0117 yra sukurta atsi\u017evelgiant \u012f aromatingum\u0105, kur\u012f suteikia \u017euvis, i\u0161siskirianti ka\u010di\u0173 uoslei labai patraukliais riebal\u0173, vaisi\u0173 ir rie\u0161ut\u0173 kvapais. Unikali sud\u0117ties technologija, d\u0117l kurios konserv\u0173 kvapas sklinda grei\u010diau ir yra intensyvesnis, u\u017etikrina s\u0117kminga kat\u0117s&#8230;<\/p>","protected":false},"featured_media":18490,"comment_status":"closed","ping_status":"closed","template":"","meta":{"_acf_changed":false,"slim_seo":{"title":"Royal Canin Sensory Smell konservai kat\u0117ms pada\u017ee - Zooprekes24","description":"Royal Canin Sensory Smell \u2013 tai subalansuotas \u0161lapias ka\u010di\u0173 pa\u0161aras, skirtas suaugusioms kat\u0117ms nuo 1 iki 7 met\u0173 am\u017eiaus. Ypatinga konserv\u0173 formul\u0117 yra sukurta"},"iawp_total_views":133},"product_brand":[],"product_cat":[72,83,25,9019,9020],"product_tag":[1675,1682,2131,1696],"class_list":{"0":"post-23639","1":"product","2":"type-product","3":"status-publish","4":"has-post-thumbnail","6":"product_cat-kaciu-maistas","7":"product_cat-kaciu-prekiu-gamintojai","8":"product_cat-katems","9":"product_cat-royal-canin-kaciu-prekiu-gamintojai","10":"product_cat-slapias-maistas-kaciu-maistas","11":"product_tag-kaciu-edalas","12":"product_tag-kaciu-maistas-super-premium-klases","13":"product_tag-konservai-isrankioms-katems","14":"product_tag-super-premium-maistas-katems","15":"pa_pasaro-sudetis-zuvis","16":"pa_prekiu-zenklai-royal-canin","18":"first","19":"instock","20":"featured","21":"taxable","22":"shipping-taxable","23":"purchasable","24":"product-type-variable"},"acf":[],"_links":{"self":[{"href":"https:\/\/zooprekes24.lt\/et\/wp-json\/wp\/v2\/product\/23639","targetHints":{"allow":["GET"]}}],"collection":[{"href":"https:\/\/zooprekes24.lt\/et\/wp-json\/wp\/v2\/product"}],"about":[{"href":"https:\/\/zooprekes24.lt\/et\/wp-json\/wp\/v2\/types\/product"}],"replies":[{"embeddable":true,"href":"https:\/\/zooprekes24.lt\/et\/wp-json\/wp\/v2\/comments?post=23639"}],"wp:featuredmedia":[{"embeddable":true,"href":"https:\/\/zooprekes24.lt\/et\/wp-json\/wp\/v2\/media\/18490"}],"wp:attachment":[{"href":"https:\/\/zooprekes24.lt\/et\/wp-json\/wp\/v2\/media?parent=23639"}],"wp:term":[{"taxonomy":"product_brand","embeddable":true,"href":"https:\/\/zooprekes24.lt\/et\/wp-json\/wp\/v2\/product_brand?post=23639"},{"taxonomy":"product_cat","embeddable":true,"href":"https:\/\/zooprekes24.lt\/et\/wp-json\/wp\/v2\/product_cat?post=23639"},{"taxonomy":"product_tag","embeddable":true,"href":"https:\/\/zooprekes24.lt\/et\/wp-json\/wp\/v2\/product_tag?post=23639"}],"curies":[{"name":"wp","href":"https:\/\/api.w.org\/{rel}","templated":true}]}}