{"id":23625,"date":"2024-04-19T13:23:26","date_gmt":"2024-04-19T10:23:26","guid":{"rendered":"https:\/\/zooprekes24.lt\/produktas\/fitmin-for-life-beef-pate\/"},"modified":"2025-07-14T09:58:45","modified_gmt":"2025-07-14T07:58:45","slug":"fitmin-for-life-veisepasteet","status":"publish","type":"product","link":"https:\/\/zooprekes24.lt\/et\/produktas\/fitmin-for-life-beef-pate\/","title":{"rendered":"Fitmin for Life Beef Pate konserveeritud koertele"},"content":{"rendered":"<h3>Fitmin for Life Beef Pate konserveeritud toit t\u00e4iskasvanud koertele k\u00f5rge veiselihasisaldusega. \u00dche valguallika retsept v\u00e4hendab allergiate ja toidutalumatuse riski. T\u00e4istoit koertele.<\/h3>\n<ul>\n<li>Sobib ideaalselt koertele, kellel on tundlik seedimine, allergia v\u00f5i talumatus teatud toitude suhtes.<\/li>\n<li>Liha suurep\u00e4rane kvaliteet ja hoolikas t\u00f6\u00f6tlemine tagavad eriti maitsva maitse ja l\u00f5hna.<\/li>\n<li>Sobib ideaalselt kuivtoidu t\u00e4iendamiseks, aitab parandada toidu tarbimist ja annab vajalikku vedelikku.<\/li>\n<li>Fitmin for Life Beef Pate - <a href=\"https:\/\/www.youtube.com\/watch?v=1yoQTbErEss&amp;feature=emb_title\" target=\"_blank\" rel=\"noopener\">Gluteenivaba, sojavaba, GMO-vaba, s\u00e4ilitusaine- ja v\u00e4rvainevaba.<\/a><\/li>\n<\/ul>","protected":false},"excerpt":{"rendered":"<p>Fitmin for Life Beef Pate konservai suaugusiems \u0161unims su dideliu jautienos kiekiu. Recept\u016bra, kurios sud\u0117tyje naudojamas vieno baltymo \u0161altinis, suma\u017eina alergijos ir maisto netoleravimo rizik\u0105. Visavertis pa\u0161aras \u0161unims. Idealiai tinka \u0161unims, kurie turi\u00a0jautr\u0173 vir\u0161kinim\u0105, yra alergi\u0161ki ar netoleruojantys\u00a0tam tikro maisto. Puikios kokyb\u0117s m\u0117sa ir kruop\u0161tus perdirbimas garantuoja ypatingai gard\u0173 skon\u012f ir aromat\u0105. Idealiai papildo saus\u0105&#8230;<\/p>","protected":false},"featured_media":20266,"comment_status":"closed","ping_status":"closed","template":"","meta":{"_acf_changed":false,"slim_seo":{"title":"Fitmin for Life Beef Pate konservai \u0161unims - Zooprekes24","description":"Fitmin for Life Beef Pate konserveeritud toit t\u00e4iskasvanud koertele k\u00f5rge veiselihasisaldusega. \u00dche valgusallikaga retsept v\u00e4hendab allergiat"},"iawp_total_views":86},"product_brand":[],"product_cat":[9043,9004,8999,29,31],"product_tag":[418],"class_list":{"0":"post-23625","1":"product","2":"type-product","3":"status-publish","4":"has-post-thumbnail","6":"product_cat-fitmin-for-life-sunims","7":"product_cat-slapias-maistas","8":"product_cat-sunims","9":"product_cat-sunu-maistas","10":"product_cat-sunu-prekiu-gamintojai","11":"product_tag-konservuotas-maistas-sunims","12":"pa_pasaro-sudetis-jautiena","13":"pa_prekiu-zenklai-fitmin-for-life","14":"pa_suns-amzius-suaugusiems","15":"pa_veisles-dydis-didelems-veislems","16":"pa_veisles-dydis-mazoms-veislems","17":"pa_veisles-dydis-vidutinems-veislems","18":"pa_veisles-dydis-visu-dydziu-veislems","20":"first","21":"instock","22":"featured","23":"taxable","24":"shipping-taxable","25":"purchasable","26":"product-type-variable"},"acf":[],"_links":{"self":[{"href":"https:\/\/zooprekes24.lt\/et\/wp-json\/wp\/v2\/product\/23625","targetHints":{"allow":["GET"]}}],"collection":[{"href":"https:\/\/zooprekes24.lt\/et\/wp-json\/wp\/v2\/product"}],"about":[{"href":"https:\/\/zooprekes24.lt\/et\/wp-json\/wp\/v2\/types\/product"}],"replies":[{"embeddable":true,"href":"https:\/\/zooprekes24.lt\/et\/wp-json\/wp\/v2\/comments?post=23625"}],"wp:featuredmedia":[{"embeddable":true,"href":"https:\/\/zooprekes24.lt\/et\/wp-json\/wp\/v2\/media\/20266"}],"wp:attachment":[{"href":"https:\/\/zooprekes24.lt\/et\/wp-json\/wp\/v2\/media?parent=23625"}],"wp:term":[{"taxonomy":"product_brand","embeddable":true,"href":"https:\/\/zooprekes24.lt\/et\/wp-json\/wp\/v2\/product_brand?post=23625"},{"taxonomy":"product_cat","embeddable":true,"href":"https:\/\/zooprekes24.lt\/et\/wp-json\/wp\/v2\/product_cat?post=23625"},{"taxonomy":"product_tag","embeddable":true,"href":"https:\/\/zooprekes24.lt\/et\/wp-json\/wp\/v2\/product_tag?post=23625"}],"curies":[{"name":"wp","href":"https:\/\/api.w.org\/{rel}","templated":true}]}}