{"id":23612,"date":"2024-04-19T13:23:26","date_gmt":"2024-04-19T10:23:26","guid":{"rendered":"https:\/\/zooprekes24.lt\/produktas\/fitmin-for-life-light-senior-sunims\/"},"modified":"2026-04-03T15:30:00","modified_gmt":"2026-04-03T13:30:00","slug":"fitmin-for-life-kerge-vanemate-paikesevarjud","status":"publish","type":"product","link":"https:\/\/zooprekes24.lt\/et\/produktas\/fitmin-for-life-light-senior-sunims\/","title":{"rendered":"Fitmin for Life Light Senior sausas maistas \u0161unims"},"content":{"rendered":"<h3>Fitmin for Life Light &amp; Senior on t\u00e4istoit igat t\u00f5ugu vanematele koertele. Selles kasutatakse tervislikke ja energiat andvaid koostisosi, nagu v\u00e4rske kana-, sea- ja veiseliha, et tagada teie koerale ahvatlev maitse ja tervislik elukvaliteet. See sobib ka kaalut\u00f5usule kalduvatele v\u00f5i \u00fclekaaluga koertele.<\/h3>\n<ul>\n<li>Fitmin for Life Light &amp; Senior <a href=\"https:\/\/www.youtube.com\/watch?v=1yoQTbErEss\" target=\"_blank\" rel=\"noopener\">toidus kasutatakse v\u00e4rsket liha<\/a> annab koera organismile k\u00f5ik olulised vitamiinid ja mineraalid, mis on loomsetest koostisosadest looduslikult saadud. Samuti kasutatakse kuivatatud loomsetest koostisosadest saadud valku, mis on kergesti seeditav ja tagab teie lemmikloomale t\u00e4isv\u00e4\u00e4rtusliku toidu.<\/li>\n<li><a href=\"https:\/\/zooprekes24.lt\/et\/toode\/dr-clauders-barf-lassi-oli\/\">L\u00f5he\u00f5li<\/a> on suurep\u00e4rane Omega-3-rasvhapete (EPA ja DHA) allikas, mis toidavad, pehmendavad ja niisutavad koera karvkatte ja nahka.<\/li>\n<li>Sigurijuur toimib loodusliku prebiootikumina, mis toetab koera soolestiku mikrofloorat ja tagab seedimise optimaalse toimimise.<\/li>\n<li>Lambaliha madala rasva- ja k\u00f5rge seeditava valgusisalduse t\u00f5ttu p\u00fcsib teie lemmiklooma lihasmass lahja ja aitab v\u00f5idelda soovimatu \u00fclekaalu vastu.<\/li>\n<li>Fitmin for Life Light &amp; Senior sisaldab B12-vitamiini ja foolhapet, mis aitavad s\u00e4ilitada teie koera s\u00fcdame tervist ja v\u00e4hendada s\u00fcdame-veresoonkonna haiguste riski.<\/li>\n<\/ul>","protected":false},"excerpt":{"rendered":"<p>Fitmin for Life Light &amp; Senior &#8211; visavertis sausas maistas vis\u0173 veisli\u0173 vyresnio am\u017eiaus \u0161unims. Maiste naudojami sveiki ir energijos suteikiantys ingredientai &#8211; \u0161vie\u017eia vi\u0161tienos, kiaulienos ir jautienos m\u0117sa, kuri u\u017etikrina patraukl\u0173 \u0117dalo skon\u012f ir sveik\u0105 \u0161uns gyvenimo kokyb\u0119. \u0116dalas taip pat tinkamas \u0161unims linkusiems priaugti svorio arba turintiems vir\u0161svorio problem\u0173. Fitmin for Life Light&#8230;<\/p>","protected":false},"featured_media":20260,"comment_status":"closed","ping_status":"closed","template":"","meta":{"_acf_changed":false,"slim_seo":{"title":"Fitmin for Life Light Senior sausas maistas \u0161unims - Zooprekes24","description":"Fitmin for Life Light &amp; Senior on t\u00e4istoit igat t\u00f5ugu vanematele koertele. Toit kasutab tervislikke ja energiat andvaid koostisosi"},"iawp_total_views":205},"product_brand":[],"product_cat":[9043,9002,8999,29,31],"product_tag":[177,427,1664,1665],"class_list":{"0":"post-23612","1":"product","2":"type-product","3":"status-publish","4":"has-post-thumbnail","6":"product_cat-fitmin-for-life-sunims","7":"product_cat-sausas-maistas","8":"product_cat-sunims","9":"product_cat-sunu-maistas","10":"product_cat-sunu-prekiu-gamintojai","11":"product_tag-edalas-sunims","12":"product_tag-fitmin-edalas-sunims","13":"product_tag-fitmin-maistas-seniems-sunims","14":"product_tag-fitmin-senam-suniui","15":"pa_pasaro-sudetis-jautiena","16":"pa_pasaro-sudetis-kiauliena","17":"pa_pasaro-sudetis-ryziai","18":"pa_pasaro-sudetis-vistiena","19":"pa_prekiu-zenklai-fitmin-for-life","20":"pa_suns-amzius-senjorams","21":"pa_veisles-dydis-didelems-veislems","22":"pa_veisles-dydis-mazoms-veislems","23":"pa_veisles-dydis-vidutinems-veislems","24":"pa_veisles-dydis-visu-dydziu-veislems","26":"first","27":"instock","28":"taxable","29":"shipping-taxable","30":"purchasable","31":"product-type-variable"},"acf":[],"_links":{"self":[{"href":"https:\/\/zooprekes24.lt\/et\/wp-json\/wp\/v2\/product\/23612","targetHints":{"allow":["GET"]}}],"collection":[{"href":"https:\/\/zooprekes24.lt\/et\/wp-json\/wp\/v2\/product"}],"about":[{"href":"https:\/\/zooprekes24.lt\/et\/wp-json\/wp\/v2\/types\/product"}],"replies":[{"embeddable":true,"href":"https:\/\/zooprekes24.lt\/et\/wp-json\/wp\/v2\/comments?post=23612"}],"wp:featuredmedia":[{"embeddable":true,"href":"https:\/\/zooprekes24.lt\/et\/wp-json\/wp\/v2\/media\/20260"}],"wp:attachment":[{"href":"https:\/\/zooprekes24.lt\/et\/wp-json\/wp\/v2\/media?parent=23612"}],"wp:term":[{"taxonomy":"product_brand","embeddable":true,"href":"https:\/\/zooprekes24.lt\/et\/wp-json\/wp\/v2\/product_brand?post=23612"},{"taxonomy":"product_cat","embeddable":true,"href":"https:\/\/zooprekes24.lt\/et\/wp-json\/wp\/v2\/product_cat?post=23612"},{"taxonomy":"product_tag","embeddable":true,"href":"https:\/\/zooprekes24.lt\/et\/wp-json\/wp\/v2\/product_tag?post=23612"}],"curies":[{"name":"wp","href":"https:\/\/api.w.org\/{rel}","templated":true}]}}