{"id":23606,"date":"2024-04-19T13:23:13","date_gmt":"2024-04-19T10:23:13","guid":{"rendered":"https:\/\/zooprekes24.lt\/produktas\/fitmin-for-life-adult-large-breed-sunims\/"},"modified":"2026-02-27T12:32:07","modified_gmt":"2026-02-27T10:32:07","slug":"fitmin-for-life-adult-large-breed-sunims","status":"publish","type":"product","link":"https:\/\/zooprekes24.lt\/et\/produktas\/fitmin-for-life-adult-large-breed-sunims\/","title":{"rendered":"Fitmin for Life Adult Large Breed kuivtoit koertele"},"content":{"rendered":"<h3>Fitmin for Life Adult Large Breed &#8211; visavertis sausas maistas suaugusiems dideli\u0173 veisli\u0173 \u0161unims. Maiste naudojami sveiki ir energijos suteikiantys ingredientai &#8211; \u0161vie\u017eia vi\u0161tienos, kiaulienos ir jautienos m\u0117sa, kuri u\u017etikrina patraukl\u0173 \u0117dalo skon\u012f ir sveik\u0105 \u0161uns gyvenimo kokyb\u0119.<\/h3>\n<ul>\n<li>Fitmin for Life Adult Large Breed <a href=\"https:\/\/www.youtube.com\/watch?v=1yoQTbErEss\" target=\"_blank\" rel=\"noopener\">toidus kasutatakse v\u00e4rsket liha<\/a> annab koera organismile k\u00f5ik olulised vitamiinid ja mineraalid, mis on loomsetest koostisosadest looduslikult saadud. Samuti kasutatakse kuivatatud loomsetest koostisosadest saadud valku, mis on kergesti seeditav ja tagab teie lemmikloomale t\u00e4isv\u00e4\u00e4rtusliku toidu.<\/li>\n<li>Kondroitiin ja gl\u00fckoosamiin tugevdavad teie lemmiklooma k\u00f5hre, k\u00f5\u00f5luseid ja sidemeteid, aitavad kaasa kollageeni moodustumisele ja suurendavad mehaanilist vastupidavust.<\/li>\n<li><a href=\"https:\/\/zooprekes24.lt\/et\/toode\/dr-clauders-barf-lassi-oli\/\">L\u00f5he\u00f5li<\/a> on suurep\u00e4rane Omega-3-rasvhapete (EPA ja DHA) allikas, mis toidavad, pehmendavad ja niisutavad koera karvkatte ja nahka.<\/li>\n<li>Sigurijuur toimib loodusliku prebiootikumina, mis toetab koera soolestiku mikrofloorat ja tagab seedimise optimaalse toimimise.<\/li>\n<li>Koostises sisalduv B12-vitamiin ja foolhape aitavad s\u00e4ilitada koera s\u00fcdame tervist ja v\u00e4hendada s\u00fcdame-veresoonkonna haiguste riski.<\/li>\n<\/ul>","protected":false},"excerpt":{"rendered":"<p>Fitmin for Life Adult Large Breed &#8211; visavertis sausas maistas suaugusiems dideli\u0173 veisli\u0173 \u0161unims. Maiste naudojami sveiki ir energijos suteikiantys ingredientai &#8211; \u0161vie\u017eia vi\u0161tienos, kiaulienos ir jautienos m\u0117sa, kuri u\u017etikrina patraukl\u0173 \u0117dalo skon\u012f ir sveik\u0105 \u0161uns gyvenimo kokyb\u0119. Fitmin for Life Adult Large Breed maisto sud\u0117tyje naudojama \u0161vie\u017eia m\u0117sa suteikia \u0161uns organizmui vis\u0173 b\u016btin\u0173 vitamin\u0173&#8230;<\/p>","protected":false},"featured_media":20255,"comment_status":"closed","ping_status":"closed","template":"","meta":{"_acf_changed":false,"slim_seo":{"title":"Fitmin for Life Adult Large Breed sausas maistas \u0161unims - Zooprekes24","description":"Fitmin for Life Adult Large Breed - visavertis sausas maistas suaugusiems dideli\u0173 veisli\u0173 \u0161unims. Maiste naudojami sveiki ir energijos suteikiantys ingredientai"},"iawp_total_views":142},"product_brand":[],"product_cat":[9043,9002,8999,29,31],"product_tag":[177,427],"class_list":{"0":"post-23606","1":"product","2":"type-product","3":"status-publish","4":"has-post-thumbnail","6":"product_cat-fitmin-for-life-sunims","7":"product_cat-sausas-maistas","8":"product_cat-sunims","9":"product_cat-sunu-maistas","10":"product_cat-sunu-prekiu-gamintojai","11":"product_tag-edalas-sunims","12":"product_tag-fitmin-edalas-sunims","13":"pa_pasaro-sudetis-jautiena","14":"pa_pasaro-sudetis-kiauliena","15":"pa_pasaro-sudetis-ryziai","16":"pa_pasaro-sudetis-vistiena","17":"pa_prekiu-zenklai-fitmin-for-life","18":"pa_suns-amzius-suaugusiems","19":"pa_veisles-dydis-didelems-veislems","21":"first","22":"outofstock","23":"taxable","24":"shipping-taxable","25":"purchasable","26":"product-type-variable"},"acf":[],"_links":{"self":[{"href":"https:\/\/zooprekes24.lt\/et\/wp-json\/wp\/v2\/product\/23606","targetHints":{"allow":["GET"]}}],"collection":[{"href":"https:\/\/zooprekes24.lt\/et\/wp-json\/wp\/v2\/product"}],"about":[{"href":"https:\/\/zooprekes24.lt\/et\/wp-json\/wp\/v2\/types\/product"}],"replies":[{"embeddable":true,"href":"https:\/\/zooprekes24.lt\/et\/wp-json\/wp\/v2\/comments?post=23606"}],"wp:featuredmedia":[{"embeddable":true,"href":"https:\/\/zooprekes24.lt\/et\/wp-json\/wp\/v2\/media\/20255"}],"wp:attachment":[{"href":"https:\/\/zooprekes24.lt\/et\/wp-json\/wp\/v2\/media?parent=23606"}],"wp:term":[{"taxonomy":"product_brand","embeddable":true,"href":"https:\/\/zooprekes24.lt\/et\/wp-json\/wp\/v2\/product_brand?post=23606"},{"taxonomy":"product_cat","embeddable":true,"href":"https:\/\/zooprekes24.lt\/et\/wp-json\/wp\/v2\/product_cat?post=23606"},{"taxonomy":"product_tag","embeddable":true,"href":"https:\/\/zooprekes24.lt\/et\/wp-json\/wp\/v2\/product_tag?post=23606"}],"curies":[{"name":"wp","href":"https:\/\/api.w.org\/{rel}","templated":true}]}}