{"id":23594,"date":"2024-04-19T13:23:13","date_gmt":"2024-04-19T10:23:13","guid":{"rendered":"https:\/\/zooprekes24.lt\/produktas\/fitmin-for-life-lamb-rice-sausas-maistas\/"},"modified":"2026-04-15T11:38:17","modified_gmt":"2026-04-15T09:38:17","slug":"fitmin-for-life-lambaliha-riisi-kuivtoit","status":"publish","type":"product","link":"https:\/\/zooprekes24.lt\/et\/produktas\/fitmin-for-life-lamb-rice-sausas-maistas\/","title":{"rendered":"Fitmin for Life Lamb Rice sausas maistas \u0161unims"},"content":{"rendered":"<h3>Fitmin for Life Lamb &amp; Rice on t\u00e4istoit t\u00e4iskasvanud koertele k\u00f5ikide t\u00f5ugude jaoks. Selles kasutatakse tervislikke, h\u00fcpoallergeenseid koostisosi, nagu riis ja v\u00e4rske lambaliha, et tagada teie koerale ahvatlev maitse ja tervislik elukvaliteet.<\/h3>\n<ul>\n<li>Fitmin for Life Lamb &amp; Rice <a href=\"https:\/\/www.youtube.com\/watch?v=1yoQTbErEss\" target=\"_blank\" rel=\"noopener\">h\u00fcpoallergeenne koostis<\/a> kergesti seeditava riisi ja v\u00e4rske lambalihaga, mis on spetsiaalselt m\u00f5eldud tundlikele, allergilistele koertele, kellel on seedimis- v\u00f5i naha- ja karvaprobleemid.<\/li>\n<li><a href=\"https:\/\/zooprekes24.lt\/et\/toode\/dr-clauders-barf-lassi-oli\/\">L\u00f5he\u00f5li<\/a> on suurep\u00e4rane Omega-3-rasvhapete (EPA ja DHA) allikas, mis toidavad, pehmendavad ja niisutavad koera karvkatte ja nahka.<\/li>\n<li>Sigurijuur toimib loodusliku prebiootikumina, mis toetab koera soolestiku mikrofloorat ja tagab seedimise optimaalse toimimise.<\/li>\n<li>Koostises sisalduv B12-vitamiin ja foolhape aitavad s\u00e4ilitada koera s\u00fcdame tervist ja v\u00e4hendada s\u00fcdame-veresoonkonna haiguste riski.<\/li>\n<li>Toidus ei kasutata nisu, maisi, soja ega GMOsid.<\/li>\n<\/ul>","protected":false},"excerpt":{"rendered":"<p>Fitmin for Life Lamb &amp; Rice &#8211; visavertis sausas maistas vis\u0173 veisli\u0173 suaugusiems \u0161unims. Maiste naudojami sveiki, hipoalerginiai ingredientai &#8211; ry\u017eiai ir \u0161vie\u017eia \u0117rienos m\u0117sa, kuri u\u017etikrina patraukl\u0173 \u0117dalo skon\u012f ir sveik\u0105 \u0161uns gyvenimo kokyb\u0119. Fitmin for Life Lamb &amp; Rice hipoalergin\u0117 \u0117dalo formul\u0117 su lengvai vir\u0161kinamais ry\u017eiais ir \u0161vie\u017eia \u0117rienos m\u0117sa sukurta specialiai jautriems,&#8230;<\/p>","protected":false},"featured_media":20244,"comment_status":"closed","ping_status":"closed","template":"","meta":{"_acf_changed":false,"slim_seo":{"title":"Fitmin for Life Lamb Rice sausas maistas \u0161unims - Zooprekes24","description":"Fitmin for Life Lamb &amp; Rice on t\u00e4istoit t\u00e4iskasvanud koertele k\u00f5ikide t\u00f5ugude jaoks. Selles on kasutatud tervislikke, h\u00fcpoallergeenseid koostisosi, nagu riis ja m\u00e4gijuust."},"iawp_total_views":354},"product_brand":[],"product_cat":[9043,9002,8999,29,31],"product_tag":[177,427],"class_list":{"0":"post-23594","1":"product","2":"type-product","3":"status-publish","4":"has-post-thumbnail","6":"product_cat-fitmin-for-life-sunims","7":"product_cat-sausas-maistas","8":"product_cat-sunims","9":"product_cat-sunu-maistas","10":"product_cat-sunu-prekiu-gamintojai","11":"product_tag-edalas-sunims","12":"product_tag-fitmin-edalas-sunims","13":"pa_pasaro-sudetis-eriena","14":"pa_pasaro-sudetis-ryziai","15":"pa_prekiu-zenklai-fitmin-for-life","16":"pa_suns-amzius-suaugusiems","17":"pa_veisles-dydis-didelems-veislems","18":"pa_veisles-dydis-mazoms-veislems","19":"pa_veisles-dydis-vidutinems-veislems","20":"pa_veisles-dydis-visu-dydziu-veislems","22":"first","23":"instock","24":"sale","25":"taxable","26":"shipping-taxable","27":"purchasable","28":"product-type-variable"},"acf":[],"_links":{"self":[{"href":"https:\/\/zooprekes24.lt\/et\/wp-json\/wp\/v2\/product\/23594","targetHints":{"allow":["GET"]}}],"collection":[{"href":"https:\/\/zooprekes24.lt\/et\/wp-json\/wp\/v2\/product"}],"about":[{"href":"https:\/\/zooprekes24.lt\/et\/wp-json\/wp\/v2\/types\/product"}],"replies":[{"embeddable":true,"href":"https:\/\/zooprekes24.lt\/et\/wp-json\/wp\/v2\/comments?post=23594"}],"wp:featuredmedia":[{"embeddable":true,"href":"https:\/\/zooprekes24.lt\/et\/wp-json\/wp\/v2\/media\/20244"}],"wp:attachment":[{"href":"https:\/\/zooprekes24.lt\/et\/wp-json\/wp\/v2\/media?parent=23594"}],"wp:term":[{"taxonomy":"product_brand","embeddable":true,"href":"https:\/\/zooprekes24.lt\/et\/wp-json\/wp\/v2\/product_brand?post=23594"},{"taxonomy":"product_cat","embeddable":true,"href":"https:\/\/zooprekes24.lt\/et\/wp-json\/wp\/v2\/product_cat?post=23594"},{"taxonomy":"product_tag","embeddable":true,"href":"https:\/\/zooprekes24.lt\/et\/wp-json\/wp\/v2\/product_tag?post=23594"}],"curies":[{"name":"wp","href":"https:\/\/api.w.org\/{rel}","templated":true}]}}