{"id":23588,"date":"2024-04-19T13:22:59","date_gmt":"2024-04-19T10:22:59","guid":{"rendered":"https:\/\/zooprekes24.lt\/produktas\/fitmin-for-life-puppy-sausas-maistas\/"},"modified":"2026-02-27T12:29:00","modified_gmt":"2026-02-27T10:29:00","slug":"fitmin-for-life-kutsikate-kuivtoit","status":"publish","type":"product","link":"https:\/\/zooprekes24.lt\/et\/produktas\/fitmin-for-life-puppy-sausas-maistas\/","title":{"rendered":"Fitmin for Life Puppy kuivtoit kutsikatele"},"content":{"rendered":"<h3>Fitmin for Life Puppy on t\u00e4istoit kasvavatele kutsikatele k\u00f5ikide t\u00f5ugude kuivtoit. Selles on kasutatud tervislikke ja energiat andvaid koostisosi, nagu v\u00e4rske linnu-, sea- ja veiseliha, et tagada ahvatlev maitse ja tervislik algus. See sobib ka tiinetele ja imetavatele emastele emastele.<\/h3>\n<ul>\n<li>Fitmin for Life Puppy<a href=\"https:\/\/www.youtube.com\/watch?v=1yoQTbErEss\" target=\"_blank\" rel=\"noopener\"> toidus kasutatakse v\u00e4rsket liha<\/a> annab teie kutsika organismile k\u00f5ik vajalikud vitamiinid ja mineraalid, mis on loomsetest koostisosadest looduslikult saadud. Samuti kasutab see loomsetest kuivatatud koostisosadest saadud valku, mis on kergesti seeditav ja tagab lemmiklooma tervisliku arengu.<\/li>\n<li><a href=\"https:\/\/zooprekes24.lt\/et\/toode\/dr-clauders-barf-lassi-oli\/\">L\u00f5he\u00f5li<\/a> on suurep\u00e4rane Omega-3-rasvhapete (EPA ja DHA) allikas, mis toidavad, pehmendavad ja niisutavad koera karvkatte ja nahka.<\/li>\n<li>Vitamiinide ja mineraalide \u00f5ige tasakaal tagab kutsika optimaalse immuunsuse juba varasest ajast alates ning v\u00f5imaldab imetavatel emastel emastel taastuda s\u00fcnnitusest ilma lisastressita.<\/li>\n<li>Koostises kasutatav sigurijuur toimib loodusliku prebiootikumina, et toetada teie kutsika soolestiku mikrofloorat ja tagada optimaalne seedimistegevus.<\/li>\n<\/ul>","protected":false},"excerpt":{"rendered":"<p>Fitmin for Life Puppy &#8211; visavertis sausas maistas vis\u0173 veisli\u0173 augantiems \u0161uniukams. Maiste naudojami sveiki ir energijos suteikiantys ingredientai &#8211; \u0161vie\u017eia pauk\u0161tienos, kiaulienos ir jautienos m\u0117sa, kuri u\u017etikrina patraukl\u0173 \u0117dalo skon\u012f ir sveik\u0105 \u0161uniuko gyvenimo prad\u017ei\u0105. \u0116dalas taip pat tinkamas besilaukian\u010dioms ir \u017eindan\u010dioms kal\u0117ms. Fitmin for Life Puppy maisto sud\u0117tyje naudojama \u0161vie\u017eia m\u0117sa suteikia \u0161uniuko&#8230;<\/p>","protected":false},"featured_media":20239,"comment_status":"closed","ping_status":"closed","template":"","meta":{"_acf_changed":false,"slim_seo":{"title":"Fitmin for Life Puppy sausas maistas \u0161uniukams - Zooprekes24","description":"Fitmin for Life Puppy on t\u00e4istoit kasvavatele kutsikatele k\u00f5ikide t\u00f5ugude kuivtoit. Selles kasutatakse tervislikke ja energiat andvaid koostisosi, nagu n\u00e4iteks v\u00e4rske pa"},"iawp_total_views":173},"product_brand":[],"product_cat":[9043,9002,8999,29,31],"product_tag":[268,235,271,274],"class_list":{"0":"post-23588","1":"product","2":"type-product","3":"status-publish","4":"has-post-thumbnail","6":"product_cat-fitmin-for-life-sunims","7":"product_cat-sausas-maistas","8":"product_cat-sunims","9":"product_cat-sunu-maistas","10":"product_cat-sunu-prekiu-gamintojai","11":"product_tag-edalas-nesciai-kalei","12":"product_tag-edalas-suniukams","13":"product_tag-edalas-zindaciai-kalei","14":"product_tag-fitmin-edalas-suniukams","15":"pa_pasaro-sudetis-jautiena","16":"pa_pasaro-sudetis-kiauliena","17":"pa_pasaro-sudetis-ryziai","18":"pa_pasaro-sudetis-vistiena","19":"pa_prekiu-zenklai-fitmin-for-life","20":"pa_suns-amzius-jauniems","21":"pa_veisles-dydis-didelems-veislems","22":"pa_veisles-dydis-mazoms-veislems","23":"pa_veisles-dydis-vidutinems-veislems","24":"pa_veisles-dydis-visu-dydziu-veislems","26":"first","27":"outofstock","28":"taxable","29":"shipping-taxable","30":"purchasable","31":"product-type-variable"},"acf":[],"_links":{"self":[{"href":"https:\/\/zooprekes24.lt\/et\/wp-json\/wp\/v2\/product\/23588","targetHints":{"allow":["GET"]}}],"collection":[{"href":"https:\/\/zooprekes24.lt\/et\/wp-json\/wp\/v2\/product"}],"about":[{"href":"https:\/\/zooprekes24.lt\/et\/wp-json\/wp\/v2\/types\/product"}],"replies":[{"embeddable":true,"href":"https:\/\/zooprekes24.lt\/et\/wp-json\/wp\/v2\/comments?post=23588"}],"wp:featuredmedia":[{"embeddable":true,"href":"https:\/\/zooprekes24.lt\/et\/wp-json\/wp\/v2\/media\/20239"}],"wp:attachment":[{"href":"https:\/\/zooprekes24.lt\/et\/wp-json\/wp\/v2\/media?parent=23588"}],"wp:term":[{"taxonomy":"product_brand","embeddable":true,"href":"https:\/\/zooprekes24.lt\/et\/wp-json\/wp\/v2\/product_brand?post=23588"},{"taxonomy":"product_cat","embeddable":true,"href":"https:\/\/zooprekes24.lt\/et\/wp-json\/wp\/v2\/product_cat?post=23588"},{"taxonomy":"product_tag","embeddable":true,"href":"https:\/\/zooprekes24.lt\/et\/wp-json\/wp\/v2\/product_tag?post=23588"}],"curies":[{"name":"wp","href":"https:\/\/api.w.org\/{rel}","templated":true}]}}