{"id":23582,"date":"2024-04-19T13:22:59","date_gmt":"2024-04-19T10:22:59","guid":{"rendered":"https:\/\/zooprekes24.lt\/produktas\/fitmin-medium-maxi-lamb-rice-sunims\/"},"modified":"2026-04-03T15:33:33","modified_gmt":"2026-04-03T13:33:33","slug":"fitmin-medium-maxi-maintenance-lamb-rice-sausas-maistas-sunims","status":"publish","type":"product","link":"https:\/\/zooprekes24.lt\/et\/produktas\/fitmin-medium-maxi-maintenance-lamb-rice-sausas-maistas-sunims\/","title":{"rendered":"Fitmin Medium Maxi Maintenance Lamb &amp; Rice sausas maistas \u0161unims"},"content":{"rendered":"<h3>Fitmin Medium Maxi Maintenance Lamb &amp; Rice &#8211; visavertis sausas maistas vidutinio dyd\u017eio veisli\u0173 (nuo 13-35 kg) ir dideli\u0173 veisli\u0173 (nuo 35 kg) suaugusiems \u0161unims nuo 1 iki 8 met\u0173 am\u017eiaus. Maistas skirtas augintiniams, kurie turi jautr\u0173 vir\u0161kinim\u0105, yra link\u0119 \u012f \u012fvairias alergijas arba tiesiog m\u0117gsta gard\u0173 \u0117rienos m\u0117sos skon\u012f.<\/h3>\n<ul>\n<li>Spetsiaalne Fitmin toidu koostis, <a href=\"https:\/\/www.youtube.com\/watch?v=1yoQTbErEss\">mis sisaldavad kuni 70 % loomset valku<\/a>, tugevdades koera loomulikku kaitset.<\/li>\n<li><a href=\"https:\/\/zooprekes24.lt\/et\/toode\/dr-clauders-barf-lassi-oli\/\">L\u00f5he\u00f5li<\/a> on suurep\u00e4rane Omega-3-rasvhapete (EPA ja DHA) allikas, mis toidavad ja niisutavad teie koera karvkatte ja nahka. EPA-l on looduslik p\u00f5letikuvastane toime, DHA aga osaleb aju ja v\u00f5rkkesta \u00fclesehituses.<\/li>\n<li>H\u00fcpoallergeenne koostis, mis on kohandatud tundlike, allergiliste ja toidutalumatusega koerte vajadustele.<\/li>\n<li>Selles sisalduv vitamiin B12 ja foolhape aitavad s\u00e4ilitada s\u00fcdame tervislikku talitlust ja v\u00e4hendada s\u00fcdame-veresoonkonna haiguste riski.<\/li>\n<li>Fitmin Medium Maxi Maintenance Lamb &amp; Rice sud\u0117tyje esantis rozmarino ekstraktas stimuliuoja kepen\u0173 funkcij\u0105 ir gerina vir\u0161kinimo sistem\u0105.<\/li>\n<li>Toidus ei kasutata nisu, maisi, soja ega GMOsid.<\/li>\n<\/ul>","protected":false},"excerpt":{"rendered":"<p>Fitmin Medium Maxi Maintenance Lamb &amp; Rice &#8211; visavertis sausas maistas vidutinio dyd\u017eio veisli\u0173 (nuo 13-35 kg) ir dideli\u0173 veisli\u0173 (nuo 35 kg) suaugusiems \u0161unims nuo 1 iki 8 met\u0173 am\u017eiaus. Maistas skirtas augintiniams, kurie turi jautr\u0173 vir\u0161kinim\u0105, yra link\u0119 \u012f \u012fvairias alergijas arba tiesiog m\u0117gsta gard\u0173 \u0117rienos m\u0117sos skon\u012f. Speciali Fitmin maisto formul\u0117, kurioje&#8230;<\/p>","protected":false},"featured_media":45373,"comment_status":"closed","ping_status":"closed","template":"","meta":{"_acf_changed":false,"slim_seo":{"title":"Fitmin Medium Maxi Maintenance Lamb &amp; Rice sausas maistas \u0161unims - Zooprekes24","description":"Fitmin Medium Maxi Maintenance Lamb &amp; Rice - visavertis sausas maistas vidutinio dyd\u017eio veisli\u0173 (nuo 13-35 kg) ir dideli\u0173 veisli\u0173 (nuo 35 kg) suaugusiems \u0161u"},"iawp_total_views":524},"product_brand":[],"product_cat":[9044,9002,8999,29,31],"product_tag":[177,804,427],"class_list":{"0":"post-23582","1":"product","2":"type-product","3":"status-publish","4":"has-post-thumbnail","6":"product_cat-fitmin-nutritional-programme","7":"product_cat-sausas-maistas","8":"product_cat-sunims","9":"product_cat-sunu-maistas","10":"product_cat-sunu-prekiu-gamintojai","11":"product_tag-edalas-sunims","12":"product_tag-fitmin-edalas-su-eriena-sunims","13":"product_tag-fitmin-edalas-sunims","14":"pa_pasaro-sudetis-eriena","15":"pa_pasaro-sudetis-ryziai","16":"pa_prekiu-zenklai-fitmin-nutritional-programme","17":"pa_suns-amzius-suaugusiems","18":"pa_veisles-dydis-didelems-veislems","19":"pa_veisles-dydis-vidutinems-veislems","21":"first","22":"instock","23":"taxable","24":"shipping-taxable","25":"purchasable","26":"product-type-variable"},"acf":[],"_links":{"self":[{"href":"https:\/\/zooprekes24.lt\/et\/wp-json\/wp\/v2\/product\/23582","targetHints":{"allow":["GET"]}}],"collection":[{"href":"https:\/\/zooprekes24.lt\/et\/wp-json\/wp\/v2\/product"}],"about":[{"href":"https:\/\/zooprekes24.lt\/et\/wp-json\/wp\/v2\/types\/product"}],"replies":[{"embeddable":true,"href":"https:\/\/zooprekes24.lt\/et\/wp-json\/wp\/v2\/comments?post=23582"}],"wp:featuredmedia":[{"embeddable":true,"href":"https:\/\/zooprekes24.lt\/et\/wp-json\/wp\/v2\/media\/45373"}],"wp:attachment":[{"href":"https:\/\/zooprekes24.lt\/et\/wp-json\/wp\/v2\/media?parent=23582"}],"wp:term":[{"taxonomy":"product_brand","embeddable":true,"href":"https:\/\/zooprekes24.lt\/et\/wp-json\/wp\/v2\/product_brand?post=23582"},{"taxonomy":"product_cat","embeddable":true,"href":"https:\/\/zooprekes24.lt\/et\/wp-json\/wp\/v2\/product_cat?post=23582"},{"taxonomy":"product_tag","embeddable":true,"href":"https:\/\/zooprekes24.lt\/et\/wp-json\/wp\/v2\/product_tag?post=23582"}],"curies":[{"name":"wp","href":"https:\/\/api.w.org\/{rel}","templated":true}]}}