{"id":23572,"date":"2024-04-19T13:22:59","date_gmt":"2024-04-19T10:22:59","guid":{"rendered":"https:\/\/zooprekes24.lt\/produktas\/fitmin-mini-senior-sausas-maistas\/"},"modified":"2026-02-05T15:02:22","modified_gmt":"2026-02-05T13:02:22","slug":"fitmin-mini-senior-sausas-maistas-sunims","status":"publish","type":"product","link":"https:\/\/zooprekes24.lt\/et\/produktas\/fitmin-mini-senior-sausas-maistas-sunims\/","title":{"rendered":"Fitmin Mini Senior sausas maistas \u0161unims 2.5 kg"},"content":{"rendered":"<h3>Fitmin Mini Senior on t\u00e4istoit v\u00e4ikestele t\u00f5ugudele (kuni 13 kg) m\u00f5eldud kuivtoit vanematele koertele alates 9. eluaastast. Kergesti seeditav, rikastatud orgaanilise seleeni ja E-vitamiiniga, et aeglustada vananemisprotsessi, v\u00e4hendada liigs\u00f6\u00f6mise riski ja minimeerida koera v\u00f5imalikke seedeprobleeme. Madalam rasvasisaldus hoiab \u00e4ra lemmiklooma rasvumise.<\/h3>\n<ul>\n<li>Spetsiaalne Fitmin toidu koostis, <a href=\"https:\/\/www.youtube.com\/watch?v=1yoQTbErEss\">mis sisaldab koguni 71 loomset p\u00e4ritolu % valku<\/a>, tugevdades koera loomulikku kaitset.<\/li>\n<li><a href=\"https:\/\/zooprekes24.lt\/et\/toode\/dr-clauders-barf-lassi-oli\/\">L\u00f5he\u00f5li<\/a> on suurep\u00e4rane Omega-3-rasvhapete (EPA ja DHA) allikas, mis toidavad ja niisutavad teie koera karvkatte ja nahka. EPA-l on looduslik p\u00f5letikuvastane toime, DHA aga osaleb aju ja v\u00f5rkkesta \u00fclesehituses.<\/li>\n<li>Selles sisalduv vitamiin B12 ja foolhape aitavad s\u00e4ilitada s\u00fcdame tervislikku talitlust ja v\u00e4hendada s\u00fcdame-veresoonkonna haiguste riski.<\/li>\n<li>Kondroitiin ja gl\u00fckoosamiin tugevdavad teie lemmiklooma k\u00f5hre, k\u00f5\u00f5luseid ja sidemeteid.<\/li>\n<li>Madal gl\u00fckeemiline indeks aitab s\u00e4ilitada optimaalset veresuhkru taset ja v\u00e4hendab \u00fclekaalulisuse riski.<\/li>\n<li>Fitmin Mini Senior sisaldab rosmariini ekstrakti, mis stimuleerib maksafunktsiooni ja parandab seedes\u00fcsteemi.<\/li>\n<li>Toit ei sisalda: nisu, soja ega GMOsid.<\/li>\n<\/ul>","protected":false},"excerpt":{"rendered":"<p>Fitmin Mini Senior &#8211; visavertis sausas maistas ma\u017e\u0173 veisli\u0173 (iki 13 kg) vyresnio am\u017eiaus \u0161unims nuo 9 met\u0173. Lengvai vir\u0161kinamas, praturtintas organiniu selenu ir vitaminu E tam, kad sul\u0117tintu sen\u0117jimo procesus, suma\u017eintu apsivalgymo rizik\u0105 bei minimalizuotu galimas \u0161uns vir\u0161kinimo problemas. Sud\u0117tyje esantis ma\u017eesnis riebal\u0173 kiekis apsaugo augintin\u012f nuo nutukimo. Speciali Fitmin maisto formul\u0117, kurioje yra&#8230;<\/p>","protected":false},"featured_media":45381,"comment_status":"closed","ping_status":"closed","template":"","meta":{"_acf_changed":false,"slim_seo":{"title":"Fitmin Mini Senior sausas maistas \u0161unims 2.5 kg - Zooprekes24","description":"Fitmin Mini Senior on t\u00e4istoit v\u00e4ikestele t\u00f5ugudele (kuni 13 kg) m\u00f5eldud kuivtoit vanematele koertele alates 9. eluaastast. Kergesti seeditav, rikastatud orgaanilise seleeniga ja"},"iawp_total_views":73},"product_brand":[],"product_cat":[9044,9002,8999,29,31],"product_tag":[177,427,1664,1665],"class_list":{"0":"post-23572","1":"product","2":"type-product","3":"status-publish","4":"has-post-thumbnail","6":"product_cat-fitmin-nutritional-programme","7":"product_cat-sausas-maistas","8":"product_cat-sunims","9":"product_cat-sunu-maistas","10":"product_cat-sunu-prekiu-gamintojai","11":"product_tag-edalas-sunims","12":"product_tag-fitmin-edalas-sunims","13":"product_tag-fitmin-maistas-seniems-sunims","14":"product_tag-fitmin-senam-suniui","15":"pa_pasaro-sudetis-ryziai","16":"pa_pasaro-sudetis-vistiena","17":"pa_pasaro-sudetis-zuvis","18":"pa_prekiu-zenklai-fitmin-nutritional-programme","19":"pa_suns-amzius-senjorams","20":"pa_veisles-dydis-mazoms-veislems","22":"first","23":"outofstock","24":"taxable","25":"shipping-taxable","26":"purchasable","27":"product-type-simple"},"acf":[],"_links":{"self":[{"href":"https:\/\/zooprekes24.lt\/et\/wp-json\/wp\/v2\/product\/23572","targetHints":{"allow":["GET"]}}],"collection":[{"href":"https:\/\/zooprekes24.lt\/et\/wp-json\/wp\/v2\/product"}],"about":[{"href":"https:\/\/zooprekes24.lt\/et\/wp-json\/wp\/v2\/types\/product"}],"replies":[{"embeddable":true,"href":"https:\/\/zooprekes24.lt\/et\/wp-json\/wp\/v2\/comments?post=23572"}],"wp:featuredmedia":[{"embeddable":true,"href":"https:\/\/zooprekes24.lt\/et\/wp-json\/wp\/v2\/media\/45381"}],"wp:attachment":[{"href":"https:\/\/zooprekes24.lt\/et\/wp-json\/wp\/v2\/media?parent=23572"}],"wp:term":[{"taxonomy":"product_brand","embeddable":true,"href":"https:\/\/zooprekes24.lt\/et\/wp-json\/wp\/v2\/product_brand?post=23572"},{"taxonomy":"product_cat","embeddable":true,"href":"https:\/\/zooprekes24.lt\/et\/wp-json\/wp\/v2\/product_cat?post=23572"},{"taxonomy":"product_tag","embeddable":true,"href":"https:\/\/zooprekes24.lt\/et\/wp-json\/wp\/v2\/product_tag?post=23572"}],"curies":[{"name":"wp","href":"https:\/\/api.w.org\/{rel}","templated":true}]}}