{"id":23568,"date":"2024-04-19T13:22:30","date_gmt":"2024-04-19T10:22:30","guid":{"rendered":"https:\/\/zooprekes24.lt\/produktas\/fitmin-mini-light-sausas-maistas\/"},"modified":"2026-02-05T13:38:46","modified_gmt":"2026-02-05T11:38:46","slug":"fitmin-mini-light-sausas-maistas-sunims","status":"publish","type":"product","link":"https:\/\/zooprekes24.lt\/et\/produktas\/fitmin-mini-light-sausas-maistas-sunims\/","title":{"rendered":"Fitmin Mini Light sausas maistas \u0161unims 2.5 kg"},"content":{"rendered":"<h3>Fitmin Mini Light on t\u00e4istoit aktiivsetele v\u00e4ikest t\u00f5ugu (kuni 13 kg) t\u00e4iskasvanud koertele vanuses 10 kuud kuni 11 aastat. Sobib kaalut\u00f5usule v\u00f5i \u00fclekaalule kalduvatele koertele.<\/h3>\n<ul>\n<li>Spetsiaalne Fitmin toidu koostis, <a href=\"https:\/\/www.youtube.com\/watch?v=1yoQTbErEss\">mis sisaldab 68 loomset p\u00e4ritolu % valku<\/a>, tugevdades koera loomulikku kaitset.<\/li>\n<li><a href=\"https:\/\/zooprekes24.lt\/et\/toode\/dr-clauders-barf-lassi-oli\/\">L\u00f5he\u00f5li<\/a> on suurep\u00e4rane Omega-3-rasvhapete (EPA ja DHA) allikas, mis toidavad ja niisutavad teie koera karvkatte ja nahka. EPA-l on looduslik p\u00f5letikuvastane toime, DHA aga osaleb aju ja v\u00f5rkkesta \u00fclesehituses.<\/li>\n<li>See sisaldab looduslikku antioks\u00fcdantide kompleksi, mis kaitseb rakke vabade radikaalide kahjuliku m\u00f5ju eest, ning hambaravikompleksi, mis kaitseb teie lemmiklooma terveid hambaid.<\/li>\n<li>Fitmin Mini Light'i madala rasvasisaldusega, h\u00e4sti seeditav kana proteiin hoiab teie lemmiklooma lihasmassi k\u00f5hnana ja aitab v\u00f5idelda soovimatu \u00fclekaalu vastu.<\/li>\n<li>Rosmariiniekstrakt stimuleerib maksafunktsiooni ja parandab seedes\u00fcsteemi.<\/li>\n<li>Toit ei sisalda: nisu, soja ega GMOsid.<\/li>\n<\/ul>","protected":false},"excerpt":{"rendered":"<p>Fitmin Mini Light &#8211; visavertis sausas maistas aktyviems ma\u017e\u0173 veisli\u0173 (iki 13 kg) suaugusiems \u0161unims nuo 10 m\u0117nesi\u0173 iki 11 met\u0173 am\u017eiaus. Pritaikytas \u0161unims linkusiems priaugti svorio arba turintiems vir\u0161svorio. Speciali Fitmin maisto formul\u0117, kurioje yra 68 % gyv\u016bnin\u0117s kilm\u0117s baltym\u0173, stiprina nat\u016brali\u0105 \u0161uns organizmo apsaug\u0105. La\u0161i\u0161\u0173 aliejus yra puikus Omega-3 riebal\u0173 r\u016bg\u0161\u010di\u0173 (EPA ir&#8230;<\/p>","protected":false},"featured_media":45392,"comment_status":"closed","ping_status":"closed","template":"","meta":{"_acf_changed":false,"slim_seo":{"title":"Fitmin Mini Light sausas maistas \u0161unims 2.5 kg - Zooprekes24","description":"Fitmin Mini Light on t\u00e4istoit aktiivsetele v\u00e4ikest t\u00f5ugu (kuni 13 kg) t\u00e4iskasvanud koertele vanuses 10 kuud kuni 11 aastat. Kohandatud lutsuga koertele"},"iawp_total_views":110},"product_brand":[],"product_cat":[9044,9002,8999,29,31],"product_tag":[1084,177,1085,427,1091,1094],"class_list":{"0":"post-23568","1":"product","2":"type-product","3":"status-publish","4":"has-post-thumbnail","6":"product_cat-fitmin-nutritional-programme","7":"product_cat-sausas-maistas","8":"product_cat-sunims","9":"product_cat-sunu-maistas","10":"product_cat-sunu-prekiu-gamintojai","11":"product_tag-antsvorio-turinciam-suniui","12":"product_tag-edalas-sunims","13":"product_tag-fitmin-antsvorio-turintiems-sunims","14":"product_tag-fitmin-edalas-sunims","15":"product_tag-maistas-sunims-turintiems-antsvorio","16":"product_tag-sausas-maistas-storam-suniui","17":"pa_pasaro-sudetis-ryziai","18":"pa_pasaro-sudetis-vistiena","19":"pa_pasaro-sudetis-zuvis","20":"pa_prekiu-zenklai-fitmin-nutritional-programme","21":"pa_suns-amzius-suaugusiems","22":"pa_veisles-dydis-mazoms-veislems","24":"first","25":"outofstock","26":"taxable","27":"shipping-taxable","28":"purchasable","29":"product-type-simple"},"acf":[],"_links":{"self":[{"href":"https:\/\/zooprekes24.lt\/et\/wp-json\/wp\/v2\/product\/23568","targetHints":{"allow":["GET"]}}],"collection":[{"href":"https:\/\/zooprekes24.lt\/et\/wp-json\/wp\/v2\/product"}],"about":[{"href":"https:\/\/zooprekes24.lt\/et\/wp-json\/wp\/v2\/types\/product"}],"replies":[{"embeddable":true,"href":"https:\/\/zooprekes24.lt\/et\/wp-json\/wp\/v2\/comments?post=23568"}],"wp:featuredmedia":[{"embeddable":true,"href":"https:\/\/zooprekes24.lt\/et\/wp-json\/wp\/v2\/media\/45392"}],"wp:attachment":[{"href":"https:\/\/zooprekes24.lt\/et\/wp-json\/wp\/v2\/media?parent=23568"}],"wp:term":[{"taxonomy":"product_brand","embeddable":true,"href":"https:\/\/zooprekes24.lt\/et\/wp-json\/wp\/v2\/product_brand?post=23568"},{"taxonomy":"product_cat","embeddable":true,"href":"https:\/\/zooprekes24.lt\/et\/wp-json\/wp\/v2\/product_cat?post=23568"},{"taxonomy":"product_tag","embeddable":true,"href":"https:\/\/zooprekes24.lt\/et\/wp-json\/wp\/v2\/product_tag?post=23568"}],"curies":[{"name":"wp","href":"https:\/\/api.w.org\/{rel}","templated":true}]}}