{"id":23562,"date":"2024-04-19T13:22:30","date_gmt":"2024-04-19T10:22:30","guid":{"rendered":"https:\/\/zooprekes24.lt\/produktas\/fitmin-medium-maintenance-sausas-maistas\/"},"modified":"2026-04-03T16:01:35","modified_gmt":"2026-04-03T14:01:35","slug":"fitmin-keskmise-hooldusega-kuivtoit-2","status":"publish","type":"product","link":"https:\/\/zooprekes24.lt\/et\/produktas\/fitmin-medium-maintenance-sausas-maistas\/","title":{"rendered":"Fitmin Medium Hooldus kuivtoit koertele"},"content":{"rendered":"<h3>Fitmin Medium Maintenance on t\u00e4iss\u00f6\u00f6t keskmise suurusega t\u00f5ugudele (13-35 kg) t\u00e4iskasvanud koertele vanuses 1-9 aastat. Kohandatud energiasisaldus ja prebiootikumid parandavad koera soolestiku funktsiooni ja immuuns\u00fcsteemi. Spetsiaalne koostis toetab lemmiklooma maksafunktsiooni ning karvkatte ja nahka.<\/h3>\n<ul>\n<li>Spetsiaalne Fitmin toidu koostis, <a href=\"https:\/\/www.youtube.com\/watch?v=1yoQTbErEss\">mis sisaldavad kuni 69 % loomset valku<\/a>, tugevdades koera loomulikku kaitset.<\/li>\n<li><a href=\"https:\/\/zooprekes24.lt\/et\/toode\/dr-clauders-barf-lassi-oli\/\">L\u00f5he\u00f5li<\/a> on suurep\u00e4rane Omega-3-rasvhapete (EPA ja DHA) allikas, mis toidavad ja niisutavad teie koera karvkatte ja nahka. EPA-l on looduslik p\u00f5letikuvastane toime, DHA aga osaleb aju ja v\u00f5rkkesta \u00fclesehituses.<\/li>\n<li>See sisaldab looduslikku antioks\u00fcdantide kompleksi, mis kaitseb rakke vabade radikaalide kahjuliku m\u00f5ju eest, ning hambaravikompleksi, mis kaitseb teie lemmiklooma terveid hambaid.<\/li>\n<li>Fitmin Medium Maintenance Medium Energy Food aitab s\u00e4ilitada keskmise suurusega koerte ideaalkaalu ja ennetada soovimatuid \u00fclekaaluprobleeme.<\/li>\n<li>Rosmariiniekstrakt stimuleerib maksafunktsiooni ja parandab seedes\u00fcsteemi.<\/li>\n<li>Toit ei sisalda: nisu, soja ega GMOsid.<\/li>\n<\/ul>","protected":false},"excerpt":{"rendered":"<p>Fitmin Medium Maintenance &#8211; visavertis sausas maistas vidutinio dyd\u017eio veisli\u0173 (nuo 13-35 kg) suaugusiems \u0161unims nuo 1 iki 9 met\u0173 am\u017eiaus. Pritaikytas energijos kiekis ir prebiotikai gerina \u0161uns \u017earnyno veikl\u0105 ir organizmo imunin\u0119 funkcij\u0105. Ypatingos maisto formul\u0117s d\u0117ka palaikoma kepen\u0173 veikla bei puosel\u0117jamas augintinio kailis ir oda. Speciali Fitmin maisto formul\u0117, kurioje yra net 69&#8230;<\/p>","protected":false},"featured_media":45390,"comment_status":"closed","ping_status":"closed","template":"","meta":{"_acf_changed":false,"slim_seo":{"title":"Fitmin Medium Maintenance sausas maistas \u0161unims - Zooprekes24","description":"Fitmin Medium Maintenance on t\u00e4iss\u00f6\u00f6t keskmise suurusega t\u00f5ugudele (13-35 kg) t\u00e4iskasvanud koertele vanuses 1-9 aastat. Kohandatud energia tarbeks"},"iawp_total_views":136},"product_brand":[],"product_cat":[9044,9002,8999,29,31],"product_tag":[177,427],"class_list":{"0":"post-23562","1":"product","2":"type-product","3":"status-publish","4":"has-post-thumbnail","6":"product_cat-fitmin-nutritional-programme","7":"product_cat-sausas-maistas","8":"product_cat-sunims","9":"product_cat-sunu-maistas","10":"product_cat-sunu-prekiu-gamintojai","11":"product_tag-edalas-sunims","12":"product_tag-fitmin-edalas-sunims","13":"pa_pasaro-sudetis-ryziai","14":"pa_pasaro-sudetis-vistiena","15":"pa_pasaro-sudetis-zuvis","16":"pa_prekiu-zenklai-fitmin-nutritional-programme","17":"pa_suns-amzius-suaugusiems","18":"pa_veisles-dydis-vidutinems-veislems","20":"first","21":"instock","22":"taxable","23":"shipping-taxable","24":"purchasable","25":"product-type-variable"},"acf":[],"_links":{"self":[{"href":"https:\/\/zooprekes24.lt\/et\/wp-json\/wp\/v2\/product\/23562","targetHints":{"allow":["GET"]}}],"collection":[{"href":"https:\/\/zooprekes24.lt\/et\/wp-json\/wp\/v2\/product"}],"about":[{"href":"https:\/\/zooprekes24.lt\/et\/wp-json\/wp\/v2\/types\/product"}],"replies":[{"embeddable":true,"href":"https:\/\/zooprekes24.lt\/et\/wp-json\/wp\/v2\/comments?post=23562"}],"wp:featuredmedia":[{"embeddable":true,"href":"https:\/\/zooprekes24.lt\/et\/wp-json\/wp\/v2\/media\/45390"}],"wp:attachment":[{"href":"https:\/\/zooprekes24.lt\/et\/wp-json\/wp\/v2\/media?parent=23562"}],"wp:term":[{"taxonomy":"product_brand","embeddable":true,"href":"https:\/\/zooprekes24.lt\/et\/wp-json\/wp\/v2\/product_brand?post=23562"},{"taxonomy":"product_cat","embeddable":true,"href":"https:\/\/zooprekes24.lt\/et\/wp-json\/wp\/v2\/product_cat?post=23562"},{"taxonomy":"product_tag","embeddable":true,"href":"https:\/\/zooprekes24.lt\/et\/wp-json\/wp\/v2\/product_tag?post=23562"}],"curies":[{"name":"wp","href":"https:\/\/api.w.org\/{rel}","templated":true}]}}