{"id":23552,"date":"2024-04-19T13:22:30","date_gmt":"2024-04-19T10:22:30","guid":{"rendered":"https:\/\/zooprekes24.lt\/produktas\/fitmin-maxi-junior-sausas-maistas\/"},"modified":"2026-02-26T14:55:11","modified_gmt":"2026-02-26T12:55:11","slug":"fitmin-maxi-junior-sausas-maistas-suniukams-12kg","status":"publish","type":"product","link":"https:\/\/zooprekes24.lt\/et\/produktas\/fitmin-maxi-junior-sausas-maistas-suniukams-12kg\/","title":{"rendered":"Fitmin Maxi Junior sausas maistas \u0161uniukams 12 kg"},"content":{"rendered":"<h3>Fitmin Maxi Junior on t\u00e4iss\u00f6\u00f6t suurt t\u00f5ugu kutsikatele (alates 35 kg) vanuses 5 kuud kuni 1,5 aastat. Sobilik energia-, valgu-, kaltsiumi- ja fosforisisaldus aitab kutsikatel arendada terveid ja tugevaid luid. Spetsiaalne toiduvalmistus tugevdab immuunsust ja tagab suurep\u00e4rase seedimise.<\/h3>\n<ul>\n<li>Spetsiaalne Fitmin toidu koostis, <a href=\"https:\/\/www.youtube.com\/watch?v=1yoQTbErEss\" target=\"_blank\" rel=\"noopener\">mis sisaldavad kuni 75 % loomset valku<\/a>tugevdab noore kutsika keha loomulikku kaitset.<\/li>\n<li>Sihip\u00e4rane energia, valk, kaltsium ja fosfor toetavad kutsikate tervete ja tugevate luude kujunemist. Kondroitiin ja gl\u00fckoosamiin tugevdavad kutsika liigeseid juba varases eas.<\/li>\n<li><a href=\"https:\/\/zooprekes24.lt\/et\/toode\/dr-clauders-barf-lassi-oli\/\" target=\"_blank\" rel=\"noopener\">L\u00f5he\u00f5li<\/a> on suurep\u00e4rane oomega-3-rasvhapete (EPA ja DHA) allikas, mis toidavad ja niisutavad teie lemmiklooma karvkatte ja nahka. EPA-l on looduslik p\u00f5letikuvastane toime, DHA aga osaleb aju ja v\u00f5rkkesta \u00fclesehituses.<\/li>\n<li>Rosmariiniekstrakt aitab stimuleerida maksafunktsiooni ja parandada noorte koerte seedes\u00fcsteemi.<\/li>\n<li>Fitmin Maxi Junior'i kohandatud koostis aitab s\u00e4ilitada suurte t\u00f5ugu kutsikate ideaalkaalu.<\/li>\n<li>Toit ei sisalda: nisu, soja ega GMOsid.<\/li>\n<\/ul>","protected":false},"excerpt":{"rendered":"<p>Fitmin Maxi Junior &#8211; visavertis sausas maistas dideli\u0173 veisli\u0173 (nuo 35 kg) \u0161uniukams nuo 5 m\u0117nesi\u0173 iki 1,5 met\u0173 am\u017eiaus. Pritaikytas energijos kiekis, baltymai, kalcis ir fosforas padeda formuotis sveikiems ir stipriems \u0161uniuk\u0173 kaulams. Ypatingos maisto formul\u0117s d\u0117ka stiprinamas imunitetas, u\u017etikrinamas puikus vir\u0161kinimas. Speciali Fitmin maisto formul\u0117, kurioje yra net 75 % gyv\u016bnin\u0117s kilm\u0117s baltym\u0173,&#8230;<\/p>","protected":false},"featured_media":45374,"comment_status":"closed","ping_status":"closed","template":"","meta":{"_acf_changed":false,"slim_seo":{"title":"Fitmin Maxi Junior sausas maistas \u0161uniukams 12 kg - Zooprekes24","description":"Fitmin Maxi Junior on t\u00e4iss\u00f6\u00f6t suurt t\u00f5ugu kutsikatele (alates 35 kg) vanuses 5 kuud kuni 1,5 aastat. Kohandatud energiasisaldus, valk,"},"iawp_total_views":166},"product_brand":[],"product_cat":[9044,9002,8999,29,31],"product_tag":[268,235,271,274],"class_list":{"0":"post-23552","1":"product","2":"type-product","3":"status-publish","4":"has-post-thumbnail","6":"product_cat-fitmin-nutritional-programme","7":"product_cat-sausas-maistas","8":"product_cat-sunims","9":"product_cat-sunu-maistas","10":"product_cat-sunu-prekiu-gamintojai","11":"product_tag-edalas-nesciai-kalei","12":"product_tag-edalas-suniukams","13":"product_tag-edalas-zindaciai-kalei","14":"product_tag-fitmin-edalas-suniukams","15":"pa_pasaro-sudetis-ryziai","16":"pa_pasaro-sudetis-vistiena","17":"pa_pasaro-sudetis-zuvis","18":"pa_prekiu-zenklai-fitmin-nutritional-programme","19":"pa_suns-amzius-jauniems","20":"pa_veisles-dydis-didelems-veislems","22":"first","23":"outofstock","24":"taxable","25":"shipping-taxable","26":"purchasable","27":"product-type-simple"},"acf":[],"_links":{"self":[{"href":"https:\/\/zooprekes24.lt\/et\/wp-json\/wp\/v2\/product\/23552","targetHints":{"allow":["GET"]}}],"collection":[{"href":"https:\/\/zooprekes24.lt\/et\/wp-json\/wp\/v2\/product"}],"about":[{"href":"https:\/\/zooprekes24.lt\/et\/wp-json\/wp\/v2\/types\/product"}],"replies":[{"embeddable":true,"href":"https:\/\/zooprekes24.lt\/et\/wp-json\/wp\/v2\/comments?post=23552"}],"wp:featuredmedia":[{"embeddable":true,"href":"https:\/\/zooprekes24.lt\/et\/wp-json\/wp\/v2\/media\/45374"}],"wp:attachment":[{"href":"https:\/\/zooprekes24.lt\/et\/wp-json\/wp\/v2\/media?parent=23552"}],"wp:term":[{"taxonomy":"product_brand","embeddable":true,"href":"https:\/\/zooprekes24.lt\/et\/wp-json\/wp\/v2\/product_brand?post=23552"},{"taxonomy":"product_cat","embeddable":true,"href":"https:\/\/zooprekes24.lt\/et\/wp-json\/wp\/v2\/product_cat?post=23552"},{"taxonomy":"product_tag","embeddable":true,"href":"https:\/\/zooprekes24.lt\/et\/wp-json\/wp\/v2\/product_tag?post=23552"}],"curies":[{"name":"wp","href":"https:\/\/api.w.org\/{rel}","templated":true}]}}