{"id":23549,"date":"2024-04-19T13:22:30","date_gmt":"2024-04-19T10:22:30","guid":{"rendered":"https:\/\/zooprekes24.lt\/produktas\/fitmin-maxi-puppy-sausas-maistas\/"},"modified":"2026-02-26T15:06:40","modified_gmt":"2026-02-26T13:06:40","slug":"fitmin-maxi-puppy-kuivtoit","status":"publish","type":"product","link":"https:\/\/zooprekes24.lt\/et\/produktas\/fitmin-maxi-puppy-sausas-maistas\/","title":{"rendered":"Fitmin Maxi Puppy kuivtoit kutsikatele"},"content":{"rendered":"<h3>Fitmin Maxi Puppy on t\u00e4iss\u00f6\u00f6t suurt t\u00f5ugu kutsikatele (alates 35 kg) kuni 5 kuu vanuseni. Energiat, valku, kaltsiumi ja fosforit sisaldav kohandatud kombinatsioon aitab kutsikatel arendada terveid ja tugevaid luid. Spetsiaalne koostis tugevdab immuunsust ja tagab suurep\u00e4rase seedimise.<\/h3>\n<ul>\n<li>Spetsiaalne Fitmin toidu koostis, <a href=\"https:\/\/www.youtube.com\/watch?v=1yoQTbErEss\" target=\"_blank\" rel=\"noopener\">mis sisaldavad kuni 79 % loomset valku<\/a>tugevdab noore kutsika keha loomulikku kaitset.<\/li>\n<li>Sihip\u00e4rane energia, valk, kaltsium ja fosfor toetavad kutsikate tervete ja tugevate luude kujunemist. Kondroitiin ja gl\u00fckoosamiin tugevdavad kutsika liigeseid juba varases eas.<\/li>\n<li><a href=\"https:\/\/zooprekes24.lt\/et\/toode\/dr-clauders-barf-lassi-oli\/\" target=\"_blank\" rel=\"noopener\">L\u00f5he\u00f5li<\/a> on suurep\u00e4rane oomega-3-rasvhapete (EPA ja DHA) allikas, mis toidavad ja niisutavad teie lemmiklooma karvkatte ja nahka. EPA-l on looduslik p\u00f5letikuvastane toime, DHA aga osaleb aju ja v\u00f5rkkesta \u00fclesehituses.<\/li>\n<li>\u00dcle 5 kuu vanustele kutsikatele on soovitatav muuta toitu j\u00e4rgmiselt <a href=\"https:\/\/zooprekes24.lt\/et\/toode\/fitmin-maxi-junior-kuivtoit-2\/\" target=\"_blank\" rel=\"noopener\">Fitmin Maxi Junior<\/a> 5 kuu kuni 1,5 aasta pikkustele ametikohtadele.<\/li>\n<li>Rosmariiniekstrakt aitab stimuleerida maksafunktsiooni ja parandada noorte koerte seedes\u00fcsteemi.<\/li>\n<li>Fitmin Maxi Puppy aitab s\u00e4ilitada suurte t\u00f5ugu kutsikate ideaalkaalu juba varakult.<\/li>\n<li>Kuivtoit sobib ka suurte t\u00f5ugude tiinetele ja imetavatele emasloomadele.<\/li>\n<li>Toit ei sisalda: nisu, soja ega GMOsid.<\/li>\n<\/ul>","protected":false},"excerpt":{"rendered":"<p>Fitmin Maxi Puppy &#8211; visavertis sausas maistas dideli\u0173 veisli\u0173 (nuo 35 kg) \u0161uniukams iki 5 m\u0117nesi\u0173 am\u017eiaus. Pritaikytas energijos kiekis, baltymai, kalcis ir fosforas padeda formuotis sveikiems ir stipriems \u0161uniuk\u0173 kaulams. Ypatingos maisto formul\u0117s d\u0117ka stiprinamas imunitetas, u\u017etikrinamas puikus vir\u0161kinimas. Speciali Fitmin maisto formul\u0117, kurioje yra net 79 % gyv\u016bnin\u0117s kilm\u0117s baltym\u0173, stiprina nat\u016brali\u0105 jauno&#8230;<\/p>","protected":false},"featured_media":45389,"comment_status":"closed","ping_status":"closed","template":"","meta":{"_acf_changed":false,"slim_seo":{"title":"Fitmin Maxi Puppy sausas maistas \u0161uniukams - Zooprekes24","description":"Fitmin Maxi Puppy on t\u00e4iss\u00f6\u00f6t suurt t\u00f5ugu kutsikatele (alates 35 kg) kuni 5 kuu vanuseni. Kohandatud energia-, valgu-, kaltsiumi- ja fosforisisaldusega"},"iawp_total_views":120},"product_brand":[],"product_cat":[9044,9002,8999,29,31],"product_tag":[268,235,271,274],"class_list":{"0":"post-23549","1":"product","2":"type-product","3":"status-publish","4":"has-post-thumbnail","6":"product_cat-fitmin-nutritional-programme","7":"product_cat-sausas-maistas","8":"product_cat-sunims","9":"product_cat-sunu-maistas","10":"product_cat-sunu-prekiu-gamintojai","11":"product_tag-edalas-nesciai-kalei","12":"product_tag-edalas-suniukams","13":"product_tag-edalas-zindaciai-kalei","14":"product_tag-fitmin-edalas-suniukams","15":"pa_pasaro-sudetis-ryziai","16":"pa_pasaro-sudetis-vistiena","17":"pa_pasaro-sudetis-zuvis","18":"pa_prekiu-zenklai-fitmin-nutritional-programme","19":"pa_suns-amzius-jauniems","20":"pa_veisles-dydis-didelems-veislems","22":"first","23":"outofstock","24":"taxable","25":"shipping-taxable","26":"purchasable","27":"product-type-variable"},"acf":[],"_links":{"self":[{"href":"https:\/\/zooprekes24.lt\/et\/wp-json\/wp\/v2\/product\/23549","targetHints":{"allow":["GET"]}}],"collection":[{"href":"https:\/\/zooprekes24.lt\/et\/wp-json\/wp\/v2\/product"}],"about":[{"href":"https:\/\/zooprekes24.lt\/et\/wp-json\/wp\/v2\/types\/product"}],"replies":[{"embeddable":true,"href":"https:\/\/zooprekes24.lt\/et\/wp-json\/wp\/v2\/comments?post=23549"}],"wp:featuredmedia":[{"embeddable":true,"href":"https:\/\/zooprekes24.lt\/et\/wp-json\/wp\/v2\/media\/45389"}],"wp:attachment":[{"href":"https:\/\/zooprekes24.lt\/et\/wp-json\/wp\/v2\/media?parent=23549"}],"wp:term":[{"taxonomy":"product_brand","embeddable":true,"href":"https:\/\/zooprekes24.lt\/et\/wp-json\/wp\/v2\/product_brand?post=23549"},{"taxonomy":"product_cat","embeddable":true,"href":"https:\/\/zooprekes24.lt\/et\/wp-json\/wp\/v2\/product_cat?post=23549"},{"taxonomy":"product_tag","embeddable":true,"href":"https:\/\/zooprekes24.lt\/et\/wp-json\/wp\/v2\/product_tag?post=23549"}],"curies":[{"name":"wp","href":"https:\/\/api.w.org\/{rel}","templated":true}]}}