{"id":23543,"date":"2024-04-19T13:22:08","date_gmt":"2024-04-19T10:22:08","guid":{"rendered":"https:\/\/zooprekes24.lt\/produktas\/fitmin-medium-puppy-sausas-maistas\/"},"modified":"2026-02-26T15:37:25","modified_gmt":"2026-02-26T13:37:25","slug":"fitmin-medium-kutsikate-kuivtoit","status":"publish","type":"product","link":"https:\/\/zooprekes24.lt\/et\/produktas\/fitmin-medium-puppy-sausas-maistas\/","title":{"rendered":"Fitmin Medium Puppy kuivtoit kutsikatele"},"content":{"rendered":"<h3>Fitmin Medium Puppy on kuivtoit keskmise suurusega t\u00f5ugudele (13-35 kg) kuni 1-aastastele koertele. Energiat, valku, kaltsiumi ja fosforit sisaldav kohandatud kombinatsioon aitab kutsikatel arendada terveid ja tugevaid luid. Spetsiaalne koostis tugevdab immuunsust ja tagab suurep\u00e4rase seedimise.<\/h3>\n<ul>\n<li>Spetsiaalne Fitmin toidu koostis, <a href=\"https:\/\/www.youtube.com\/watch?v=1yoQTbErEss\" target=\"_blank\" rel=\"noopener\">mis sisaldavad kuni 79 % loomset valku<\/a>tugevdab noore kutsika keha loomulikku kaitset.<\/li>\n<li>Kohandatud energia, valk, kaltsium ja fosfor aitavad moodustada terve ja <a href=\"https:\/\/zooprekes24.lt\/et\/toode\/canvit-chondro-maxi-500g\/\" target=\"_blank\" rel=\"noopener\">kutsikate tugevate luude jaoks<\/a>. Kondroitiin ja gl\u00fckoosamiin tugevdavad teie lapse liigeseid juba varases eas.<\/li>\n<li><a href=\"https:\/\/zooprekes24.lt\/et\/toode\/dr-clauders-barf-lassi-oli\/\" target=\"_blank\" rel=\"noopener\">L\u00f5he\u00f5li<\/a> on suurep\u00e4rane oomega-3-rasvhapete (EPA ja DHA) allikas, mis toidavad ja niisutavad teie lemmiklooma karvkatte ja nahka. EPA-l on looduslik p\u00f5letikuvastane toime, DHA aga osaleb aju ja v\u00f5rkkesta \u00fclesehituses.<\/li>\n<li>Rosmariiniekstrakt aitab stimuleerida maksafunktsiooni ja parandada noorte koerte seedes\u00fcsteemi.<\/li>\n<li>Fitmin Medium Puppy aitab s\u00e4ilitada keskmise suurusega kutsikate ideaalkaalu juba varakult.<\/li>\n<li>Kuivtoit sobib ka keskmise suurusega t\u00f5ugu tiinetele ja imetavatele emasloomadele.<\/li>\n<li>Toit ei sisalda: nisu, soja ega GMOsid.<\/li>\n<\/ul>","protected":false},"excerpt":{"rendered":"<p>Fitmin Medium Puppy &#8211; visavertis sausas maistas vidutinio dyd\u017eio veisli\u0173 (nuo 13-35 kg) \u0161uniukams iki 1 met\u0173 am\u017eiaus. Pritaikytas energijos kiekis, baltymai, kalcis ir fosforas padeda formuotis sveikiems ir stipriems \u0161uniuk\u0173 kaulams. Ypatingos maisto formul\u0117s d\u0117ka stiprinamas imunitetas, u\u017etikrinamas puikus vir\u0161kinimas. Speciali Fitmin maisto formul\u0117, kurioje yra net 79 % gyv\u016bnin\u0117s kilm\u0117s baltym\u0173, stiprina nat\u016brali\u0105&#8230;<\/p>","protected":false},"featured_media":45393,"comment_status":"closed","ping_status":"closed","template":"","meta":{"_acf_changed":false,"slim_seo":{"title":"Fitmin Medium Puppy sausas maistas \u0161uniukams - Zooprekes24","description":"Fitmin Medium Puppy on kuivtoit keskmise suurusega t\u00f5ugudele (13-35 kg) kuni 1-aastastele koertele. Kohandatud energiasisaldus, valk, ca"},"iawp_total_views":97},"product_brand":[],"product_cat":[9044,9002,8999,29,31],"product_tag":[268,235,271,274],"class_list":{"0":"post-23543","1":"product","2":"type-product","3":"status-publish","4":"has-post-thumbnail","6":"product_cat-fitmin-nutritional-programme","7":"product_cat-sausas-maistas","8":"product_cat-sunims","9":"product_cat-sunu-maistas","10":"product_cat-sunu-prekiu-gamintojai","11":"product_tag-edalas-nesciai-kalei","12":"product_tag-edalas-suniukams","13":"product_tag-edalas-zindaciai-kalei","14":"product_tag-fitmin-edalas-suniukams","15":"pa_pasaro-sudetis-ryziai","16":"pa_pasaro-sudetis-vistiena","17":"pa_pasaro-sudetis-zuvis","18":"pa_prekiu-zenklai-fitmin-nutritional-programme","19":"pa_suns-amzius-jauniems","20":"pa_veisles-dydis-vidutinems-veislems","22":"first","23":"outofstock","24":"taxable","25":"shipping-taxable","26":"purchasable","27":"product-type-variable"},"acf":[],"_links":{"self":[{"href":"https:\/\/zooprekes24.lt\/et\/wp-json\/wp\/v2\/product\/23543","targetHints":{"allow":["GET"]}}],"collection":[{"href":"https:\/\/zooprekes24.lt\/et\/wp-json\/wp\/v2\/product"}],"about":[{"href":"https:\/\/zooprekes24.lt\/et\/wp-json\/wp\/v2\/types\/product"}],"replies":[{"embeddable":true,"href":"https:\/\/zooprekes24.lt\/et\/wp-json\/wp\/v2\/comments?post=23543"}],"wp:featuredmedia":[{"embeddable":true,"href":"https:\/\/zooprekes24.lt\/et\/wp-json\/wp\/v2\/media\/45393"}],"wp:attachment":[{"href":"https:\/\/zooprekes24.lt\/et\/wp-json\/wp\/v2\/media?parent=23543"}],"wp:term":[{"taxonomy":"product_brand","embeddable":true,"href":"https:\/\/zooprekes24.lt\/et\/wp-json\/wp\/v2\/product_brand?post=23543"},{"taxonomy":"product_cat","embeddable":true,"href":"https:\/\/zooprekes24.lt\/et\/wp-json\/wp\/v2\/product_cat?post=23543"},{"taxonomy":"product_tag","embeddable":true,"href":"https:\/\/zooprekes24.lt\/et\/wp-json\/wp\/v2\/product_tag?post=23543"}],"curies":[{"name":"wp","href":"https:\/\/api.w.org\/{rel}","templated":true}]}}