{"id":23539,"date":"2024-04-19T13:22:08","date_gmt":"2024-04-19T10:22:08","guid":{"rendered":"https:\/\/zooprekes24.lt\/produktas\/fitmin-purity-large-breed-sausas-maistas\/"},"modified":"2026-04-15T10:17:06","modified_gmt":"2026-04-15T08:17:06","slug":"fitmin-purity-suurte-tougude-kuivtoit","status":"publish","type":"product","link":"https:\/\/zooprekes24.lt\/et\/produktas\/fitmin-purity-large-breed-sausas-maistas\/","title":{"rendered":"Fitmin Purity Large Breed kasside kuivtoit"},"content":{"rendered":"<h3>Fitmin Purity Large Breed on teraviljavaba, terviklik kuivtoit t\u00e4iskasvanud suurtele kassidele, mis sisaldab kuni 88 % loomset valku. <a href=\"https:\/\/www.youtube.com\/watch?v=1yoQTbErEss\" target=\"_blank\" rel=\"noopener\">Toidutootmise tehnoloogia kasutab eranditult v\u00e4rsket, kondita liha<\/a>mis toob esile looduslike koostisosade maitse, s\u00e4ilitades samal ajal oluliste toitainete ja valkude terviklikkuse. See on rikas kombinatsioon v\u00e4rsketest k\u00f6\u00f6giviljadest, mahlastest puuviljadest ja maitsetaimedest, mis on valitud Euroopa s\u00fcdames, T\u0161ehhi Vabariigis asuvatest m\u00e4gedes asuvatest kohalikest taludest.<\/h3>\n<ul>\n<li>Sisaldab <span style=\"color: #808080;\"><strong>v\u00e4rske vi<\/strong><strong>\u0161nitseli liha<\/strong><\/span><strong><span style=\"color: #808080;\"> kondita<\/span><\/strong>k\u00f5rge seeditavate valkude ja k\u00fcllastumata rasvade suhtega, mis toidavad suurt t\u00f5ugu kasside lihaseid ja annavad lemmikloomale optimaalse energiataseme.<\/li>\n<li>Fitmin Purity Large Breed kasutab rosmariini ekstrakti, et pikendada rakkude t\u00e4isv\u00e4\u00e4rtuslikku eluiga,<span style=\"color: #808080;\"><strong> toetab optimaalset maksafunktsiooni ja parandab seedimist<\/strong><\/span>.<\/li>\n<li>K\u00fclmpressimine <a href=\"https:\/\/zooprekes24.lt\/et\/toode\/dr-clauders-barf-lassi-oli\/\" target=\"_blank\" rel=\"noopener\">l\u00f5he\u00f5li<\/a> on suurep\u00e4rane oomega-3 rasvhapete (EPA ja DHA) allikas, mis on <strong><span style=\"color: #808080;\">toidab ja niisutab teie lemmiklooma karvkatte ja nahka<\/span><\/strong>. EPA-l on looduslik p\u00f5letikuvastane toime, samas kui DHA on seotud aju struktuuriga.<\/li>\n<li>Ainulaadne teraviljavaba koostis k\u00f5rge lihasisaldusega, <span style=\"color: #808080;\"><strong>mis on m\u00f5eldud \u00fcksnes suurte t\u00f5ugu kasside igap\u00e4evaste vajaduste rahuldamiseks.<\/strong><\/span>. Ideaalne Maine Coon, American Shorthair, Ragdoll, Savannah, Shoshi, Siberi, Norra metsakass, Ocelot ja teistele suurtele t\u00f5ugudele.<\/li>\n<li>Suurtel kassidel on suur koormus nende lihaskonnale, mist\u00f5ttu Fitmin Purity Large Breed sisaldab rohkelt looduslikke koostisosi ja <strong><span style=\"color: #808080;\">Suurenenud gl\u00fckosamiini ja kondroitiinsulfaadi sisaldus.<\/span><\/strong>mis tugevdab teie lemmiklooma k\u00f5hre, k\u00f5\u00f5luseid ja sidemeteid, aitab kaasa kollageeni moodustumisele ja suurendab mehaanilist vastupidavust.<\/li>\n<\/ul>","protected":false},"excerpt":{"rendered":"<p>Fitmin Purity Large Breed &#8211; begr\u016bdis, holistinis sausas maistas skirtas suaugusioms, dideli\u0173 veisli\u0173 kat\u0117ms, kuriame\u00a0yra net 88 % gyv\u016bnin\u0117s kilm\u0117s baltym\u0173. Maisto gamybos technologijoje naudojama i\u0161kirtinai \u0161vie\u017eia m\u0117sa be kaul\u0173, kuri i\u0161ry\u0161kina nat\u016brali\u0173 ingredient\u0173 skon\u012f ir kartu i\u0161saugo b\u016btin\u0173 maistini\u0173 med\u017eiag\u0173 ir baltym\u0173 vientisum\u0105. Sud\u0117tyje gausu \u0161vie\u017ei\u0173 dar\u017eovi\u0173, sulting\u0173 vaisi\u0173 ir prieskonini\u0173 \u017eoleli\u0173 derini\u0173, atrinkt\u0173&#8230;<\/p>","protected":false},"featured_media":20204,"comment_status":"closed","ping_status":"closed","template":"","meta":{"_acf_changed":false,"slim_seo":{"title":"Fitmin Purity Large Breed sausas maistas kat\u0117ms - Zooprekes24","description":"Fitmin Purity Large Breed on teraviljavaba, terviklik kuivtoit t\u00e4iskasvanud suurtele kassidele, mis sisaldab kuni 88 % loomset valku. Mais"},"iawp_total_views":515},"product_brand":[],"product_cat":[9027,9075,72,83,25,9016],"product_tag":[1671,1817,3605,1979,1675,1682],"class_list":{"0":"post-23539","1":"product","2":"type-product","3":"status-publish","4":"has-post-thumbnail","6":"product_cat-begrudis-maistas-kaciu-maistas","7":"product_cat-fitmin-purity-kaciu-prekiu-gamintojai","8":"product_cat-kaciu-maistas","9":"product_cat-kaciu-prekiu-gamintojai","10":"product_cat-katems","11":"product_cat-sausas-maistas-kaciu-maistas","12":"product_tag-begrudis-kaciu-maistas","13":"product_tag-edalas-katems","14":"product_tag-fitmin-purity-maistas-dideliu-veisliu-katems","15":"product_tag-holistinis-maistas-katems","16":"product_tag-kaciu-edalas","17":"product_tag-kaciu-maistas-super-premium-klases","18":"pa_pasaro-sudetis-darzoves","19":"pa_pasaro-sudetis-kalakutiena","20":"pa_pasaro-sudetis-kiauliena","21":"pa_pasaro-sudetis-vaisiai","22":"pa_pasaro-sudetis-vistiena","23":"pa_prekiu-zenklai-fitmin-purity","24":"pa_veisles-dydis-didelems-veislems","26":"first","27":"instock","28":"sale","29":"featured","30":"taxable","31":"shipping-taxable","32":"purchasable","33":"product-type-variable"},"acf":[],"_links":{"self":[{"href":"https:\/\/zooprekes24.lt\/et\/wp-json\/wp\/v2\/product\/23539","targetHints":{"allow":["GET"]}}],"collection":[{"href":"https:\/\/zooprekes24.lt\/et\/wp-json\/wp\/v2\/product"}],"about":[{"href":"https:\/\/zooprekes24.lt\/et\/wp-json\/wp\/v2\/types\/product"}],"replies":[{"embeddable":true,"href":"https:\/\/zooprekes24.lt\/et\/wp-json\/wp\/v2\/comments?post=23539"}],"wp:featuredmedia":[{"embeddable":true,"href":"https:\/\/zooprekes24.lt\/et\/wp-json\/wp\/v2\/media\/20204"}],"wp:attachment":[{"href":"https:\/\/zooprekes24.lt\/et\/wp-json\/wp\/v2\/media?parent=23539"}],"wp:term":[{"taxonomy":"product_brand","embeddable":true,"href":"https:\/\/zooprekes24.lt\/et\/wp-json\/wp\/v2\/product_brand?post=23539"},{"taxonomy":"product_cat","embeddable":true,"href":"https:\/\/zooprekes24.lt\/et\/wp-json\/wp\/v2\/product_cat?post=23539"},{"taxonomy":"product_tag","embeddable":true,"href":"https:\/\/zooprekes24.lt\/et\/wp-json\/wp\/v2\/product_tag?post=23539"}],"curies":[{"name":"wp","href":"https:\/\/api.w.org\/{rel}","templated":true}]}}