{"id":23534,"date":"2024-04-19T13:22:08","date_gmt":"2024-04-19T10:22:08","guid":{"rendered":"https:\/\/zooprekes24.lt\/produktas\/fitmin-purity-senior-sausas-maistas\/"},"modified":"2026-04-15T10:20:04","modified_gmt":"2026-04-15T08:20:04","slug":"fitmin-purity-senior-kuivtoit","status":"publish","type":"product","link":"https:\/\/zooprekes24.lt\/et\/produktas\/fitmin-purity-senior-sausas-maistas\/","title":{"rendered":"Fitmin Purity Senior kasside kuivtoit"},"content":{"rendered":"<h3>Fitmin Purity Senior on teraviljavaba, terviklik kuivtoit eakatele kassidele, mis sisaldab 71 % loomset valku. <a href=\"https:\/\/www.youtube.com\/watch?v=1yoQTbErEss\" target=\"_blank\" rel=\"noopener\">Toidutootmise tehnoloogia kasutab eranditult v\u00e4rsket, kondita liha<\/a>mis toob esile looduslike koostisosade maitse, s\u00e4ilitades samal ajal oluliste toitainete ja valkude terviklikkuse. See on rikas kombinatsioon v\u00e4rsketest k\u00f6\u00f6giviljadest, mahlastest puuviljadest ja maitsetaimedest, mis on valitud Euroopa s\u00fcdames, T\u0161ehhi Vabariigis asuvatest m\u00e4gedes asuvatest kohalikest taludest.<\/h3>\n<ul>\n<li>K\u00fc\u00fclikuliha on toitev, kergesti seeditav ning erilise aroomi ja maitsega, mist\u00f5ttu see toit on <strong><span style=\"color: #808080;\">mitte ainult n\u00f5udlikele eakatele, vaid ideaalne ka vanematele kassidele, kelle isu on n\u00f5rgenenud.<\/span><\/strong>.<\/li>\n<li>Mustikad\u00a0<span style=\"color: #808080;\"><strong>tugevdab kassi n\u00e4gemist, aeglustab vananemisprotsessi<\/strong><\/span> ja avaldab positiivset m\u00f5ju lemmiklooma veresoonte elastsusele. T\u00e4nu oma antibakteriaalsetele omadustele aitab see ennetada kuseteede ja soolestiku infektsioone.<\/li>\n<li>Fitmin Purity Senior'is sisalduval lutsernil on neerude detoksikatsiooni m\u00f5ju. See stimuleerib rakkude ainevahetust ja <span style=\"color: #808080;\"><strong>aitab s\u00e4ilitada vanemate kasside loomulikku kaitsev\u00f5imet<\/strong><\/span>.<\/li>\n<li>K\u00fclmpressimine <a href=\"https:\/\/zooprekes24.lt\/et\/toode\/dr-clauders-barf-lassi-oli\/\">l\u00f5he\u00f5li<\/a> on suurep\u00e4rane oomega-3 rasvhapete (EPA ja DHA) allikas, mis on <span style=\"color: #808080;\"><strong>toidab ja niisutab teie lemmiklooma karvkatte ja nahka<\/strong><\/span>. EPA-l on looduslik p\u00f5letikuvastane toime, samas kui DHA on seotud aju struktuuriga.<\/li>\n<li>Fitmin Purity Senior sisaldab rohelisi rannakarpe<span style=\"color: #808080;\">\u00a0<strong>toetab k\u00f5hre regenereerimist ja<\/strong><\/span>\u00a0<strong><span style=\"color: #808080;\">aitab hoida liigeseid paindlikena ja l\u00f5dvestunud<\/span><\/strong>. Samuti aitavad nad v\u00e4hendada liigesehaigustest p\u00f5hjustatud valu. Kasside jaoks on rohelised rannakarbid peamine ja k\u00f5ige olulisem tauriini ekstrakti allikas.<\/li>\n<\/ul>","protected":false},"excerpt":{"rendered":"<p>Fitmin Purity Senior &#8211; begr\u016bdis, holistinis sausas maistas vyresnio am\u017eiaus kat\u0117ms, kuriame yra 71 % gyv\u016bnin\u0117s kilm\u0117s baltym\u0173. Maisto gamybos technologijoje naudojama i\u0161kirtinai \u0161vie\u017eia m\u0117sa be kaul\u0173, kuri i\u0161ry\u0161kina nat\u016brali\u0173 ingredient\u0173 skon\u012f ir kartu i\u0161saugo b\u016btin\u0173 maistini\u0173 med\u017eiag\u0173 ir baltym\u0173 vientisum\u0105. Sud\u0117tyje gausu \u0161vie\u017ei\u0173 dar\u017eovi\u0173, sulting\u0173 vaisi\u0173 ir prieskonini\u0173 \u017eoleli\u0173 derini\u0173, atrinkt\u0173 vietin\u0117se fermose tarp&#8230;<\/p>","protected":false},"featured_media":20201,"comment_status":"closed","ping_status":"closed","template":"","meta":{"_acf_changed":false,"slim_seo":{"title":"Fitmin Purity Senior sausas maistas kat\u0117ms - Zooprekes24","description":"Fitmin Purity Senior on teraviljavaba, terviklik kuivtoit eakatele kassidele, mis sisaldab 71 % loomset valku. Toidutootmise tehnoloogia p\u00f5hineb"},"iawp_total_views":611},"product_brand":[],"product_cat":[9027,9075,72,83,25,9016],"product_tag":[1671,1817,1965,3563,1979,1675,1682],"class_list":{"0":"post-23534","1":"product","2":"type-product","3":"status-publish","4":"has-post-thumbnail","6":"product_cat-begrudis-maistas-kaciu-maistas","7":"product_cat-fitmin-purity-kaciu-prekiu-gamintojai","8":"product_cat-kaciu-maistas","9":"product_cat-kaciu-prekiu-gamintojai","10":"product_cat-katems","11":"product_cat-sausas-maistas-kaciu-maistas","12":"product_tag-begrudis-kaciu-maistas","13":"product_tag-edalas-katems","14":"product_tag-fitmin-maistas-sterilizuotoms-katems","15":"product_tag-fitmin-purity-sausas-maistas-senai-katei","16":"product_tag-holistinis-maistas-katems","17":"product_tag-kaciu-edalas","18":"product_tag-kaciu-maistas-super-premium-klases","19":"pa_pasaro-sudetis-darzoves","20":"pa_pasaro-sudetis-eriena","21":"pa_pasaro-sudetis-kiauliena","22":"pa_pasaro-sudetis-triusiena","23":"pa_pasaro-sudetis-uogos","24":"pa_pasaro-sudetis-vaisiai","25":"pa_pasaro-sudetis-vistiena","26":"pa_prekiu-zenklai-fitmin-purity","28":"first","29":"instock","30":"sale","31":"featured","32":"taxable","33":"shipping-taxable","34":"purchasable","35":"product-type-variable"},"acf":[],"_links":{"self":[{"href":"https:\/\/zooprekes24.lt\/et\/wp-json\/wp\/v2\/product\/23534","targetHints":{"allow":["GET"]}}],"collection":[{"href":"https:\/\/zooprekes24.lt\/et\/wp-json\/wp\/v2\/product"}],"about":[{"href":"https:\/\/zooprekes24.lt\/et\/wp-json\/wp\/v2\/types\/product"}],"replies":[{"embeddable":true,"href":"https:\/\/zooprekes24.lt\/et\/wp-json\/wp\/v2\/comments?post=23534"}],"wp:featuredmedia":[{"embeddable":true,"href":"https:\/\/zooprekes24.lt\/et\/wp-json\/wp\/v2\/media\/20201"}],"wp:attachment":[{"href":"https:\/\/zooprekes24.lt\/et\/wp-json\/wp\/v2\/media?parent=23534"}],"wp:term":[{"taxonomy":"product_brand","embeddable":true,"href":"https:\/\/zooprekes24.lt\/et\/wp-json\/wp\/v2\/product_brand?post=23534"},{"taxonomy":"product_cat","embeddable":true,"href":"https:\/\/zooprekes24.lt\/et\/wp-json\/wp\/v2\/product_cat?post=23534"},{"taxonomy":"product_tag","embeddable":true,"href":"https:\/\/zooprekes24.lt\/et\/wp-json\/wp\/v2\/product_tag?post=23534"}],"curies":[{"name":"wp","href":"https:\/\/api.w.org\/{rel}","templated":true}]}}