{"id":23529,"date":"2024-04-19T13:22:08","date_gmt":"2024-04-19T10:22:08","guid":{"rendered":"https:\/\/zooprekes24.lt\/produktas\/fitmin-purity-urinary-sausas-maistas\/"},"modified":"2026-04-15T10:14:41","modified_gmt":"2026-04-15T08:14:41","slug":"fitmin-purity-uriinivaba-kuivtoit","status":"publish","type":"product","link":"https:\/\/zooprekes24.lt\/et\/produktas\/fitmin-purity-urinary-sausas-maistas\/","title":{"rendered":"Fitmin Purity Urinary kasside kuivtoit"},"content":{"rendered":"<h3>Fitmin Purity Urinary on teraviljavaba, terviklik kuivtoit t\u00e4iskasvanud kassidele, mis kaitseb kuseteid. Fitmin Purity ainulaadne koostis sisaldab 75 % loomset valku. <a href=\"https:\/\/www.youtube.com\/watch?v=1yoQTbErEss\" target=\"_blank\" rel=\"noopener\">Toidutootmise tehnoloogia kasutab eranditult v\u00e4rsket, kondita liha<\/a>mis toob esile looduslike koostisosade maitse, s\u00e4ilitades samal ajal oluliste toitainete ja valkude terviklikkuse. See on rikas kombinatsioon v\u00e4rsketest k\u00f6\u00f6giviljadest, mahlastest puuviljadest ja maitsetaimedest, mis on valitud Euroopa s\u00fcdames, T\u0161ehhi Vabariigis asuvatest m\u00e4gedes asuvatest kohalikest taludest.<\/h3>\n<ul>\n<li>Sisaldab toitvaid, kergesti seeditavaid ja madala rasvasisaldusega toiduaineid.<span style=\"color: #808080;\"><strong> v\u00e4rske kondita kalkuniliha<\/strong><\/span>. See on suurep\u00e4rane valguallikas, mis osaleb kassi keha rakkude uuenemises. Liha sisaldab ka rohkesti mineraale (tsinki ja seleeni), mis on kassi immuuns\u00fcsteemi ja reproduktiivse s\u00fcsteemi jaoks kasulikud.<\/li>\n<li>Mustikad nende antibakteriaalsete omaduste t\u00f5ttu <span style=\"color: #808080;\"><strong>ennetab kuseteede ja soolestiku infektsioone.<\/strong><\/span>.<\/li>\n<li>N\u00f5gesed <span style=\"color: #808080;\"><strong>stimuleerib kassi neerude ja p\u00f5ie t\u00f6\u00f6d.<\/strong><\/span>. Need sisaldavad rohkesti r\u00e4nihapet, mis m\u00f5jub positiivselt teie lemmiklooma luudele, hammastele, k\u00f5hreale, sidekudedele, k\u00f5\u00f5lustele ja liigestele.<\/li>\n<li>Fitmin Purity Urinary sisaldab rosmariini ekstrakti - pikendab rakkude t\u00e4isv\u00e4\u00e4rtuslikku eluiga,<span style=\"color: #808080;\"><strong> toetab optimaalset maksafunktsiooni ja parandab seedimist<\/strong><\/span>.<\/li>\n<li>Toidu koostist t\u00e4iendavad karusmarjad (tuntud ka kui Goji marjad), mis sisaldavad C-, B1- ja B2-vitamiine, olulisi aminohappeid ja mikroelemente, mis <strong><span style=\"color: #808080;\">tagab lemmiklooma organismi optimaalse kaitse ja seedetrakti hea toimimise<\/span><\/strong>.<\/li>\n<li>Fitmin Purity Urinary's sisalduval lutsernil on neerusid m\u00fcrgistav toime. See stimuleerib rakkude ainevahetust ja <span style=\"color: #808080;\"><strong>aitab s\u00e4ilitada vanemate steriliseeritud kasside loomulikku kaitsev\u00f5imet<\/strong><\/span>.<\/li>\n<\/ul>","protected":false},"excerpt":{"rendered":"<p>Fitmin Purity Urinary &#8211; begr\u016bdis, holistinis sausas maistas suaugusioms kat\u0117ms, skirtas \u0161lapimo tak\u0173 apsaugai. Unikalioje Fitmin Purity maisto formul\u0117je yra 75 % gyv\u016bnin\u0117s kilm\u0117s baltym\u0173. Maisto gamybos technologijoje naudojama i\u0161kirtinai \u0161vie\u017eia m\u0117sa be kaul\u0173, kuri i\u0161ry\u0161kina nat\u016brali\u0173 ingredient\u0173 skon\u012f ir kartu i\u0161saugo b\u016btin\u0173 maistini\u0173 med\u017eiag\u0173 ir baltym\u0173 vientisum\u0105. Sud\u0117tyje gausu \u0161vie\u017ei\u0173 dar\u017eovi\u0173, sulting\u0173 vaisi\u0173 ir&#8230;<\/p>","protected":false},"featured_media":20198,"comment_status":"closed","ping_status":"closed","template":"","meta":{"_acf_changed":false,"slim_seo":{"title":"Fitmin Purity Urinary sausas maistas kat\u0117ms - Zooprekes24","description":"Fitmin Purity Urinary on teraviljavaba, terviklik kuivtoit t\u00e4iskasvanud kassidele, mis kaitseb kuseteid. Ainulaadne Fitmin Purity koostis sisaldab 75"},"iawp_total_views":1238},"product_brand":[],"product_cat":[9027,9075,72,83,25,9016],"product_tag":[1671,1817,1965,1979,1675,1682,1966],"class_list":{"0":"post-23529","1":"product","2":"type-product","3":"status-publish","4":"has-post-thumbnail","6":"product_cat-begrudis-maistas-kaciu-maistas","7":"product_cat-fitmin-purity-kaciu-prekiu-gamintojai","8":"product_cat-kaciu-maistas","9":"product_cat-kaciu-prekiu-gamintojai","10":"product_cat-katems","11":"product_cat-sausas-maistas-kaciu-maistas","12":"product_tag-begrudis-kaciu-maistas","13":"product_tag-edalas-katems","14":"product_tag-fitmin-maistas-sterilizuotoms-katems","15":"product_tag-holistinis-maistas-katems","16":"product_tag-kaciu-edalas","17":"product_tag-kaciu-maistas-super-premium-klases","18":"product_tag-maistas-kastruotam-katinui","19":"pa_pasaro-sudetis-darzoves","20":"pa_pasaro-sudetis-kalakutiena","21":"pa_pasaro-sudetis-uogos","22":"pa_pasaro-sudetis-vaisiai","23":"pa_pasaro-sudetis-vistiena","24":"pa_pasaro-sudetis-zuvis","25":"pa_prekiu-zenklai-fitmin-purity","27":"first","28":"instock","29":"sale","30":"featured","31":"taxable","32":"shipping-taxable","33":"purchasable","34":"product-type-variable","35":"has-default-attributes"},"acf":[],"_links":{"self":[{"href":"https:\/\/zooprekes24.lt\/et\/wp-json\/wp\/v2\/product\/23529","targetHints":{"allow":["GET"]}}],"collection":[{"href":"https:\/\/zooprekes24.lt\/et\/wp-json\/wp\/v2\/product"}],"about":[{"href":"https:\/\/zooprekes24.lt\/et\/wp-json\/wp\/v2\/types\/product"}],"replies":[{"embeddable":true,"href":"https:\/\/zooprekes24.lt\/et\/wp-json\/wp\/v2\/comments?post=23529"}],"wp:featuredmedia":[{"embeddable":true,"href":"https:\/\/zooprekes24.lt\/et\/wp-json\/wp\/v2\/media\/20198"}],"wp:attachment":[{"href":"https:\/\/zooprekes24.lt\/et\/wp-json\/wp\/v2\/media?parent=23529"}],"wp:term":[{"taxonomy":"product_brand","embeddable":true,"href":"https:\/\/zooprekes24.lt\/et\/wp-json\/wp\/v2\/product_brand?post=23529"},{"taxonomy":"product_cat","embeddable":true,"href":"https:\/\/zooprekes24.lt\/et\/wp-json\/wp\/v2\/product_cat?post=23529"},{"taxonomy":"product_tag","embeddable":true,"href":"https:\/\/zooprekes24.lt\/et\/wp-json\/wp\/v2\/product_tag?post=23529"}],"curies":[{"name":"wp","href":"https:\/\/api.w.org\/{rel}","templated":true}]}}