{"id":23524,"date":"2024-04-19T13:21:39","date_gmt":"2024-04-19T10:21:39","guid":{"rendered":"https:\/\/zooprekes24.lt\/produktas\/fitmin-purity-kitten-sausas-maistas\/"},"modified":"2026-04-15T10:17:30","modified_gmt":"2026-04-15T08:17:30","slug":"fitmin-purity-kassipoegade-kuivtoit","status":"publish","type":"product","link":"https:\/\/zooprekes24.lt\/et\/produktas\/fitmin-purity-kitten-sausas-maistas\/","title":{"rendered":"Fitmin Purity Kitten kuivtoit kassipoegadele"},"content":{"rendered":"<h3>Fitmin Purity Kitten on teraviljavaba, terviklik kuivtoit kassipoegadele, mis sisaldab kuni 86 % loomset valku. <a href=\"https:\/\/www.youtube.com\/watch?v=1yoQTbErEss\" target=\"_blank\" rel=\"noopener\">Toidutootmise tehnoloogia kasutab eranditult v\u00e4rsket, kondita liha<\/a>mis toob esile looduslike koostisosade maitse, s\u00e4ilitades samal ajal oluliste toitainete ja valkude terviklikkuse. See on rikas kombinatsioon v\u00e4rsketest k\u00f6\u00f6giviljadest, mahlastest puuviljadest ja maitsetaimedest, mis on valitud Euroopa s\u00fcdames, T\u0161ehhi Vabariigis asuvatest m\u00e4gedes asuvatest kohalikest taludest.<\/h3>\n<ul>\n<li>Kassipoegade puhul on eriti oluline toit, mis sisaldab kvaliteetseid valke, rasvu, vitamiine ja olulisi toitaineid tervislikuks kasvuks ja optimaalseks arenguks. Fitmin Purity Kitten<span style=\"color: #808080;\"><strong> kasutab v\u00e4rsket kanaliha ja erinevaid kalaliike<\/strong><\/span>mis annavad teie kassipoegadele k\u00f5ik, mida nad vajavad, et kasvada t\u00e4iuslikult ja t\u00e4ielikult \u00fcles.<\/li>\n<li>Koostisosad munandis <strong><span style=\"color: #808080;\">Kummeli\u00f5ied hoolitsevad t\u00e4ielikult kasvava kassipoegade seede- ja kuseteede s\u00fcsteemi eest.<\/span><\/strong>, on p\u00f5letikuvastaste ja desinfitseerivate omadustega ning v\u00f5ib aidata v\u00e4hendada v\u00f5i k\u00f5rvaldada lemmikloomade soovimatuid k\u00f5hupuhitustunnuseid.<\/li>\n<li>Karusmarjad (tuntud ka kui Goji marjad), mis sisaldavad C-, B1- ja B2-vitamiine, olulisi aminohappeid ja mikroelemente, mida <strong><span style=\"color: #808080;\">pakub lemmiklooma arenevale kehale optimaalset kaitset.<\/span><\/strong><\/li>\n<li>Toidus olev ingver on p\u00f5letikuvastaste omadustega, m\u00f5jub positiivselt kassipoegade seedes\u00fcsteemile ja<span style=\"color: #808080;\"><strong> aitab v\u00e4ltida seedeprobleeme<\/strong><\/span>.<\/li>\n<li>Fitmin Purity Kitten sisaldab toidetud yuccat, mis neutraliseerib l\u00f5hna tekitavaid seedegaase ja toksiine ning <strong><span style=\"color: #808080;\">v\u00e4hendab kassipoegade v\u00e4ljaheidete ja uriini l\u00f5hna.<\/span><\/strong><\/li>\n<li>Toiduained <strong><span style=\"color: #808080;\">asjakohane <\/span><\/strong><span style=\"color: #808080;\"><strong>tiined ja imetavad kassid<\/strong><\/span>.<\/li>\n<\/ul>","protected":false},"excerpt":{"rendered":"<p>Fitmin Purity Kitten &#8211; begr\u016bdis, holistinis sausas maistas ka\u010diukams, kuriame yra net 86 % gyv\u016bnin\u0117s kilm\u0117s baltym\u0173. Maisto gamybos technologijoje naudojama i\u0161kirtinai \u0161vie\u017eia m\u0117sa be kaul\u0173, kuri i\u0161ry\u0161kina nat\u016brali\u0173 ingredient\u0173 skon\u012f ir kartu i\u0161saugo b\u016btin\u0173 maistini\u0173 med\u017eiag\u0173 ir baltym\u0173 vientisum\u0105. Sud\u0117tyje gausu \u0161vie\u017ei\u0173 dar\u017eovi\u0173, sulting\u0173 vaisi\u0173 ir prieskonini\u0173 \u017eoleli\u0173 derini\u0173, atrinkt\u0173 vietin\u0117se fermose tarp kaln\u0173,&#8230;<\/p>","protected":false},"featured_media":20195,"comment_status":"closed","ping_status":"closed","template":"","meta":{"_acf_changed":false,"slim_seo":{"title":"Fitmin Purity Kitten sausas maistas ka\u010diukams - Zooprekes24","description":"Fitmin Purity Kitten on teraviljavaba, terviklik kuivtoit kassipoegadele, mis sisaldab kuni 86 % loomset valku. Toit on toodetud kvaliteetset tehnoloogiat kasutades."},"iawp_total_views":746},"product_brand":[],"product_cat":[9027,9075,72,83,25,9016],"product_tag":[3194,1817,1979,1675,1682],"class_list":{"0":"post-23524","1":"product","2":"type-product","3":"status-publish","4":"has-post-thumbnail","6":"product_cat-begrudis-maistas-kaciu-maistas","7":"product_cat-fitmin-purity-kaciu-prekiu-gamintojai","8":"product_cat-kaciu-maistas","9":"product_cat-kaciu-prekiu-gamintojai","10":"product_cat-katems","11":"product_cat-sausas-maistas-kaciu-maistas","12":"product_tag-begrudis-maistas-kaciukams","13":"product_tag-edalas-katems","14":"product_tag-holistinis-maistas-katems","15":"product_tag-kaciu-edalas","16":"product_tag-kaciu-maistas-super-premium-klases","17":"pa_pasaro-sudetis-antiena","18":"pa_pasaro-sudetis-darzoves","19":"pa_pasaro-sudetis-jautiena","20":"pa_pasaro-sudetis-kiauliena","21":"pa_pasaro-sudetis-uogos","22":"pa_pasaro-sudetis-vaisiai","23":"pa_pasaro-sudetis-vistiena","24":"pa_pasaro-sudetis-zuvis","25":"pa_prekiu-zenklai-fitmin-purity","27":"first","28":"instock","29":"featured","30":"taxable","31":"shipping-taxable","32":"purchasable","33":"product-type-variable"},"acf":[],"_links":{"self":[{"href":"https:\/\/zooprekes24.lt\/et\/wp-json\/wp\/v2\/product\/23524","targetHints":{"allow":["GET"]}}],"collection":[{"href":"https:\/\/zooprekes24.lt\/et\/wp-json\/wp\/v2\/product"}],"about":[{"href":"https:\/\/zooprekes24.lt\/et\/wp-json\/wp\/v2\/types\/product"}],"replies":[{"embeddable":true,"href":"https:\/\/zooprekes24.lt\/et\/wp-json\/wp\/v2\/comments?post=23524"}],"wp:featuredmedia":[{"embeddable":true,"href":"https:\/\/zooprekes24.lt\/et\/wp-json\/wp\/v2\/media\/20195"}],"wp:attachment":[{"href":"https:\/\/zooprekes24.lt\/et\/wp-json\/wp\/v2\/media?parent=23524"}],"wp:term":[{"taxonomy":"product_brand","embeddable":true,"href":"https:\/\/zooprekes24.lt\/et\/wp-json\/wp\/v2\/product_brand?post=23524"},{"taxonomy":"product_cat","embeddable":true,"href":"https:\/\/zooprekes24.lt\/et\/wp-json\/wp\/v2\/product_cat?post=23524"},{"taxonomy":"product_tag","embeddable":true,"href":"https:\/\/zooprekes24.lt\/et\/wp-json\/wp\/v2\/product_tag?post=23524"}],"curies":[{"name":"wp","href":"https:\/\/api.w.org\/{rel}","templated":true}]}}