{"id":23519,"date":"2024-04-19T13:21:39","date_gmt":"2024-04-19T10:21:39","guid":{"rendered":"https:\/\/zooprekes24.lt\/produktas\/fitmin-purity-indoor-sausas-maistas\/"},"modified":"2026-04-23T10:31:18","modified_gmt":"2026-04-23T08:31:18","slug":"fitmin-purity-kuivtoit-siseruumides","status":"publish","type":"product","link":"https:\/\/zooprekes24.lt\/et\/produktas\/fitmin-purity-indoor-sausas-maistas\/","title":{"rendered":"Fitmin Purity Indoor kasside kuivtoit"},"content":{"rendered":"<h3>Fitmin Purity Indoor on teraviljavaba, holistiline kuivtoit t\u00e4iskasvanud sisekassidele alates 1-aastastest kassidest. Ainulaadne Fitmin Purity koostis sisaldab 69 % loomset valku. <a href=\"https:\/\/www.youtube.com\/watch?v=1yoQTbErEss\" target=\"_blank\" rel=\"noopener\">Toiduainete tootmise tehnoloogia kasutab erakordselt v\u00e4rsket kala<\/a>mis toob esile looduslike koostisosade maitse, s\u00e4ilitades samal ajal oluliste toitainete ja valkude terviklikkuse. See on rikas kombinatsioon v\u00e4rsketest k\u00f6\u00f6giviljadest, mahlastest puuviljadest ja maitsetaimedest, mis on valitud Euroopa s\u00fcdames, T\u0161ehhi Vabariigis asuvatest m\u00e4gedes asuvatest kohalikest taludest.<\/h3>\n<ul>\n<li><strong><span style=\"color: #808080;\">Toidus kasutatav v\u00e4rske kala<\/span><\/strong>mis sisaldab t\u00e4isvalke, k\u00f5rge biosaadavusega rasvu, A- ja D-vitamiini, B-mineraalained ja joodi, millel on positiivne m\u00f5ju kassi kilpn\u00e4\u00e4rmele.<\/li>\n<li>Kodus elavad kassid on sageli stressis mis tahes muutustest oma keskkonnas - n\u00e4iteks uus pereliige, m\u00f6\u00f6bli \u00fcmberpaigutamine, kolimine jne. K\u00f5ik need tegurid m\u00f5jutavad negatiivselt kasside n\u00e4rvi- ja vereringes\u00fcsteemi. Fitmin Purity Indoor <strong><span style=\"color: #808080;\">Meliss on tuntud oma v\u00f5ime poolest pakkuda kassidele loomulikku ja t\u00f5husat kaitset stressi vastu.<\/span><\/strong>. See stabiliseerib s\u00fcdant, alandab k\u00f5rget verer\u00f5hku ja m\u00f5jub l\u00f5\u00f5gastavalt.<\/li>\n<li>Musts\u00f5strad <span style=\"color: #808080;\"><strong>tugevdab kassi immuuns\u00fcsteemi<\/strong><\/span>aeglustab organismi vananemisprotsessi ja avaldab positiivset m\u00f5ju veresoonte elastsusele.<\/li>\n<li>Fitmin Purity Indoor sisaldab toidetud yuccat, et neutraliseerida ebameeldivalt l\u00f5hnavaid seedegaase ja toksiine ning <strong><span style=\"color: #808080;\">v\u00e4hendab kassi v\u00e4ljaheidete ja uriini l\u00f5hna.<\/span><\/strong><\/li>\n<li>S\u00f6\u00f6giisu koostist t\u00e4iendavad karusmarjad (tuntud ka kui Goji marjad), mis sisaldavad C-, B1- ja B2-vitamiine, olulisi aminohappeid ja mikroelemente, mis <strong><span style=\"color: #808080;\">tagab lemmiklooma organismi optimaalse kaitse ja seedetrakti hea toimimise<\/span><\/strong>.<\/li>\n<\/ul>","protected":false},"excerpt":{"rendered":"<p>Fitmin Purity Indoor &#8211; begr\u016bdis, holistinis sausas maistas skirtas suaugusioms, namuose gyvenan\u010dioms kat\u0117ms nuo 1 met\u0173 am\u017eiaus. Unikalioje Fitmin Purity maisto formul\u0117je yra 69 % gyv\u016bnin\u0117s kilm\u0117s baltym\u0173. Maisto gamybos technologijoje naudojama i\u0161kirtinai \u0161vie\u017eia \u017euvis, kuri i\u0161ry\u0161kina nat\u016brali\u0173 ingredient\u0173 skon\u012f ir kartu i\u0161saugo b\u016btin\u0173 maistini\u0173 med\u017eiag\u0173 ir baltym\u0173 vientisum\u0105. Sud\u0117tyje gausu \u0161vie\u017ei\u0173 dar\u017eovi\u0173, sulting\u0173 vaisi\u0173&#8230;<\/p>","protected":false},"featured_media":20192,"comment_status":"closed","ping_status":"closed","template":"","meta":{"_acf_changed":false,"slim_seo":{"title":"Fitmin Purity Indoor sausas maistas kat\u0117ms - Zooprekes24","description":"Fitmin Purity Indoor on teraviljavaba, holistiline kuivtoit t\u00e4iskasvanud sisekassidele alates 1-aastastest kassidest. Ainulaadne Fitmin Purity toit"},"iawp_total_views":890},"product_brand":[],"product_cat":[9027,9075,72,83,25,9016],"product_tag":[1671,1817,2050,1979,1675,1682],"class_list":{"0":"post-23519","1":"product","2":"type-product","3":"status-publish","4":"has-post-thumbnail","6":"product_cat-begrudis-maistas-kaciu-maistas","7":"product_cat-fitmin-purity-kaciu-prekiu-gamintojai","8":"product_cat-kaciu-maistas","9":"product_cat-kaciu-prekiu-gamintojai","10":"product_cat-katems","11":"product_cat-sausas-maistas-kaciu-maistas","12":"product_tag-begrudis-kaciu-maistas","13":"product_tag-edalas-katems","14":"product_tag-fitmin-purity-maistas-namie-gyvenancioms-katems","15":"product_tag-holistinis-maistas-katems","16":"product_tag-kaciu-edalas","17":"product_tag-kaciu-maistas-super-premium-klases","18":"pa_pasaro-sudetis-darzoves","19":"pa_pasaro-sudetis-lasisa","20":"pa_pasaro-sudetis-uogos","21":"pa_pasaro-sudetis-zuvis","22":"pa_prekiu-zenklai-fitmin-purity","24":"first","25":"instock","26":"sale","27":"featured","28":"taxable","29":"shipping-taxable","30":"purchasable","31":"product-type-variable"},"acf":[],"_links":{"self":[{"href":"https:\/\/zooprekes24.lt\/et\/wp-json\/wp\/v2\/product\/23519","targetHints":{"allow":["GET"]}}],"collection":[{"href":"https:\/\/zooprekes24.lt\/et\/wp-json\/wp\/v2\/product"}],"about":[{"href":"https:\/\/zooprekes24.lt\/et\/wp-json\/wp\/v2\/types\/product"}],"replies":[{"embeddable":true,"href":"https:\/\/zooprekes24.lt\/et\/wp-json\/wp\/v2\/comments?post=23519"}],"wp:featuredmedia":[{"embeddable":true,"href":"https:\/\/zooprekes24.lt\/et\/wp-json\/wp\/v2\/media\/20192"}],"wp:attachment":[{"href":"https:\/\/zooprekes24.lt\/et\/wp-json\/wp\/v2\/media?parent=23519"}],"wp:term":[{"taxonomy":"product_brand","embeddable":true,"href":"https:\/\/zooprekes24.lt\/et\/wp-json\/wp\/v2\/product_brand?post=23519"},{"taxonomy":"product_cat","embeddable":true,"href":"https:\/\/zooprekes24.lt\/et\/wp-json\/wp\/v2\/product_cat?post=23519"},{"taxonomy":"product_tag","embeddable":true,"href":"https:\/\/zooprekes24.lt\/et\/wp-json\/wp\/v2\/product_tag?post=23519"}],"curies":[{"name":"wp","href":"https:\/\/api.w.org\/{rel}","templated":true}]}}