{"id":23514,"date":"2024-04-19T13:21:39","date_gmt":"2024-04-19T10:21:39","guid":{"rendered":"https:\/\/zooprekes24.lt\/produktas\/fitmin-purity-dental-sausas-maistas\/"},"modified":"2026-04-15T10:11:23","modified_gmt":"2026-04-15T08:11:23","slug":"fitmin-purity-dental-kuivtoit","status":"publish","type":"product","link":"https:\/\/zooprekes24.lt\/et\/produktas\/fitmin-purity-dental-sausas-maistas\/","title":{"rendered":"Fitmin Purity Dental kasside kuivtoit"},"content":{"rendered":"<h3>Fitmin Purity Dental on teraviljavaba, terviklik kuivtoit t\u00e4iskasvanud kassidele. See v\u00e4hendab hambakaariese riski ja aitab s\u00e4ilitada optimaalset suu\u00f5\u00f5ne tervist. Fitmin Purity ainulaadne koostis sisaldab kuni 78 % loomset valku. <a href=\"https:\/\/www.youtube.com\/watch?v=1yoQTbErEss\" target=\"_blank\" rel=\"noopener\">Toidutootmise tehnoloogia kasutab eranditult v\u00e4rsket, kondita liha<\/a>mis toob esile looduslike koostisosade maitse, s\u00e4ilitades samal ajal oluliste toitainete ja valkude terviklikkuse. See on rikas kombinatsioon v\u00e4rsketest k\u00f6\u00f6giviljadest, mahlastest puuviljadest ja maitsetaimedest, mis on valitud Euroopa s\u00fcdames, T\u0161ehhi Vabariigis asuvatest m\u00e4gedes asuvatest kohalikest taludest.<\/h3>\n<ul>\n<li>Lambaliha on suurep\u00e4rane B-vitamiinide allikas, mis on organismi ainevahetusreaktsioonide jaoks h\u00e4davajalikud. Fitmin Purity Dental sisaldab lambaliha <span style=\"color: #808080;\"><strong>ei koorma lemmiklooma seedes\u00fcsteemi ja soodustab toitainete imendumist<\/strong><\/span>.<\/li>\n<li>Koostises olev ingver on p\u00f5letikuvastaste omadustega, m\u00f5jub positiivselt seedetraktile ja<span style=\"color: #808080;\"><strong> aitab v\u00e4ltida seedeprobleeme<\/strong><\/span>.<\/li>\n<li>N\u00f5gesed toidus <span style=\"color: #808080;\"><strong>stimuleerib kassi neerude ja p\u00f5ie t\u00f6\u00f6d.<\/strong><\/span>. Need sisaldavad rohkesti r\u00e4nihapet, mis m\u00f5jub positiivselt teie lemmiklooma luudele, hammastele, k\u00f5hreale, sidekudedele, k\u00f5\u00f5lustele ja liigestele.<\/li>\n<li>K\u00fclmpressimine <a href=\"https:\/\/zooprekes24.lt\/et\/toode\/dr-clauders-barf-lassi-oli\/\">l\u00f5he\u00f5li<\/a> on suurep\u00e4rane oomega-3 rasvhapete (EPA ja DHA) allikas, mis on <span style=\"color: #808080;\"><strong>toidab ja niisutab teie lemmiklooma karvkatte ja nahka<\/strong><\/span>. EPA-l on looduslik p\u00f5letikuvastane toime, samas kui DHA on seotud aju struktuuriga.<\/li>\n<li>Unikaalne Fitmin Purity Dental <span style=\"color: #808080;\"><strong>Toidu t\u00fckeldatud kujul on puhastav toime.<\/strong><\/span>mille tulemuseks on v\u00e4hem hambakivi moodustumist.<\/li>\n<\/ul>","protected":false},"excerpt":{"rendered":"<p>Fitmin Purity Dental &#8211; begr\u016bdis, holistinis sausas maistas skirtas suaugusioms kat\u0117ms. Maistas ma\u017eina dant\u0173 \u0117duonies susidarymo rizik\u0105 ir padeda palaikyti optimali\u0105 burnos sveikat\u0105. Unikalioje Fitmin Purity maisto formul\u0117je yra net 78 % gyv\u016bnin\u0117s kilm\u0117s baltym\u0173. Maisto gamybos technologijoje naudojama i\u0161kirtinai \u0161vie\u017eia m\u0117sa be kaul\u0173, kuri i\u0161ry\u0161kina nat\u016brali\u0173 ingredient\u0173 skon\u012f ir kartu i\u0161saugo b\u016btin\u0173 maistini\u0173 med\u017eiag\u0173&#8230;<\/p>","protected":false},"featured_media":20189,"comment_status":"closed","ping_status":"closed","template":"","meta":{"_acf_changed":false,"slim_seo":{"title":"Fitmin Purity Dental sausas maistas kat\u0117ms - Zooprekes24","description":"Fitmin Purity Dental on teraviljavaba, terviklik kuivtoit t\u00e4iskasvanud kassidele. See v\u00e4hendab hambakaariese riski ja aitab s\u00e4ilitada hammaste optimaalset tervist."},"iawp_total_views":613},"product_brand":[],"product_cat":[9027,9075,72,83,25,9016],"product_tag":[1671,1817,1979,1675,1682],"class_list":{"0":"post-23514","1":"product","2":"type-product","3":"status-publish","4":"has-post-thumbnail","6":"product_cat-begrudis-maistas-kaciu-maistas","7":"product_cat-fitmin-purity-kaciu-prekiu-gamintojai","8":"product_cat-kaciu-maistas","9":"product_cat-kaciu-prekiu-gamintojai","10":"product_cat-katems","11":"product_cat-sausas-maistas-kaciu-maistas","12":"product_tag-begrudis-kaciu-maistas","13":"product_tag-edalas-katems","14":"product_tag-holistinis-maistas-katems","15":"product_tag-kaciu-edalas","16":"product_tag-kaciu-maistas-super-premium-klases","17":"pa_pasaro-sudetis-darzoves","18":"pa_pasaro-sudetis-eriena","19":"pa_pasaro-sudetis-kiauliena","20":"pa_pasaro-sudetis-vaisiai","21":"pa_pasaro-sudetis-vistiena","22":"pa_pasaro-sudetis-zuvis","23":"pa_prekiu-zenklai-fitmin-purity","25":"first","26":"instock","27":"sale","28":"featured","29":"taxable","30":"shipping-taxable","31":"purchasable","32":"product-type-variable"},"acf":[],"_links":{"self":[{"href":"https:\/\/zooprekes24.lt\/et\/wp-json\/wp\/v2\/product\/23514","targetHints":{"allow":["GET"]}}],"collection":[{"href":"https:\/\/zooprekes24.lt\/et\/wp-json\/wp\/v2\/product"}],"about":[{"href":"https:\/\/zooprekes24.lt\/et\/wp-json\/wp\/v2\/types\/product"}],"replies":[{"embeddable":true,"href":"https:\/\/zooprekes24.lt\/et\/wp-json\/wp\/v2\/comments?post=23514"}],"wp:featuredmedia":[{"embeddable":true,"href":"https:\/\/zooprekes24.lt\/et\/wp-json\/wp\/v2\/media\/20189"}],"wp:attachment":[{"href":"https:\/\/zooprekes24.lt\/et\/wp-json\/wp\/v2\/media?parent=23514"}],"wp:term":[{"taxonomy":"product_brand","embeddable":true,"href":"https:\/\/zooprekes24.lt\/et\/wp-json\/wp\/v2\/product_brand?post=23514"},{"taxonomy":"product_cat","embeddable":true,"href":"https:\/\/zooprekes24.lt\/et\/wp-json\/wp\/v2\/product_cat?post=23514"},{"taxonomy":"product_tag","embeddable":true,"href":"https:\/\/zooprekes24.lt\/et\/wp-json\/wp\/v2\/product_tag?post=23514"}],"curies":[{"name":"wp","href":"https:\/\/api.w.org\/{rel}","templated":true}]}}