{"id":23509,"date":"2024-04-19T13:21:39","date_gmt":"2024-04-19T10:21:39","guid":{"rendered":"https:\/\/zooprekes24.lt\/produktas\/fitmin-purity-hairball-sausas-maistas\/"},"modified":"2026-04-15T10:18:05","modified_gmt":"2026-04-15T08:18:05","slug":"fitmin-purity-karvapallide-kuivtoit","status":"publish","type":"product","link":"https:\/\/zooprekes24.lt\/et\/produktas\/fitmin-purity-hairball-sausas-maistas\/","title":{"rendered":"Fitmin Purity karvapallide kuivtoit kassidele"},"content":{"rendered":"<h3>Fitmin Purity Hairball on teraviljavaba, terviklik kuivtoit t\u00e4iskasvanud kassidele, kellel on seedetrakti karvaklompidest tingitud seedeprobleemid. Fitmin Purity ainulaadne koostis sisaldab koguni 76% loomset valku. <a href=\"https:\/\/www.youtube.com\/watch?v=1yoQTbErEss\" target=\"_blank\" rel=\"noopener\">Toidutootmise tehnoloogia kasutab eranditult v\u00e4rsket, kondita liha<\/a>mis toob esile looduslike koostisosade maitse, s\u00e4ilitades samal ajal oluliste toitainete ja valkude terviklikkuse. See on rikas kombinatsioon v\u00e4rsketest k\u00f6\u00f6giviljadest, mahlastest puuviljadest ja maitsetaimedest, mis on valitud Euroopa s\u00fcdames, T\u0161ehhi Vabariigis asuvatest m\u00e4gedes asuvatest kohalikest taludest.<\/h3>\n<ul>\n<li>Toiduainetes<span style=\"color: #808080;\"> <strong>kasutatakse v\u00e4rsket kondita veiseliha<\/strong><\/span>, \u00fcks parimaid ja bioloogiliselt k\u00f5ige v\u00e4\u00e4rtuslikumaid lihasorte, mis on kasside tervise jaoks rikkalik asendamatute aminohapete, raua ja B2-vitamiini poolest.<\/li>\n<li>Spetsiaalne valem Fitmin Purity karvapallide jaoks <strong><span style=\"color: #808080;\">t\u00e4iskasvanud kassidele, kes kannatavad karvapallide moodustumise all maos<\/span><\/strong>. Karvad eemaldatakse regulaarselt v\u00e4ljaheitega, selle asemel et koguneda maos ja seej\u00e4rel v\u00e4lja heita.<\/li>\n<li>N\u00f5gesed toidus <span style=\"color: #808080;\"><strong>stimuleerib kassi neerude ja p\u00f5ie t\u00f6\u00f6d.<\/strong><\/span>. Need sisaldavad rohkesti r\u00e4nihapet, mis m\u00f5jub positiivselt teie lemmiklooma luudele, hammastele, k\u00f5hreale, sidekudedele, k\u00f5\u00f5lustele ja liigestele.<\/li>\n<li>V\u00f5ilille lehed toidus parandavad kassi s\u00f6\u00f6giisu, <strong><span style=\"color: #808080;\">stimuleerib maohapete tootmist ja avaldab positiivset m\u00f5ju neerufunktsioonile.<\/span><\/strong>. V\u00f5ilille lehed leevendavad kuseteede p\u00f5letikku ja neerukive ning suurendavad sapip\u00f5letiku tootmist ja eritumist mao\u00e4rrituse korral, mida v\u00f5ivad p\u00f5hjustada karvapallid maos.<\/li>\n<li>Fitmin Purity Hairball'i tasakaalustatud kiudude kombinatsioon <strong><span style=\"color: #808080;\">toetab kassi soolestiku n\u00f5uetekohast toimimist<\/span><\/strong>aitab h\u00f5lpsasti eemaldada alla neelatud karvu ja takistab karvapallide teket.<\/li>\n<li>Spetsiaalselt kohandatud energiasisaldus <span style=\"color: #808080;\"><strong>rahuldab k\u00f5ik kasside vajadused ilma k\u00f5htu koormamata<\/strong><\/span>.<\/li>\n<\/ul>","protected":false},"excerpt":{"rendered":"<p>Fitmin Purity Hairball &#8211; begr\u016bdis, holistinis sausas maistas skirtas suaugusioms kat\u0117ms, turin\u010dioms vir\u0161kinimo problem\u0173, kurias sukelia susiformav\u0119 plauk\u0173 gumuliukai vir\u0161kinimo trakte.\u00a0Unikalioje Fitmin Purity maisto formul\u0117je yra net 76% gyv\u016bnin\u0117s kilm\u0117s baltym\u0173. Maisto gamybos technologijoje naudojama i\u0161kirtinai \u0161vie\u017eia m\u0117sa be kaul\u0173, kuri i\u0161ry\u0161kina nat\u016brali\u0173 ingredient\u0173 skon\u012f ir kartu i\u0161saugo b\u016btin\u0173 maistini\u0173 med\u017eiag\u0173 ir baltym\u0173 vientisum\u0105. Sud\u0117tyje&#8230;<\/p>","protected":false},"featured_media":20186,"comment_status":"closed","ping_status":"closed","template":"","meta":{"_acf_changed":false,"slim_seo":{"title":"Fitmin Purity Hairball sausas maistas kat\u0117ms - Zooprekes24","description":"Fitmin Purity Hairball - begr\u016bdis, holistinis sausas maistas skirtas suaugusioms kat\u0117ms, turin\u010dioms vir\u0161kinimo problem\u0173, kurias sukelia susiformav\u0119 plauk\u0173 gumul"},"iawp_total_views":786},"product_brand":[],"product_cat":[9027,9075,72,83,25,9016],"product_tag":[1671,1817,3289,1979,1675,1682],"class_list":{"0":"post-23509","1":"product","2":"type-product","3":"status-publish","4":"has-post-thumbnail","6":"product_cat-begrudis-maistas-kaciu-maistas","7":"product_cat-fitmin-purity-kaciu-prekiu-gamintojai","8":"product_cat-kaciu-maistas","9":"product_cat-kaciu-prekiu-gamintojai","10":"product_cat-katems","11":"product_cat-sausas-maistas-kaciu-maistas","12":"product_tag-begrudis-kaciu-maistas","13":"product_tag-edalas-katems","14":"product_tag-fitmin-purity-nuo-plauku-gumuliuku","15":"product_tag-holistinis-maistas-katems","16":"product_tag-kaciu-edalas","17":"product_tag-kaciu-maistas-super-premium-klases","18":"pa_pasaro-sudetis-darzoves","19":"pa_pasaro-sudetis-jautiena","20":"pa_pasaro-sudetis-kiauliena","21":"pa_pasaro-sudetis-vaisiai","22":"pa_pasaro-sudetis-vistiena","23":"pa_prekiu-zenklai-fitmin-purity","25":"first","26":"instock","27":"featured","28":"taxable","29":"shipping-taxable","30":"purchasable","31":"product-type-variable"},"acf":[],"_links":{"self":[{"href":"https:\/\/zooprekes24.lt\/et\/wp-json\/wp\/v2\/product\/23509","targetHints":{"allow":["GET"]}}],"collection":[{"href":"https:\/\/zooprekes24.lt\/et\/wp-json\/wp\/v2\/product"}],"about":[{"href":"https:\/\/zooprekes24.lt\/et\/wp-json\/wp\/v2\/types\/product"}],"replies":[{"embeddable":true,"href":"https:\/\/zooprekes24.lt\/et\/wp-json\/wp\/v2\/comments?post=23509"}],"wp:featuredmedia":[{"embeddable":true,"href":"https:\/\/zooprekes24.lt\/et\/wp-json\/wp\/v2\/media\/20186"}],"wp:attachment":[{"href":"https:\/\/zooprekes24.lt\/et\/wp-json\/wp\/v2\/media?parent=23509"}],"wp:term":[{"taxonomy":"product_brand","embeddable":true,"href":"https:\/\/zooprekes24.lt\/et\/wp-json\/wp\/v2\/product_brand?post=23509"},{"taxonomy":"product_cat","embeddable":true,"href":"https:\/\/zooprekes24.lt\/et\/wp-json\/wp\/v2\/product_cat?post=23509"},{"taxonomy":"product_tag","embeddable":true,"href":"https:\/\/zooprekes24.lt\/et\/wp-json\/wp\/v2\/product_tag?post=23509"}],"curies":[{"name":"wp","href":"https:\/\/api.w.org\/{rel}","templated":true}]}}