{"id":23504,"date":"2024-04-19T13:21:39","date_gmt":"2024-04-19T10:21:39","guid":{"rendered":"https:\/\/zooprekes24.lt\/produktas\/fitmin-purity-delicious-sausas-maistas\/"},"modified":"2026-04-15T10:16:27","modified_gmt":"2026-04-15T08:16:27","slug":"fitmin-purity-maitsev-kuivtoit","status":"publish","type":"product","link":"https:\/\/zooprekes24.lt\/et\/produktas\/fitmin-purity-delicious-sausas-maistas\/","title":{"rendered":"Fitmin Purity Delicious kasside kuivtoit"},"content":{"rendered":"<h3>Fitmin Purity Delicious on teraviljavaba, holistiline kuivtoit t\u00e4iskasvanud kassidele, mis sisaldab 71% loomset valku. Maitsev koostis ulukilihaga on ideaalne toidueelistustega kassidele. Ainulaadne Fitmin Purity <a href=\"https:\/\/www.youtube.com\/watch?v=1yoQTbErEss\" target=\"_blank\" rel=\"noopener\">toidu valmistamise tehnoloogia kasutab ainult v\u00e4rsket, kondita liha.<\/a>mis toob esile looduslike koostisosade maitse, s\u00e4ilitades samal ajal oluliste toitainete ja valkude terviklikkuse. See on rikas kombinatsioon v\u00e4rsketest k\u00f6\u00f6giviljadest, mahlastest puuviljadest ja maitsetaimedest, mis on valitud Euroopa s\u00fcdames, T\u0161ehhi Vabariigis asuvatest m\u00e4gedes asuvatest kohalikest taludest.<\/h3>\n<ul>\n<li>Sisaldab toitvaid, kergesti seeditavaid ja madala rasvasisaldusega toiduaineid.<span style=\"color: #808080;\"><strong> v\u00e4rske kondita ulukiliha<\/strong><\/span>. Liha on rikas mineraalainete (naatrium, kaalium, raud, fosfor) ja B-vitamiinide poolest, mis on kassi tervisele kasulikud.<\/li>\n<li>Fitmin Purity Delicious toit sisaldab <strong><span style=\"color: #808080;\">Kummeli\u00f5ied pakuvad igak\u00fclgset hooldust kassi seede- ja kuseteede s\u00fcsteemile.<\/span><\/strong>, on p\u00f5letikuvastaste ja desinfitseerivate omadustega ning v\u00f5ib aidata v\u00e4hendada v\u00f5i k\u00f5rvaldada lemmikloomade soovimatuid k\u00f5hupuhitustunnuseid.<\/li>\n<li>Mustikad\u00a0<strong><span style=\"color: #808080;\">tugevdab kassi n\u00e4gemist, aeglustab vananemisprotsessi<\/span><\/strong> ja avaldab positiivset m\u00f5ju lemmiklooma veresoonte elastsusele.<\/li>\n<li>Fitmin Purity Delicious sisaldab rosmariini ekstrakti - pikendab rakkude t\u00e4isv\u00e4\u00e4rtuslikku eluiga,<span style=\"color: #808080;\"><strong> toetab optimaalset maksafunktsiooni ja parandab seedimist<\/strong><\/span>.<\/li>\n<li>Toidu korrigeeritud kalorsus <strong><span style=\"color: #808080;\">aitab s\u00e4ilitada t\u00e4iskasvanud kasside ideaalset kehakaalu<\/span><\/strong>ja maitsvad maitsekombinatsioonid meeldivad ka k\u00f5ige n\u00f5udlikumatele ja tundlikumatele kassidele.<\/li>\n<\/ul>","protected":false},"excerpt":{"rendered":"<p>Fitmin Purity Delicious &#8211; begr\u016bdis, holistinis sausas maistas skirtas suaugusioms kat\u0117ms, kuriame yra 71% gyv\u016bnin\u0117s kilm\u0117s baltym\u0173. Gardi maisto formul\u0117 su elniena puikiai tiks i\u0161rankioms maistui kat\u0117ms. Unikalioje Fitmin Purity maisto gamybos technologijoje naudojama i\u0161kirtinai \u0161vie\u017eia m\u0117sa be kaul\u0173, kuri i\u0161ry\u0161kina nat\u016brali\u0173 ingredient\u0173 skon\u012f ir kartu i\u0161saugo b\u016btin\u0173 maistini\u0173 med\u017eiag\u0173 ir baltym\u0173 vientisum\u0105. Sud\u0117tyje gausu&#8230;<\/p>","protected":false},"featured_media":20183,"comment_status":"closed","ping_status":"closed","template":"","meta":{"_acf_changed":false,"slim_seo":{"title":"Fitmin Purity Delicious sausas maistas kat\u0117ms - Zooprekes24","description":"Fitmin Purity Delicious on teraviljavaba, holistiline kuivtoit t\u00e4iskasvanud kassidele, mis sisaldab 71% loomset valku. Delicious toidu koostis koos hirvega"},"iawp_total_views":1276},"product_brand":[],"product_cat":[9027,9075,72,83,25,9016],"product_tag":[1671,1817,3096,1979,1675,1682,1966],"class_list":{"0":"post-23504","1":"product","2":"type-product","3":"status-publish","4":"has-post-thumbnail","6":"product_cat-begrudis-maistas-kaciu-maistas","7":"product_cat-fitmin-purity-kaciu-prekiu-gamintojai","8":"product_cat-kaciu-maistas","9":"product_cat-kaciu-prekiu-gamintojai","10":"product_cat-katems","11":"product_cat-sausas-maistas-kaciu-maistas","12":"product_tag-begrudis-kaciu-maistas","13":"product_tag-edalas-katems","14":"product_tag-fitmin-purity-isrankiai-katei","15":"product_tag-holistinis-maistas-katems","16":"product_tag-kaciu-edalas","17":"product_tag-kaciu-maistas-super-premium-klases","18":"product_tag-maistas-kastruotam-katinui","19":"pa_pasaro-sudetis-antiena","20":"pa_pasaro-sudetis-darzoves","21":"pa_pasaro-sudetis-jautiena","22":"pa_pasaro-sudetis-kiauliena","23":"pa_pasaro-sudetis-stirniena-elniena","24":"pa_pasaro-sudetis-uogos","25":"pa_pasaro-sudetis-vaisiai","26":"pa_prekiu-zenklai-fitmin-purity","28":"first","29":"instock","30":"sale","31":"featured","32":"taxable","33":"shipping-taxable","34":"purchasable","35":"product-type-variable"},"acf":[],"_links":{"self":[{"href":"https:\/\/zooprekes24.lt\/et\/wp-json\/wp\/v2\/product\/23504","targetHints":{"allow":["GET"]}}],"collection":[{"href":"https:\/\/zooprekes24.lt\/et\/wp-json\/wp\/v2\/product"}],"about":[{"href":"https:\/\/zooprekes24.lt\/et\/wp-json\/wp\/v2\/types\/product"}],"replies":[{"embeddable":true,"href":"https:\/\/zooprekes24.lt\/et\/wp-json\/wp\/v2\/comments?post=23504"}],"wp:featuredmedia":[{"embeddable":true,"href":"https:\/\/zooprekes24.lt\/et\/wp-json\/wp\/v2\/media\/20183"}],"wp:attachment":[{"href":"https:\/\/zooprekes24.lt\/et\/wp-json\/wp\/v2\/media?parent=23504"}],"wp:term":[{"taxonomy":"product_brand","embeddable":true,"href":"https:\/\/zooprekes24.lt\/et\/wp-json\/wp\/v2\/product_brand?post=23504"},{"taxonomy":"product_cat","embeddable":true,"href":"https:\/\/zooprekes24.lt\/et\/wp-json\/wp\/v2\/product_cat?post=23504"},{"taxonomy":"product_tag","embeddable":true,"href":"https:\/\/zooprekes24.lt\/et\/wp-json\/wp\/v2\/product_tag?post=23504"}],"curies":[{"name":"wp","href":"https:\/\/api.w.org\/{rel}","templated":true}]}}