{"id":23500,"date":"2024-04-19T13:21:28","date_gmt":"2024-04-19T10:21:28","guid":{"rendered":"https:\/\/zooprekes24.lt\/produktas\/fitmin-purity-castrate-sausas-maistas\/"},"modified":"2026-04-15T10:14:53","modified_gmt":"2026-04-15T08:14:53","slug":"fitmin-purity-kastraat-kuivtoit","status":"publish","type":"product","link":"https:\/\/zooprekes24.lt\/et\/produktas\/fitmin-purity-castrate-sausas-maistas\/","title":{"rendered":"Fitmin Purity Castrate kasside kuivtoit"},"content":{"rendered":"<h3>Fitmin Purity Castrate on teraviljavaba, terviklik kuivtoit t\u00e4iskasvanud, steriliseeritud\/kastreeritud kassidele, mis sisaldab kuni 80% loomset valku. Spetsiaalne koostis aitab kontrollida kassi kehakaalu ja reguleerida uriinihappesust. Ainulaadne Fitmin Purity <a href=\"https:\/\/www.youtube.com\/watch?v=1yoQTbErEss\" target=\"_blank\" rel=\"noopener\">toidu valmistamise tehnoloogia kasutab ainult v\u00e4rsket, kondita liha.<\/a>mis toob esile looduslike koostisosade maitse, s\u00e4ilitades samal ajal oluliste toitainete ja valkude terviklikkuse. See on rikas kombinatsioon v\u00e4rsketest k\u00f6\u00f6giviljadest, mahlastest puuviljadest ja maitsetaimedest, mis on valitud Euroopa s\u00fcdames, T\u0161ehhi Vabariigis asuvatest m\u00e4gedes asuvatest kohalikest taludest.<\/h3>\n<ul>\n<li>Sisaldab <span style=\"color: #808080;\"><strong>v\u00e4rske vi<\/strong><strong>\u0161nitseli liha<\/strong><\/span><strong><span style=\"color: #808080;\"> kondita<\/span><\/strong>, on kergesti seeditav dieediliha, mis toetab seedeelundkonna tervist ning parandab kastreeritud kasside naha ja karvkatte seisundit.<\/li>\n<li>Fitmin Purity Castrate sisaldab v\u00f5ilille lehti, et parandada teie kassi s\u00f6\u00f6giisu, <strong><span style=\"color: #808080;\">stimuleerib maohapete tootmist ning avaldab positiivset m\u00f5ju maksa- ja neerufunktsioonile.<\/span><\/strong>. V\u00f5ilille lehed leevendavad kuseteede p\u00f5letikku ja neerukive ning suurendavad maoh\u00e4irete korral sapitootmist ja -eritust.<\/li>\n<li>Musts\u00f5strad <span style=\"color: #808080;\"><strong>tugevdab kassi immuuns\u00fcsteemi<\/strong><\/span>aeglustab organismi vananemisprotsessi ja avaldab positiivset m\u00f5ju veresoonte elastsusele.<\/li>\n<li>Kastreeritud kassid kipuvad s\u00f6\u00f6ma rohkem, samas vajavad nad 25-30 % v\u00e4hem energiat. Selle tulemuseks v\u00f5ib olla \u00fcle 50 % kehakaalu suurenemine 2-3 kuu jooksul. Fitmin Purity kastraattoit <strong><span style=\"color: #808080;\">L-karnitiin soodustab kergemat rasvap\u00f5letust<\/span><\/strong>, ennetab rasvumisprobleeme ja hoiab teie lemmiklooma s\u00fcdamelihase t\u00f6\u00f6s.<\/li>\n<li>Lutsern toetab kassi seedetrakti ja m\u00f5jub neerudele detoksikatsioonina. See stimuleerib rakkude ainevahetust ja <span style=\"color: #808080;\"><strong>aitab s\u00e4ilitada vanemate steriliseeritud kasside loomulikku kaitsev\u00f5imet<\/strong><\/span>.<\/li>\n<li><a href=\"https:\/\/zooprekes24.lt\/et\/?s=sterilizuotoms&amp;post_type=product&amp;product_cat=0\" target=\"_blank\" rel=\"noopener noreferrer\">P\u00e4rast steriliseerimist<\/a> kasside energiavajadus v\u00e4heneb Fitmin Purity Castrate toitu kasutades <span style=\"color: #808080;\"><strong>madalam rasvasisaldus<\/strong><\/span> aitab v\u00e4hendada teie lemmiklooma \u00fclekaalulisuse riski.<\/li>\n<li>k\u00f5rge valgusisaldus ja k\u00f5rge bioloogiline v\u00e4\u00e4rtus (80%) <span style=\"color: #808080;\"><strong>Aitab ehitada lihaseid ja s\u00e4ilitada lihasmassi<\/strong><\/span>.<\/li>\n<\/ul>","protected":false},"excerpt":{"rendered":"<p>Fitmin Purity Castrate &#8211; begr\u016bdis, holistinis sausas maistas skirtas suaugusioms, sterilizuotoms kat\u0117ms, kuriame yra net 80% gyv\u016bnin\u0117s kilm\u0117s baltym\u0173. Speciali pa\u0161aro sud\u0117tis padeda kontroliuoti kat\u0117s svor\u012f bei reguliuoti \u0161lapimo r\u016bg\u0161tingum\u0105. Unikalioje Fitmin Purity maisto gamybos technologijoje naudojama i\u0161kirtinai \u0161vie\u017eia m\u0117sa be kaul\u0173, kuri i\u0161ry\u0161kina nat\u016brali\u0173 ingredient\u0173 skon\u012f ir kartu i\u0161saugo b\u016btin\u0173 maistini\u0173 med\u017eiag\u0173 ir baltym\u0173&#8230;<\/p>","protected":false},"featured_media":20181,"comment_status":"closed","ping_status":"closed","template":"","meta":{"_acf_changed":false,"slim_seo":{"title":"Fitmin Purity Castrate sausas maistas kat\u0117ms - Zooprekes24","description":"Fitmin Purity Castrate on teraviljavaba, terviklik kuivtoit t\u00e4iskasvanud, steriliseeritud\/kastreeritud kassidele, mis sisaldab kuni 80% loomset valku. Spetsiaalne"},"iawp_total_views":1743},"product_brand":[],"product_cat":[9027,9075,72,83,25,9016],"product_tag":[1671,1817,1965,1979,1675,1682,1966],"class_list":{"0":"post-23500","1":"product","2":"type-product","3":"status-publish","4":"has-post-thumbnail","6":"product_cat-begrudis-maistas-kaciu-maistas","7":"product_cat-fitmin-purity-kaciu-prekiu-gamintojai","8":"product_cat-kaciu-maistas","9":"product_cat-kaciu-prekiu-gamintojai","10":"product_cat-katems","11":"product_cat-sausas-maistas-kaciu-maistas","12":"product_tag-begrudis-kaciu-maistas","13":"product_tag-edalas-katems","14":"product_tag-fitmin-maistas-sterilizuotoms-katems","15":"product_tag-holistinis-maistas-katems","16":"product_tag-kaciu-edalas","17":"product_tag-kaciu-maistas-super-premium-klases","18":"product_tag-maistas-kastruotam-katinui","19":"pa_pasaro-sudetis-darzoves","20":"pa_pasaro-sudetis-kalakutiena","21":"pa_pasaro-sudetis-uogos","22":"pa_pasaro-sudetis-vaisiai","23":"pa_pasaro-sudetis-vistiena","24":"pa_prekiu-zenklai-fitmin-purity","26":"first","27":"instock","28":"sale","29":"featured","30":"taxable","31":"shipping-taxable","32":"purchasable","33":"product-type-variable"},"acf":[],"_links":{"self":[{"href":"https:\/\/zooprekes24.lt\/et\/wp-json\/wp\/v2\/product\/23500","targetHints":{"allow":["GET"]}}],"collection":[{"href":"https:\/\/zooprekes24.lt\/et\/wp-json\/wp\/v2\/product"}],"about":[{"href":"https:\/\/zooprekes24.lt\/et\/wp-json\/wp\/v2\/types\/product"}],"replies":[{"embeddable":true,"href":"https:\/\/zooprekes24.lt\/et\/wp-json\/wp\/v2\/comments?post=23500"}],"wp:featuredmedia":[{"embeddable":true,"href":"https:\/\/zooprekes24.lt\/et\/wp-json\/wp\/v2\/media\/20181"}],"wp:attachment":[{"href":"https:\/\/zooprekes24.lt\/et\/wp-json\/wp\/v2\/media?parent=23500"}],"wp:term":[{"taxonomy":"product_brand","embeddable":true,"href":"https:\/\/zooprekes24.lt\/et\/wp-json\/wp\/v2\/product_brand?post=23500"},{"taxonomy":"product_cat","embeddable":true,"href":"https:\/\/zooprekes24.lt\/et\/wp-json\/wp\/v2\/product_cat?post=23500"},{"taxonomy":"product_tag","embeddable":true,"href":"https:\/\/zooprekes24.lt\/et\/wp-json\/wp\/v2\/product_tag?post=23500"}],"curies":[{"name":"wp","href":"https:\/\/api.w.org\/{rel}","templated":true}]}}