{"id":23497,"date":"2024-04-19T13:21:28","date_gmt":"2024-04-19T10:21:28","guid":{"rendered":"https:\/\/zooprekes24.lt\/produktas\/fitmin-for-life-adult-sterilized-salmon\/"},"modified":"2026-04-03T14:03:48","modified_gmt":"2026-04-03T12:03:48","slug":"fitmin-for-life-taiskasvanud-steriliseeritud-lohe","status":"publish","type":"product","link":"https:\/\/zooprekes24.lt\/et\/produktas\/fitmin-for-life-adult-sterilized-salmon\/","title":{"rendered":"Fitmin for Life Adult Steriliseeritud l\u00f5he konserveeritud kassidele kastmes Fitmin for Life Adult Steriliseeritud l\u00f5he konserveeritud kassidele kastmes"},"content":{"rendered":"<h3><span style=\"vertical-align: inherit\"><span style=\"vertical-align: inherit\"><span style=\"vertical-align: inherit\"><span style=\"vertical-align: inherit\">Fitmin for Life Adult Steriliseeritud L\u00f5he Konservid - <\/span><\/span><\/span><\/span>on tasakaalustatud niiske kassitoit kotikeses t\u00e4iskasvanud kassidele alates 1 aasta vanusest.<\/h3>\n<ul>\n<li>Garneeritud l\u00f5het\u00fckkidega kastmes.<\/li>\n<li><span style=\"vertical-align: inherit\"><span style=\"vertical-align: inherit\"><span style=\"vertical-align: inherit\"><span style=\"vertical-align: inherit\">M\u00e4rktoit t\u00e4iskasvanud, steriliseeritud\/kastreeritud koertele <\/span><\/span><\/span><\/span><a href=\"https:\/\/zooprekes24.lt\/et\/kategorija\/prekes-katems\/\" target=\"_blank\" rel=\"noopener\"><span style=\"vertical-align: inherit\"><span style=\"vertical-align: inherit\"><span style=\"vertical-align: inherit\"><span style=\"vertical-align: inherit\">kasside jaoks<\/span><\/span><\/span><\/span><\/a><span style=\"vertical-align: inherit\"><span style=\"vertical-align: inherit\"><span style=\"vertical-align: inherit\"><span style=\"vertical-align: inherit\">.<\/span><\/span><\/span><\/span><\/li>\n<li>Vajalik aminohape tauriin aitab hoida teie kassi s\u00fcdame ja n\u00e4gemise tervist.<\/li>\n<li>Konservitoidule on lisatud D3-vitamiini ja mineraalaineid, mis on olulised kasside skeleti-, lihas- ja n\u00e4rvis\u00fcsteemi jaoks.<\/li>\n<li><a href=\"https:\/\/www.fitmin.com\/en\/ingredients\" target=\"_blank\" rel=\"noopener\"><span style=\"vertical-align: inherit\"><span style=\"vertical-align: inherit\"><span style=\"vertical-align: inherit\"><span style=\"vertical-align: inherit\">Ei sisalda kunstlikke v\u00e4rvaineid ega s\u00e4ilitusaineid<\/span><\/span><\/span><\/span><\/a>.<\/li>\n<\/ul>","protected":false},"excerpt":{"rendered":"<p>Fitmin for Life Adult Sterilized Salmon konservai &#8211; tai subalansuotas \u0161lapias ka\u010di\u0173 pa\u0161aras mai\u0161elyje, skirtas suaugusioms kat\u0117ms nuo 1 met\u0173 am\u017eiaus. Pagardinta la\u0161i\u0161os gabaliukais pada\u017ee. \u0160lapias \u0117dalas skirtas suaugusioms, sterilizuotoms kat\u0117ms. Sud\u0117tyje esanti nepamainoma aminor\u016bg\u0161tis taurinas padeda i\u0161saugoti sveik\u0105 kat\u0117s \u0161ird\u012f ir reg\u0117jim\u0105. Konserv\u0173 sud\u0117tis papildyta vitaminu D3 ir mineralais, kurie itin svarb\u016bs kat\u0117s skeleto,&#8230;<\/p>","protected":false},"featured_media":20179,"comment_status":"closed","ping_status":"closed","template":"","meta":{"_acf_changed":false,"slim_seo":{"title":"Fitmin for Life Adult Sterilized Salmon konservai kat\u0117ms pada\u017ee - Zooprekes24","description":"Fitmin for Life Adult Sterilized Salmon on tasakaalustatud niiske kassitoit kotis t\u00e4iskasvanud kassidele alates 1 aasta vanusest. Maitsestatud"},"iawp_total_views":181},"product_brand":[],"product_cat":[9042,72,83,25,9020],"product_tag":[2173],"class_list":{"0":"post-23497","1":"product","2":"type-product","3":"status-publish","4":"has-post-thumbnail","6":"product_cat-fitmin-for-life-katems","7":"product_cat-kaciu-maistas","8":"product_cat-kaciu-prekiu-gamintojai","9":"product_cat-katems","10":"product_cat-slapias-maistas-kaciu-maistas","11":"product_tag-konservuotas-maistas-katems","12":"pa_pasaro-sudetis-lasisa","13":"pa_pasaro-sudetis-zuvis","14":"pa_prekiu-zenklai-fitmin-for-life","16":"first","17":"instock","18":"featured","19":"taxable","20":"shipping-taxable","21":"purchasable","22":"product-type-variable"},"acf":[],"_links":{"self":[{"href":"https:\/\/zooprekes24.lt\/et\/wp-json\/wp\/v2\/product\/23497","targetHints":{"allow":["GET"]}}],"collection":[{"href":"https:\/\/zooprekes24.lt\/et\/wp-json\/wp\/v2\/product"}],"about":[{"href":"https:\/\/zooprekes24.lt\/et\/wp-json\/wp\/v2\/types\/product"}],"replies":[{"embeddable":true,"href":"https:\/\/zooprekes24.lt\/et\/wp-json\/wp\/v2\/comments?post=23497"}],"wp:featuredmedia":[{"embeddable":true,"href":"https:\/\/zooprekes24.lt\/et\/wp-json\/wp\/v2\/media\/20179"}],"wp:attachment":[{"href":"https:\/\/zooprekes24.lt\/et\/wp-json\/wp\/v2\/media?parent=23497"}],"wp:term":[{"taxonomy":"product_brand","embeddable":true,"href":"https:\/\/zooprekes24.lt\/et\/wp-json\/wp\/v2\/product_brand?post=23497"},{"taxonomy":"product_cat","embeddable":true,"href":"https:\/\/zooprekes24.lt\/et\/wp-json\/wp\/v2\/product_cat?post=23497"},{"taxonomy":"product_tag","embeddable":true,"href":"https:\/\/zooprekes24.lt\/et\/wp-json\/wp\/v2\/product_tag?post=23497"}],"curies":[{"name":"wp","href":"https:\/\/api.w.org\/{rel}","templated":true}]}}