{"id":23494,"date":"2024-04-19T13:21:28","date_gmt":"2024-04-19T10:21:28","guid":{"rendered":"https:\/\/zooprekes24.lt\/produktas\/fitmin-for-life-kitten-chicken-konservai\/"},"modified":"2026-04-03T14:02:52","modified_gmt":"2026-04-03T12:02:52","slug":"fitmin-for-life-kassipoegade-kanakonservid","status":"publish","type":"product","link":"https:\/\/zooprekes24.lt\/et\/produktas\/fitmin-for-life-kitten-chicken-konservai\/","title":{"rendered":"Fitmin for Life Kitten Chicken konserveeritud kana kassipoegadele kastmes"},"content":{"rendered":"<h3>Fitmin for Life Kitten Chicken konservai &#8211; tai subalansuotas \u0161lapias ka\u010di\u0173 pa\u0161aras mai\u0161elyje, skirtas ka\u010diukams iki 1 met\u0173 am\u017eiaus.<\/h3>\n<ul>\n<li>Pagardinta vi\u0161tienos gabaliukais pada\u017ee.<\/li>\n<li><span style=\"vertical-align: inherit\"><span style=\"vertical-align: inherit\"><span style=\"vertical-align: inherit\"><span style=\"vertical-align: inherit\">Fitmin for Life Kitten Chicken \u0161lapias \u0117dalas skirtas ma\u017eiems <a href=\"https:\/\/zooprekes24.lt\/kategorija\/prekes-katems\/?filters=kates-amzius[384]\" target=\"_blank\" rel=\"noopener\">ka\u010diukams<\/a><\/span><\/span><\/span><\/span><span style=\"vertical-align: inherit\"><span style=\"vertical-align: inherit\"><span style=\"vertical-align: inherit\"><span style=\"vertical-align: inherit\">.<\/span><\/span><\/span><\/span><\/li>\n<li>Sud\u0117tyje esanti nepamainoma aminor\u016bg\u0161tis taurinas padeda stiprinti ka\u010diuko \u0161ird\u012f ir reg\u0117jim\u0105.<\/li>\n<li>Konserv\u0173 sud\u0117tis papildyta vitaminu D3 ir mineralais, kurie itin svarb\u016bs jauno ka\u010diuko skeleto, raumen\u0173 ir nerv\u0173 sistemai.<\/li>\n<li><a href=\"https:\/\/www.fitmin.com\/en\/ingredients\" target=\"_blank\" rel=\"noopener\"><span style=\"vertical-align: inherit\"><span style=\"vertical-align: inherit\"><span style=\"vertical-align: inherit\"><span style=\"vertical-align: inherit\">Sud\u0117tyje n\u0117ra dirbtini\u0173 da\u017eikli\u0173 ir konservant\u0173<\/span><\/span><\/span><\/span><\/a>.<\/li>\n<\/ul>\n","protected":false},"excerpt":{"rendered":"<p>Fitmin for Life Kitten Chicken konservai &#8211; tai subalansuotas \u0161lapias ka\u010di\u0173 pa\u0161aras mai\u0161elyje, skirtas ka\u010diukams iki 1 met\u0173 am\u017eiaus. Pagardinta vi\u0161tienos gabaliukais pada\u017ee. Fitmin for Life Kitten Chicken \u0161lapias \u0117dalas skirtas ma\u017eiems ka\u010diukams. Sud\u0117tyje esanti nepamainoma aminor\u016bg\u0161tis taurinas padeda stiprinti ka\u010diuko \u0161ird\u012f ir reg\u0117jim\u0105. Konserv\u0173 sud\u0117tis papildyta vitaminu D3 ir mineralais, kurie itin svarb\u016bs jauno&#8230;<\/p>","protected":false},"featured_media":20178,"comment_status":"closed","ping_status":"closed","template":"","meta":{"_acf_changed":false,"slim_seo":{"title":"Fitmin for Life Kitten Chicken konservai ka\u010diukams pada\u017ee - Zooprekes24","description":"Fitmin for Life Kitten Chicken konservai - tai subalansuotas \u0161lapias ka\u010di\u0173 pa\u0161aras mai\u0161elyje, skirtas ka\u010diukams iki 1 met\u0173 am\u017eiaus. Pagardinta vi\u0161tienos gabaliu"},"iawp_total_views":155},"product_brand":[],"product_cat":[9042,72,83,25,9020],"product_tag":[2173],"class_list":{"0":"post-23494","1":"product","2":"type-product","3":"status-publish","4":"has-post-thumbnail","6":"product_cat-fitmin-for-life-katems","7":"product_cat-kaciu-maistas","8":"product_cat-kaciu-prekiu-gamintojai","9":"product_cat-katems","10":"product_cat-slapias-maistas-kaciu-maistas","11":"product_tag-konservuotas-maistas-katems","12":"pa_pasaro-sudetis-vistiena","13":"pa_prekiu-zenklai-fitmin-for-life","15":"first","16":"instock","17":"sale","18":"featured","19":"taxable","20":"shipping-taxable","21":"purchasable","22":"product-type-variable"},"acf":[],"_links":{"self":[{"href":"https:\/\/zooprekes24.lt\/et\/wp-json\/wp\/v2\/product\/23494","targetHints":{"allow":["GET"]}}],"collection":[{"href":"https:\/\/zooprekes24.lt\/et\/wp-json\/wp\/v2\/product"}],"about":[{"href":"https:\/\/zooprekes24.lt\/et\/wp-json\/wp\/v2\/types\/product"}],"replies":[{"embeddable":true,"href":"https:\/\/zooprekes24.lt\/et\/wp-json\/wp\/v2\/comments?post=23494"}],"wp:featuredmedia":[{"embeddable":true,"href":"https:\/\/zooprekes24.lt\/et\/wp-json\/wp\/v2\/media\/20178"}],"wp:attachment":[{"href":"https:\/\/zooprekes24.lt\/et\/wp-json\/wp\/v2\/media?parent=23494"}],"wp:term":[{"taxonomy":"product_brand","embeddable":true,"href":"https:\/\/zooprekes24.lt\/et\/wp-json\/wp\/v2\/product_brand?post=23494"},{"taxonomy":"product_cat","embeddable":true,"href":"https:\/\/zooprekes24.lt\/et\/wp-json\/wp\/v2\/product_cat?post=23494"},{"taxonomy":"product_tag","embeddable":true,"href":"https:\/\/zooprekes24.lt\/et\/wp-json\/wp\/v2\/product_tag?post=23494"}],"curies":[{"name":"wp","href":"https:\/\/api.w.org\/{rel}","templated":true}]}}