{"id":23483,"date":"2024-04-19T13:21:28","date_gmt":"2024-04-19T10:21:28","guid":{"rendered":"https:\/\/zooprekes24.lt\/produktas\/fitmin-purity-semimoist-rabbit-lamb\/"},"modified":"2026-04-03T15:56:39","modified_gmt":"2026-04-03T13:56:39","slug":"fitmin-purity-semimoist-kuulik-lambaliha","status":"publish","type":"product","link":"https:\/\/zooprekes24.lt\/et\/produktas\/fitmin-purity-semimoist-rabbit-lamb\/","title":{"rendered":"Fitmin Purity Semimoist Rabbit &amp; Lamb koos riisiga poolniiske toit koertele"},"content":{"rendered":"<h3>Fitmin Purity Semimoist Rabbit &amp; Lamb koos riisiga on holistiline, poolniiske kuivtoit t\u00e4iskasvanud koertele k\u00f5ikide t\u00f5ugude jaoks, mis sisaldab kuni 73% loomset valku. Ainulaadses Fitmin Purity <a href=\"https:\/\/www.youtube.com\/watch?v=1yoQTbErEss\" target=\"_blank\" rel=\"noopener\">toidu valmistamise tehnoloogia kasutab ainult v\u00e4rsket, kondita liha.<\/a>mis toob esile looduslike koostisosade maitse, s\u00e4ilitades samal ajal oluliste toitainete ja valkude terviklikkuse. See on rikas kombinatsioon v\u00e4rsketest k\u00f6\u00f6giviljadest, mahlastest puuviljadest ja maitsetaimedest, mis on valitud Euroopa s\u00fcdames, T\u0161ehhi Vabariigis asuvatest m\u00e4gedes asuvatest kohalikest taludest.<\/h3>\n<ul>\n<li>Toiduainetes <span style=\"color: #808080\"><strong>kasutatakse v\u00e4rsket lambaliha<\/strong><\/span>mis on suurep\u00e4rane B-vitamiinide allikas, mis on oluline organismi ainevahetusreaktsioonide jaoks. Lambaliha <span style=\"color: #808080\"><strong>ei koorma seedes\u00fcsteemi ja soodustab toitainete imendumist<\/strong><\/span>.<\/li>\n<li>K\u00fc\u00fclikuliha on toitev, kergesti seeditav ja <span style=\"color: #808080\"><strong>eristub oma erilise l\u00f5hna ja maitse poolest<\/strong><\/span>nii et isegi k\u00f5ige n\u00f5udlikumad gurmaanid naudivad seda.<\/li>\n<li>Spetsiaalses toiduvalemis <span style=\"color: #808080\"><strong>teraviljast p\u00e4rit riisi kasutamine<\/strong><\/span>ja mitte nisu- v\u00f5i maisigluteeni, mis v\u00f5ivad tundlikel koertel p\u00f5hjustada allergiat. Riisi peamine eelis on see, et see paisub koera k\u00f5hus aeglaselt, nii et lemmiklooma organism v\u00f5tab energiat j\u00e4rk-j\u00e4rgult vastu ja see kestab kauem, mis on eriti oluline aktiivsete koerte puhul.<\/li>\n<li>Fitmin Purity Semimoist K\u00fc\u00fclik ja lambaliha riisiga sisaldab \u00f5unu, mis on suurep\u00e4rane beetakaroteeni allikas, mis kuulub antioks\u00fcdantide kategooriasse, mis toimivad kui <span style=\"color: #808080\"><strong>looduslik<\/strong><\/span> <strong><span style=\"color: #808080\">kaitse vabade radikaalide negatiivse m\u00f5ju eest<\/span><\/strong>.<\/li>\n<li>K\u00fclmpressimine <a href=\"https:\/\/zooprekes24.lt\/et\/toode\/dr-clauders-barf-lassi-oli\/\">l\u00f5he\u00f5li<\/a> on suurep\u00e4rane oomega-3 rasvhapete (EPA ja DHA) allikas, mis on <span style=\"color: #808080\"><strong>toidab ja niisutab teie lemmiklooma karvkatte ja nahka<\/strong><\/span>. EPA-l on looduslik p\u00f5letikuvastane toime, samas kui DHA on seotud aju ja v\u00f5rkkesta struktuuriga.<\/li>\n<li>Fitmin Purity Semimoist Rabbit &amp; Lamb koos riisiga sisaldab shiitake seeni nende detoksikatsiooniomaduste t\u00f5ttu. See on ideaalne komponent <span style=\"color: #808080\"><strong>immuuns\u00fcsteemi tugevdamiseks ja maksafunktsiooni kaitsmiseks<\/strong><\/span>. See eksootiline seen p\u00e4rsib allergias\u00fcmptomeid ja on suurep\u00e4rane D-vitamiini, raua ja seleeni allikas.<\/li>\n<li>Lutsern stimuleerib rakkude ainevahetust ja <span style=\"color: #808080\"><strong>aitab s\u00e4ilitada lemmiklooma loomulikku kaitsev\u00f5imet<\/strong><\/span>.<\/li>\n<li>Daisies <span style=\"color: #808080\"><strong>toetab teie lemmiklooma uriinis\u00fcsteemi optimaalset toimimist<\/strong><\/span>Sellel on kehale p\u00f5letikuvastane ja antiseptiline toime, samuti leevendab v\u00f5i lahendab puhitusprobleeme.<\/li>\n<\/ul>\n<h3><a ref=\"magnificPopup\" href=\"https:\/\/zooprekes24.lt\/wp-content\/uploads\/2021\/11\/Fitmin-Purity-logo-2.png\"><img loading=\"lazy\" decoding=\"async\" class=\"wp-image-13541\" src=\"https:\/\/zooprekes24.lt\/wp-content\/uploads\/Fitmin-Purity-logo-2-e1636643478120.png\" alt=\"Fitmin Purity logo\" width=\"600\" height=\"308\" \/><\/a><\/h3>\n<hr \/>\n<h3>Mis teeb Fitmin Purity kuivtoitude sarja eriliseks?<\/h3>\n<p>Terviklik kuivtoit koertele <span style=\"color: #808080\"><strong>Valikus on 9 erinevat t\u00fc\u00fcpi toitu<\/strong><\/span>millest s\u00f5ltuvalt teie lemmiklooma vajadustest, <span style=\"color: #808080\"><strong>saate valida retsepti<\/strong> <strong>riisiga v\u00f5i teraviljavaba toiduga, mis p\u00f5hineb hernestel, kartulitel ja k\u00f5rvitsal<\/strong>.<\/span><\/p>\n<ul>\n<li>Herned on madalama gl\u00fckeemilise indeksiga ja <span style=\"color: #808080\"><strong>hoiab \u00e4ra koerte soovimatu \u00fclekaalu ja rasvumise probleemid<\/strong><\/span>. Nad on ka kiudainerikkad, mis aitab reguleerida soolestiku mikrofloorat ja seedimist.<\/li>\n<li>K\u00f5rvits on tuntud ka kui looduslik pol\u00fcvitamiin ja sisaldab <span style=\"color: #808080\"><strong>rikas antioks\u00fcdantide ja A-, C- ja E-vitamiinide sisaldus lemmikloomadele.<\/strong><\/span>. K\u00f5rvitsa kasutamine koeratoidus aitab s\u00e4ilitada koera optimaalset kehakaalu ja leevendada seedeh\u00e4ireid, nagu k\u00f5hulahtisus ja k\u00f5hukinnisus.<\/li>\n<li>Riisi baasil toiduainetena kasutamiseks <span style=\"color: #808080\"><strong>teraviljariisi, kuid nisu- v\u00f5i maisigluteeni kasutamine, mis v\u00f5ib tundlikel koertel p\u00f5hjustada allergiat.<\/strong><\/span>. Riisi peamine eelis on see, et see paisub koera k\u00f5hus aeglaselt, nii et lemmiklooma organism v\u00f5tab energiat aeglasemalt vastu ja see kestab kauem, mis on eriti oluline aktiivsete koerte puhul.<\/li>\n<li>Fitmin Purity liin <span style=\"color: #808080\"><strong><strong>kartulid<\/strong> kasutatakse helvestena<\/strong><\/span>. Nad on rikkad kiudainete, mineraalainete, vitamiinide ja s\u00fcsivesikute poolest - eriti hea energiaallikas koera organismile. Kuid <span style=\"color: #808080\"><strong>kartulite kasutamine Fitmini retseptides on saanud v\u00f5imalikuks ainult t\u00e4nu tehnoloogilistele edusammudele.<\/strong><\/span> - T\u00e4nu ekstrusioonile (\u00fcks uuematest toidu ja s\u00f6\u00f6da tootmisprotsessidest, mille puhul segatud komponendid muudetakse plastiliseks ja kujundatakse selliste parameetrite nagu niiskus, temperatuur, r\u00f5hk ja mehaaniline j\u00f5ud kombineerimise teel) on kartulid koera organismile t\u00f5husalt kasutatavad ja kergesti seeditavad.<\/li>\n<li>Ei ole v\u00e4rsket liha Fitmin Purity tooted <span style=\"color: #808080\"><strong>muud loomsed tooted, nagu kuivatatud ja h\u00fcdrol\u00fc\u00fcsitud liha, munad, kodulinnurasv ja k\u00fclmpressitud l\u00f5he\u00f5li k\u00f5rge kvaliteediga<\/strong><\/span>. Tooted on rikkad kvaliteetsete valkude, rasvade, mineraalide ja vitamiinide poolest. Nende piisav tasakaal on lemmikloomatoidu kvaliteedi jaoks oluline.<\/li>\n<li>Retsept<span style=\"color: #808080\"><strong> hoolikalt valitud taimsed ained t\u00e4iendavad kompositsiooni<\/strong><\/span>mis lisavad retseptile v\u00e4\u00e4rtuslikke toitaineid.<\/li>\n<\/ul>\n<h3>Ainulaadne koostisainete \u00fchilduvus ja gurmeekogemus tagavad, et teie neljajalgsed s\u00f5brad saavad k\u00f5ike, mida nad vajavad \u00f5nnelikuks ja aktiivseks eluks!<\/h3>","protected":false},"excerpt":{"rendered":"<p>Fitmin Purity Semimoist Rabbit &amp; Lamb with Rice &#8211; holistinis, pusiau dr\u0117gnas sausas maistas, vis\u0173 veisli\u0173 suaugusiems \u0161unims, kuriame yra net 73% gyv\u016blin\u0117s kilm\u0117s baltym\u0173. Unikalioje Fitmin Purity maisto gamybos technologijoje naudojama i\u0161kirtinai \u0161vie\u017eia m\u0117sa be kaul\u0173, kuri i\u0161ry\u0161kina nat\u016brali\u0173 ingredient\u0173 skon\u012f ir kartu i\u0161saugo b\u016btin\u0173 maistini\u0173 med\u017eiag\u0173 ir baltym\u0173 vientisum\u0105. Sud\u0117tyje gausu \u0161vie\u017ei\u0173 dar\u017eovi\u0173,&#8230;<\/p>","protected":false},"featured_media":20172,"comment_status":"closed","ping_status":"closed","template":"","meta":{"_acf_changed":false,"slim_seo":{"title":"Fitmin Purity Semimoist Rabbit &amp; Lamb with Rice pusiau dr\u0117gnas maistas \u0161unims - Zooprekes24","description":"Fitmin Purity Semimoist Rabbit &amp; Lamb koos riisiga on holistiline, poolniiske kuivtoit t\u00e4iskasvanud koertele k\u00f5ikide t\u00f5ugude jaoks, mis sisaldab kuni 73% loomset toitu."},"iawp_total_views":1123},"product_brand":[],"product_cat":[9051,9002,8999,29,31],"product_tag":[177,462,468,326],"class_list":{"0":"post-23483","1":"product","2":"type-product","3":"status-publish","4":"has-post-thumbnail","6":"product_cat-fitmin-purity","7":"product_cat-sausas-maistas","8":"product_cat-sunims","9":"product_cat-sunu-maistas","10":"product_cat-sunu-prekiu-gamintojai","11":"product_tag-edalas-sunims","12":"product_tag-fitmin-sausas-maistas-sunims-su-triusiena","13":"product_tag-holistinis-edalas-sunims","14":"product_tag-holistinis-maistas-sunims","15":"pa_pasaro-sudetis-darzoves","16":"pa_pasaro-sudetis-eriena","17":"pa_pasaro-sudetis-triusiena","18":"pa_pasaro-sudetis-uogos","19":"pa_pasaro-sudetis-vaisiai","20":"pa_prekiu-zenklai-fitmin-purity","21":"pa_suns-amzius-suaugusiems","22":"pa_veisles-dydis-didelems-veislems","23":"pa_veisles-dydis-mazoms-veislems","24":"pa_veisles-dydis-vidutinems-veislems","25":"pa_veisles-dydis-visu-dydziu-veislems","27":"first","28":"instock","29":"taxable","30":"shipping-taxable","31":"purchasable","32":"product-type-variable"},"acf":[],"_links":{"self":[{"href":"https:\/\/zooprekes24.lt\/et\/wp-json\/wp\/v2\/product\/23483","targetHints":{"allow":["GET"]}}],"collection":[{"href":"https:\/\/zooprekes24.lt\/et\/wp-json\/wp\/v2\/product"}],"about":[{"href":"https:\/\/zooprekes24.lt\/et\/wp-json\/wp\/v2\/types\/product"}],"replies":[{"embeddable":true,"href":"https:\/\/zooprekes24.lt\/et\/wp-json\/wp\/v2\/comments?post=23483"}],"wp:featuredmedia":[{"embeddable":true,"href":"https:\/\/zooprekes24.lt\/et\/wp-json\/wp\/v2\/media\/20172"}],"wp:attachment":[{"href":"https:\/\/zooprekes24.lt\/et\/wp-json\/wp\/v2\/media?parent=23483"}],"wp:term":[{"taxonomy":"product_brand","embeddable":true,"href":"https:\/\/zooprekes24.lt\/et\/wp-json\/wp\/v2\/product_brand?post=23483"},{"taxonomy":"product_cat","embeddable":true,"href":"https:\/\/zooprekes24.lt\/et\/wp-json\/wp\/v2\/product_cat?post=23483"},{"taxonomy":"product_tag","embeddable":true,"href":"https:\/\/zooprekes24.lt\/et\/wp-json\/wp\/v2\/product_tag?post=23483"}],"curies":[{"name":"wp","href":"https:\/\/api.w.org\/{rel}","templated":true}]}}