{"id":23465,"date":"2024-04-19T13:21:14","date_gmt":"2024-04-19T10:21:14","guid":{"rendered":"https:\/\/zooprekes24.lt\/produktas\/fitmin-purity-adult-mini-beef\/"},"modified":"2026-04-03T15:50:50","modified_gmt":"2026-04-03T13:50:50","slug":"fitmin-purity-taiskasvanud-mini-veiseliha","status":"publish","type":"product","link":"https:\/\/zooprekes24.lt\/et\/produktas\/fitmin-purity-adult-mini-beef\/","title":{"rendered":"Fitmin Purity Adult Mini Beef kuivtoit koertele"},"content":{"rendered":"<h3>Fitmin Purity Adult Beef on teraviljavaba, terviklik kuivtoit t\u00e4iskasvanud v\u00e4ikest t\u00f5ugu koertele, mis sisaldab kuni 73% loomset valku. Ainulaadne Fitmin Purity <a href=\"https:\/\/www.youtube.com\/watch?v=1yoQTbErEss\" target=\"_blank\" rel=\"noopener\">toidu valmistamise tehnoloogia kasutab ainult v\u00e4rsket, kondita liha.<\/a>mis toob esile looduslike koostisosade maitse, s\u00e4ilitades samal ajal oluliste toitainete ja valkude terviklikkuse. See on rikas kombinatsioon v\u00e4rsketest k\u00f6\u00f6giviljadest, mahlastest puuviljadest ja maitsetaimedest, mis on valitud Euroopa s\u00fcdames, T\u0161ehhi Vabariigis asuvatest m\u00e4gedes asuvatest kohalikest taludest.<\/h3>\n<ul>\n<li>Toiduainetes <span style=\"color: #808080\"><strong>kasutatakse v\u00e4rsket kondita veiseliha<\/strong><\/span>, \u00fcks parimaid ja bioloogiliselt v\u00e4\u00e4rtuslikumaid liha liike, mis on rikas oluliste aminohapete, raua ja B2-vitamiini poolest.<\/li>\n<li>Herned on madalama gl\u00fckeemilise indeksiga ja <span style=\"color: #808080\"><strong>hoiab \u00e4ra koerte soovimatu \u00fclekaalu tekkimise<\/strong><\/span> ja rasvumisprobleemid.<\/li>\n<li>Lutsern stimuleerib rakkude ainevahetust ja <span style=\"color: #808080\"><strong>aitab s\u00e4ilitada lemmiklooma loomulikku kaitsev\u00f5imet<\/strong><\/span>.<\/li>\n<li>Fitmin Purity Adult Beef sisaldab spinatit. <span style=\"color: #808080\"><strong>Suurendab foolhappe ja mikroelementide sisaldust. <\/strong><\/span>- C-vitamiini ja luteiini, mis on antioks\u00fcdandid, mis kaitsevad teie koera vabade radikaalide kahjuliku m\u00f5ju eest ja aitavad s\u00e4ilitada head s\u00fcdame-veresoonkonna tervist.<\/li>\n<li>K\u00f5rvitsas on palju antioks\u00fcdante ja A-, C- ja E-vitamiini, mis <span style=\"color: #808080\"><strong>abiks<\/strong> <strong>leevendab teie lemmiklooma seedeh\u00e4ireid<\/strong><\/span> nagu k\u00f5hulahtisus v\u00f5i k\u00f5hukinnisus.<\/li>\n<li>K\u00fclmpressimine <a href=\"https:\/\/zooprekes24.lt\/et\/toode\/dr-clauders-barf-lassi-oli\/\" target=\"_blank\" rel=\"noopener\">l\u00f5he\u00f5li<\/a> on suurep\u00e4rane oomega-3 rasvhapete (EPA ja DHA) allikas, mis on <span style=\"color: #808080\"><strong>toidab ja niisutab teie lemmiklooma karvkatte ja nahka<\/strong><\/span>. EPA-l on looduslik p\u00f5letikuvastane toime, samas kui DHA on seotud aju ja v\u00f5rkkesta struktuuriga.<\/li>\n<li>Fitmin Purity Adult Beef saab kasu shiitake seente detoksikatsiooniomadustest. See on ideaalne komponent <span style=\"color: #808080\"><strong>immuuns\u00fcsteemi tugevdamiseks ja maksafunktsiooni kaitsmiseks<\/strong><\/span>. See eksootiline seen p\u00e4rsib allergias\u00fcmptomeid ja on suurep\u00e4rane D-vitamiini, raua ja seleeni allikas.<\/li>\n<li>T\u00f5elised majoraani seemned nende antioks\u00fcdantsete omaduste t\u00f5ttu. <span style=\"color: #808080\"><strong>stimuleerib maksarakkude proliferatsiooni ja kaitseb maksa toksiinide eest<\/strong><\/span>.<\/li>\n<li>Daisies <span style=\"color: #808080\"><strong>toetab teie lemmiklooma uriinis\u00fcsteemi optimaalset toimimist<\/strong><\/span>Sellel on kehale p\u00f5letikuvastane ja antiseptiline toime, samuti leevendab v\u00f5i lahendab puhitusprobleeme.<\/li>\n<\/ul>\n<h3><a ref=\"magnificPopup\" href=\"https:\/\/zooprekes24.lt\/wp-content\/uploads\/2021\/11\/Fitmin-Purity-logo-2.png\"><img loading=\"lazy\" decoding=\"async\" class=\"wp-image-13541\" src=\"https:\/\/zooprekes24.lt\/wp-content\/uploads\/Fitmin-Purity-logo-2-e1636643478120.png\" alt=\"Fitmin Purity logo\" width=\"600\" height=\"308\" \/><\/a><\/h3>\n<hr \/>\n<h3>Mis teeb Fitmin Purity kuivtoitude sarja eriliseks?<\/h3>\n<p>Terviklik kuivtoit koertele <span style=\"color: #808080\"><strong>Valikus on 9 erinevat t\u00fc\u00fcpi toitu<\/strong><\/span>millest s\u00f5ltuvalt teie lemmiklooma vajadustest, <span style=\"color: #808080\"><strong>saate valida retsepti<\/strong> <strong>riisiga v\u00f5i teraviljavaba toiduga, mis p\u00f5hineb hernestel, kartulitel ja k\u00f5rvitsal<\/strong>.<\/span><\/p>\n<ul>\n<li>Herned on madalama gl\u00fckeemilise indeksiga ja <span style=\"color: #808080\"><strong>hoiab \u00e4ra koerte soovimatu \u00fclekaalu ja rasvumise probleemid<\/strong><\/span>. Nad on ka kiudainerikkad, mis aitab reguleerida soolestiku mikrofloorat ja seedimist.<\/li>\n<li>K\u00f5rvits on tuntud ka kui looduslik pol\u00fcvitamiin ja sisaldab <span style=\"color: #808080\"><strong>rikas antioks\u00fcdantide ja A-, C- ja E-vitamiinide sisaldus lemmikloomadele.<\/strong><\/span>. K\u00f5rvitsa kasutamine koeratoidus aitab s\u00e4ilitada koera optimaalset kehakaalu ja leevendada seedeh\u00e4ireid, nagu k\u00f5hulahtisus ja k\u00f5hukinnisus.<\/li>\n<li>Riisi baasil toiduainetena kasutamiseks <span style=\"color: #808080\"><strong>teraviljariisi, kuid nisu- v\u00f5i maisigluteeni kasutamine, mis v\u00f5ib tundlikel koertel p\u00f5hjustada allergiat.<\/strong><\/span>. Riisi peamine eelis on see, et see paisub koera k\u00f5hus aeglaselt, nii et lemmiklooma organism v\u00f5tab energiat aeglasemalt vastu ja see kestab kauem, mis on eriti oluline aktiivsete koerte puhul.<\/li>\n<li>Fitmin Purity liin <span style=\"color: #808080\"><strong>kartulit kasutatakse helvestena<\/strong><\/span>. Nad on rikkad kiudainete, mineraalainete, vitamiinide ja s\u00fcsivesikute poolest - eriti hea energiaallikas koera organismile. Kuid <span style=\"color: #808080\"><strong>kartulite kasutamine Fitmini retseptides on saanud v\u00f5imalikuks ainult t\u00e4nu tehnoloogilistele edusammudele.<\/strong><\/span> - T\u00e4nu ekstrusioonile (\u00fcks uuematest toidu ja s\u00f6\u00f6da tootmisprotsessidest, mille puhul segatud komponendid muudetakse plastiliseks ja kujundatakse selliste parameetrite nagu niiskus, temperatuur, r\u00f5hk ja mehaaniline j\u00f5ud kombineerimise teel) on kartulid koera organismile t\u00f5husalt kasutatavad ja kergesti seeditavad.<\/li>\n<li>Ei ole v\u00e4rsket liha Fitmin Purity tooted <span style=\"color: #808080\"><strong>muud loomsed tooted, nagu kuivatatud ja h\u00fcdrol\u00fc\u00fcsitud liha, munad, kodulinnurasv ja k\u00fclmpressitud l\u00f5he\u00f5li k\u00f5rge kvaliteediga<\/strong><\/span>. Tooted on rikkad kvaliteetsete valkude, rasvade, mineraalide ja vitamiinide poolest. Nende piisav tasakaal on lemmikloomatoidu kvaliteedi jaoks oluline.<\/li>\n<li>Retsept<span style=\"color: #808080\"><strong> hoolikalt valitud taimsed ained t\u00e4iendavad kompositsiooni<\/strong><\/span>mis lisavad retseptile v\u00e4\u00e4rtuslikke toitaineid.<\/li>\n<\/ul>\n<h3>Ainulaadne koostisainete \u00fchilduvus ja gurmeekogemus tagavad, et teie neljajalgsed s\u00f5brad saavad k\u00f5ike, mida nad vajavad \u00f5nnelikuks ja aktiivseks eluks!<\/h3>","protected":false},"excerpt":{"rendered":"<p>Fitmin Purity Adult Beef &#8211; begr\u016bdis, holistinis sausas maistas, suaugusiems ma\u017e\u0173 veisli\u0173 \u0161unims, kuriame yra net 73% gyv\u016bnin\u0117s kilm\u0117s baltym\u0173. Unikalioje Fitmin Purity maisto gamybos technologijoje naudojama i\u0161kirtinai \u0161vie\u017eia m\u0117sa be kaul\u0173, kuri i\u0161ry\u0161kina nat\u016brali\u0173 ingredient\u0173 skon\u012f ir kartu i\u0161saugo b\u016btin\u0173 maistini\u0173 med\u017eiag\u0173 ir baltym\u0173 vientisum\u0105. Sud\u0117tyje gausu \u0161vie\u017ei\u0173 dar\u017eovi\u0173, sulting\u0173 vaisi\u0173 ir prieskonini\u0173 \u017eoleli\u0173&#8230;<\/p>","protected":false},"featured_media":20159,"comment_status":"closed","ping_status":"closed","template":"","meta":{"_acf_changed":false,"slim_seo":{"title":"Fitmin Purity Adult Mini Beef sausas maistas \u0161unims - Zooprekes24","description":"Fitmin Purity Adult Beef on teraviljavaba, terviklik kuivtoit t\u00e4iskasvanud v\u00e4ikest t\u00f5ugu koertele, mis sisaldab kuni 73% loomset valku. Ainulaadne Fitmin"},"iawp_total_views":411},"product_brand":[],"product_cat":[9001,9051,9002,8999,29,31],"product_tag":[177,672,673,468,326],"class_list":{"0":"post-23465","1":"product","2":"type-product","3":"status-publish","4":"has-post-thumbnail","6":"product_cat-begrudis-maistas","7":"product_cat-fitmin-purity","8":"product_cat-sausas-maistas","9":"product_cat-sunims","10":"product_cat-sunu-maistas","11":"product_cat-sunu-prekiu-gamintojai","12":"product_tag-edalas-sunims","13":"product_tag-fitmin-sausas-maistas-sunims-su-jautiena","14":"product_tag-fitmin-sausas-maistas-suniui-su-jautiena","15":"product_tag-holistinis-edalas-sunims","16":"product_tag-holistinis-maistas-sunims","17":"pa_pasaro-sudetis-bulves","18":"pa_pasaro-sudetis-darzoves","19":"pa_pasaro-sudetis-jautiena","20":"pa_pasaro-sudetis-vaisiai","21":"pa_prekiu-zenklai-fitmin-purity","22":"pa_suns-amzius-suaugusiems","23":"pa_veisles-dydis-mazoms-veislems","25":"first","26":"instock","27":"taxable","28":"shipping-taxable","29":"purchasable","30":"product-type-variable"},"acf":[],"_links":{"self":[{"href":"https:\/\/zooprekes24.lt\/et\/wp-json\/wp\/v2\/product\/23465","targetHints":{"allow":["GET"]}}],"collection":[{"href":"https:\/\/zooprekes24.lt\/et\/wp-json\/wp\/v2\/product"}],"about":[{"href":"https:\/\/zooprekes24.lt\/et\/wp-json\/wp\/v2\/types\/product"}],"replies":[{"embeddable":true,"href":"https:\/\/zooprekes24.lt\/et\/wp-json\/wp\/v2\/comments?post=23465"}],"wp:featuredmedia":[{"embeddable":true,"href":"https:\/\/zooprekes24.lt\/et\/wp-json\/wp\/v2\/media\/20159"}],"wp:attachment":[{"href":"https:\/\/zooprekes24.lt\/et\/wp-json\/wp\/v2\/media?parent=23465"}],"wp:term":[{"taxonomy":"product_brand","embeddable":true,"href":"https:\/\/zooprekes24.lt\/et\/wp-json\/wp\/v2\/product_brand?post=23465"},{"taxonomy":"product_cat","embeddable":true,"href":"https:\/\/zooprekes24.lt\/et\/wp-json\/wp\/v2\/product_cat?post=23465"},{"taxonomy":"product_tag","embeddable":true,"href":"https:\/\/zooprekes24.lt\/et\/wp-json\/wp\/v2\/product_tag?post=23465"}],"curies":[{"name":"wp","href":"https:\/\/api.w.org\/{rel}","templated":true}]}}