{"id":23443,"date":"2024-04-19T13:21:01","date_gmt":"2024-04-19T10:21:01","guid":{"rendered":"https:\/\/zooprekes24.lt\/produktas\/brit-care-choice-chicken-konservai-katems\/"},"modified":"2024-06-20T16:43:26","modified_gmt":"2024-06-20T13:43:26","slug":"brit-care-choice-kanakonservid","status":"publish","type":"product","link":"https:\/\/zooprekes24.lt\/et\/produktas\/brit-care-choice-chicken-konservai-katems\/","title":{"rendered":"Brit Care Choice Chicken konserveeritud kaste kassidele"},"content":{"rendered":"<div class=\"benefits\">\n<h3>Kassi toit peaks olema mitmekesine, maitsev ja tervislik. Delicious Brit Care Choice Chicken Chicken konserve kana kastmes v\u00f5ib kasutada t\u00e4istoiduna v\u00f5i kuivtoidule lisana, et lisada vaheldust ja maitset. Sobib eriti h\u00e4sti v\u00e4ga valikulistele kassidele v\u00f5i toitumisprobleemidega loomadele. Sisaldab <a href=\"https:\/\/krmivo-brit.cz\/cs\/brit-care-cat-kapsicky\" target=\"_blank\" rel=\"noopener\">nasturtium ja astelpaju<\/a> aitab ennetada kuseteede haigusi.<\/h3>\n<ul>\n<li>Sisaldab koguni 85% maitsvat liha.<\/li>\n<li>Ei ole lisatud suhkrut - ei ole soja - ei ole GMO.<\/li>\n<li>Konservides ei kasutata teravilja.<\/li>\n<li>\u00c4\u00e4rmiselt maitsvad, nii et isegi k\u00f5ige n\u00f5udlikumad maitsemehed naudivad neid. <a href=\"https:\/\/zooprekes24.lt\/et\/kategorija\/prekes-katems\/\" target=\"_blank\" rel=\"noopener\">kasside jaoks<\/a>.<\/li>\n<li>Sisaldab looduslikke antioks\u00fcdante: rosmariini ekstrakt.<\/li>\n<\/ul>\n<\/div>","protected":false},"excerpt":{"rendered":"<p>Kat\u0117s racionas tur\u0117t\u0173 b\u016bti \u012fvairus, skanus ir sveikas. Gard\u016bs Brit Care Choice Chicken konservai su vi\u0161tiena pada\u017ee gali b\u016bti naudojami kaip visavertis maistas arba kaip papildas prie sauso pa\u0161aro, siekiant padidinti \u012fvairov\u0119 ir skon\u012f. Ypa\u010d tinka labai i\u0161rankioms kat\u0117ms arba gyv\u016bnams, turintiems problem\u0173 su mityba. Sud\u0117tyje esanti nasturt\u0117 ir \u0161altalankiai padeda u\u017ekirsti keli\u0105 \u0161lapimo tak\u0173&#8230;<\/p>","protected":false},"featured_media":20151,"comment_status":"closed","ping_status":"closed","template":"","meta":{"_acf_changed":false,"slim_seo":{"title":"Brit Care Choice Chicken konservai kat\u0117ms pada\u017ee - Zooprekes24","description":"Kassi toit peaks olema mitmekesine, maitsev ja tervislik. Delicious Brit Care Choice Chicken kanakonservi kana kastmes saab kasutada t\u00e4isteratoiduina."},"iawp_total_views":85},"product_brand":[],"product_cat":[9047,72,83,25,9020],"product_tag":[2168,1675,2173],"class_list":{"0":"post-23443","1":"product","2":"type-product","3":"status-publish","4":"has-post-thumbnail","6":"product_cat-brit-care-kaciu-prekiu-gamintojai","7":"product_cat-kaciu-maistas","8":"product_cat-kaciu-prekiu-gamintojai","9":"product_cat-katems","10":"product_cat-slapias-maistas-kaciu-maistas","11":"product_tag-brit-slapias-maistas","12":"product_tag-kaciu-edalas","13":"product_tag-konservuotas-maistas-katems","14":"pa_pasaro-sudetis-vistiena","15":"pa_prekiu-zenklai-brit-care","17":"first","18":"instock","19":"featured","20":"taxable","21":"shipping-taxable","22":"purchasable","23":"product-type-variable"},"acf":[],"_links":{"self":[{"href":"https:\/\/zooprekes24.lt\/et\/wp-json\/wp\/v2\/product\/23443","targetHints":{"allow":["GET"]}}],"collection":[{"href":"https:\/\/zooprekes24.lt\/et\/wp-json\/wp\/v2\/product"}],"about":[{"href":"https:\/\/zooprekes24.lt\/et\/wp-json\/wp\/v2\/types\/product"}],"replies":[{"embeddable":true,"href":"https:\/\/zooprekes24.lt\/et\/wp-json\/wp\/v2\/comments?post=23443"}],"wp:featuredmedia":[{"embeddable":true,"href":"https:\/\/zooprekes24.lt\/et\/wp-json\/wp\/v2\/media\/20151"}],"wp:attachment":[{"href":"https:\/\/zooprekes24.lt\/et\/wp-json\/wp\/v2\/media?parent=23443"}],"wp:term":[{"taxonomy":"product_brand","embeddable":true,"href":"https:\/\/zooprekes24.lt\/et\/wp-json\/wp\/v2\/product_brand?post=23443"},{"taxonomy":"product_cat","embeddable":true,"href":"https:\/\/zooprekes24.lt\/et\/wp-json\/wp\/v2\/product_cat?post=23443"},{"taxonomy":"product_tag","embeddable":true,"href":"https:\/\/zooprekes24.lt\/et\/wp-json\/wp\/v2\/product_tag?post=23443"}],"curies":[{"name":"wp","href":"https:\/\/api.w.org\/{rel}","templated":true}]}}