{"id":23440,"date":"2024-04-19T13:20:50","date_gmt":"2024-04-19T10:20:50","guid":{"rendered":"https:\/\/zooprekes24.lt\/produktas\/brit-care-kitten-tender-turkey-cat-wet\/"},"modified":"2024-07-09T18:43:05","modified_gmt":"2024-07-09T15:43:05","slug":"brit-care-kassipoeg-orn-kalkun-kass-marjaks","status":"publish","type":"product","link":"https:\/\/zooprekes24.lt\/et\/produktas\/brit-care-kitten-tender-turkey-cat-wet\/","title":{"rendered":"Brit Care Kitten Tender kalkunikonserv kassipoegadele kastmes"},"content":{"rendered":"<div class=\"benefits\">\n<h3>Kassi toit peaks olema mitmekesine, maitsev ja tervislik. Maitsvat Brit Care Kitten Tender Turkey kalkunikonservi kastmes saab kasutada t\u00e4istoiduna v\u00f5i kuivtoidule lisana, et lisada vaheldust ja maitset. Sobib eriti h\u00e4sti v\u00e4ga n\u00f5udlikele kassipoegadele v\u00f5i toitumisprobleemidega lemmikloomadele. Sisaldab <a href=\"https:\/\/krmivo-brit.cz\/cs\/brit-care-cat-kapsicky\" target=\"_blank\" rel=\"noopener\">astelpaju<\/a> aitab s\u00e4ilitada teie lemmiklooma terve naha ja l\u00e4ikiva karvkatte.<\/h3>\n<ul>\n<li>Sisaldab koguni 85% maitsvat liha.<\/li>\n<li>Ei ole lisatud suhkrut - ei ole soja - ei ole GMO.<\/li>\n<li>Konservides ei kasutata teravilja.<\/li>\n<li>\u00c4\u00e4rmiselt maitsvad, nii et isegi k\u00f5ige n\u00f5udlikumad maitsemehed naudivad neid. <a href=\"https:\/\/zooprekes24.lt\/et\/?s=ka%C4%8Diukams&amp;post_type=product\" target=\"_blank\" rel=\"noopener\">kassipoegade jaoks<\/a>.<\/li>\n<li>Sisaldab looduslikke antioks\u00fcdante: rosmariini ekstrakt.<\/li>\n<\/ul>\n<\/div>","protected":false},"excerpt":{"rendered":"<p>Kat\u0117s racionas tur\u0117t\u0173 b\u016bti \u012fvairus, skanus ir sveikas. Gard\u016bs Brit Care Kitten Tender Turkey konservai su kalakutiena pada\u017ee gali b\u016bti naudojami kaip visavertis maistas arba kaip papildas prie sauso pa\u0161aro, siekiant padidinti \u012fvairov\u0119 ir skon\u012f. Ypa\u010d tinka labai i\u0161rankiems ka\u010diukams arba gyv\u016bnams, turintiems problem\u0173 su mityba. Sud\u0117tyje esantys \u0161altalankiai padeda i\u0161laikyti sveik\u0105 augintinio od\u0105 ir&#8230;<\/p>","protected":false},"featured_media":20150,"comment_status":"closed","ping_status":"closed","template":"","meta":{"_acf_changed":false,"slim_seo":{"title":"Brit Care Kitten Tender Turkey konservai ka\u010diukams pada\u017ee - Zooprekes24","description":"Kat\u0117s racionas tur\u0117t\u0173 b\u016bti \u012fvairus, skanus ir sveikas. Gard\u016bs Brit Care Kitten Tender Turkey konservai su kalakutiena pada\u017ee gali b\u016bti naudojami kaip visavertis"},"iawp_total_views":199},"product_brand":[],"product_cat":[9047,72,83,25,9020],"product_tag":[2168,1675,2173],"class_list":{"0":"post-23440","1":"product","2":"type-product","3":"status-publish","4":"has-post-thumbnail","6":"product_cat-brit-care-kaciu-prekiu-gamintojai","7":"product_cat-kaciu-maistas","8":"product_cat-kaciu-prekiu-gamintojai","9":"product_cat-katems","10":"product_cat-slapias-maistas-kaciu-maistas","11":"product_tag-brit-slapias-maistas","12":"product_tag-kaciu-edalas","13":"product_tag-konservuotas-maistas-katems","14":"pa_pasaro-sudetis-kalakutiena","15":"pa_pasaro-sudetis-vistiena","16":"pa_prekiu-zenklai-brit-care","18":"first","19":"instock","20":"featured","21":"taxable","22":"shipping-taxable","23":"purchasable","24":"product-type-variable"},"acf":[],"_links":{"self":[{"href":"https:\/\/zooprekes24.lt\/et\/wp-json\/wp\/v2\/product\/23440","targetHints":{"allow":["GET"]}}],"collection":[{"href":"https:\/\/zooprekes24.lt\/et\/wp-json\/wp\/v2\/product"}],"about":[{"href":"https:\/\/zooprekes24.lt\/et\/wp-json\/wp\/v2\/types\/product"}],"replies":[{"embeddable":true,"href":"https:\/\/zooprekes24.lt\/et\/wp-json\/wp\/v2\/comments?post=23440"}],"wp:featuredmedia":[{"embeddable":true,"href":"https:\/\/zooprekes24.lt\/et\/wp-json\/wp\/v2\/media\/20150"}],"wp:attachment":[{"href":"https:\/\/zooprekes24.lt\/et\/wp-json\/wp\/v2\/media?parent=23440"}],"wp:term":[{"taxonomy":"product_brand","embeddable":true,"href":"https:\/\/zooprekes24.lt\/et\/wp-json\/wp\/v2\/product_brand?post=23440"},{"taxonomy":"product_cat","embeddable":true,"href":"https:\/\/zooprekes24.lt\/et\/wp-json\/wp\/v2\/product_cat?post=23440"},{"taxonomy":"product_tag","embeddable":true,"href":"https:\/\/zooprekes24.lt\/et\/wp-json\/wp\/v2\/product_tag?post=23440"}],"curies":[{"name":"wp","href":"https:\/\/api.w.org\/{rel}","templated":true}]}}