{"id":23439,"date":"2024-04-19T13:20:50","date_gmt":"2024-04-19T10:20:50","guid":{"rendered":"https:\/\/zooprekes24.lt\/produktas\/brit-premium-by-nature-pork-with-trachea\/"},"modified":"2024-07-08T14:08:45","modified_gmt":"2024-07-08T11:08:45","slug":"brit-premium-by-nature-sealiha-trahheaga","status":"publish","type":"product","link":"https:\/\/zooprekes24.lt\/et\/produktas\/brit-premium-by-nature-pork-with-trachea\/","title":{"rendered":"Brit Premium by Nature Pork with Trachea Konservitoit koertele"},"content":{"rendered":"<h3>Brit Premium by Nature Pork with Trachea - konserveeritud sealiha ja trachea koertele on ideaalne t\u00e4iendus kuivtoidule v\u00f5i lihtsalt maitsvaks t\u00e4isv\u00e4\u00e4rtuslikuks vahepalaks. See aitab parandada toidu tarbimist ja t\u00e4iendada vedelikku. Sisaldab mineraale, mis toetavad tervislikke liigeseid, <a href=\"https:\/\/zooprekes24.lt\/et\/toode\/brit-care-lassi-oli\/\" target=\"_blank\" rel=\"noopener\">l\u00f5he\u00f5li<\/a> ja maitsetaimed.<\/h3>\n<ul>\n<li><a href=\"https:\/\/brit-petfood.com\/lt\/kodel-grain-free\" target=\"_blank\" rel=\"noopener\">teraviljavaba - soolavaba - GMO-vaba<\/a>.<\/li>\n<li>Suurep\u00e4rane seeditavus ja suurep\u00e4rane liha maitse.<\/li>\n<li>Toitainete, vitamiinide ja mineraalide tasakaalustatud sisaldus.<\/li>\n<\/ul>","protected":false},"excerpt":{"rendered":"<p>Brit Premium by Nature Pork with Trachea &#8211;\u00a0konservai su kiauliena ir trach\u0117jomis \u0161unims tai idealus papildas sausam maistui pagardinti arba tiesiog skanus pilnavertis u\u017ekandis. Jis padeda pagerinti maisto suvartojim\u0105 ir papildyti skys\u010dius. Sud\u0117tyje yra mineral\u0173, kurie palaiko sveikus s\u0105narius, la\u0161i\u0161\u0173 aliejaus bei vaista\u017eoli\u0173. Be gr\u016bd\u0173 &#8211; be druskos &#8211; be GMO. Puikus vir\u0161kinamumas ir nuostabus&#8230;<\/p>","protected":false},"featured_media":20149,"comment_status":"closed","ping_status":"closed","template":"","meta":{"_acf_changed":false,"slim_seo":{"title":"Brit Premium by Nature Pork with Trachea konservai \u0161unims - Zooprekes24","description":"Brit Premium by Nature Pork with Trachea - konserveeritud sealiha ja trachea koertele on ideaalne t\u00e4iendus kuivtoidule v\u00f5i lihtsalt maitsvaks t\u00e4istera toiduks."},"iawp_total_views":58},"product_brand":[],"product_cat":[9006,9004,8999,29,31],"product_tag":[730,418],"class_list":{"0":"post-23439","1":"product","2":"type-product","3":"status-publish","4":"has-post-thumbnail","6":"product_cat-brit-premium","7":"product_cat-slapias-maistas","8":"product_cat-sunims","9":"product_cat-sunu-maistas","10":"product_cat-sunu-prekiu-gamintojai","11":"product_tag-brit-premium-slapias-maistas","12":"product_tag-konservuotas-maistas-sunims","13":"pa_pasaro-sudetis-kiauliena","14":"pa_prekiu-zenklai-brit-premium","15":"pa_suns-amzius-senjorams","16":"pa_suns-amzius-suaugusiems","17":"pa_veisles-dydis-didelems-veislems","18":"pa_veisles-dydis-mazoms-veislems","19":"pa_veisles-dydis-vidutinems-veislems","20":"pa_veisles-dydis-visu-dydziu-veislems","22":"first","23":"instock","24":"featured","25":"taxable","26":"shipping-taxable","27":"purchasable","28":"product-type-variable"},"acf":[],"_links":{"self":[{"href":"https:\/\/zooprekes24.lt\/et\/wp-json\/wp\/v2\/product\/23439","targetHints":{"allow":["GET"]}}],"collection":[{"href":"https:\/\/zooprekes24.lt\/et\/wp-json\/wp\/v2\/product"}],"about":[{"href":"https:\/\/zooprekes24.lt\/et\/wp-json\/wp\/v2\/types\/product"}],"replies":[{"embeddable":true,"href":"https:\/\/zooprekes24.lt\/et\/wp-json\/wp\/v2\/comments?post=23439"}],"wp:featuredmedia":[{"embeddable":true,"href":"https:\/\/zooprekes24.lt\/et\/wp-json\/wp\/v2\/media\/20149"}],"wp:attachment":[{"href":"https:\/\/zooprekes24.lt\/et\/wp-json\/wp\/v2\/media?parent=23439"}],"wp:term":[{"taxonomy":"product_brand","embeddable":true,"href":"https:\/\/zooprekes24.lt\/et\/wp-json\/wp\/v2\/product_brand?post=23439"},{"taxonomy":"product_cat","embeddable":true,"href":"https:\/\/zooprekes24.lt\/et\/wp-json\/wp\/v2\/product_cat?post=23439"},{"taxonomy":"product_tag","embeddable":true,"href":"https:\/\/zooprekes24.lt\/et\/wp-json\/wp\/v2\/product_tag?post=23439"}],"curies":[{"name":"wp","href":"https:\/\/api.w.org\/{rel}","templated":true}]}}