{"id":23433,"date":"2024-04-19T13:20:50","date_gmt":"2024-04-19T10:20:50","guid":{"rendered":"https:\/\/zooprekes24.lt\/produktas\/brit-premium-salmon-for-sterilised-kons\/"},"modified":"2026-04-01T19:11:29","modified_gmt":"2026-04-01T17:11:29","slug":"brit-premium-lohe-steriliseeritud-koertele","status":"publish","type":"product","link":"https:\/\/zooprekes24.lt\/et\/produktas\/brit-premium-salmon-for-sterilised-kons\/","title":{"rendered":"Brit Premium Salmon for Steriliseeritud kassikonservid Brit Premium Salmon for Steriliseeritud kassikonservid Brit Premium Salmon for Steriliseeritud kassidele"},"content":{"rendered":"<h3>Brit Premium Salmon for Steriliseeritud kassikonserv on k\u00f5rgekvaliteediline t\u00e4istoit t\u00e4iskasvanud kassidele kotis.<\/h3>\n<p>Need super maitsvad l\u00f5he <a href=\"https:\/\/www.youtube.com\/watch?v=wVNj1tuc-rU\" target=\"_blank\" rel=\"noopener\">t\u00fckid kastmes<\/a> spetsiaalselt kohandatud <a href=\"https:\/\/zooprekes24.lt\/et\/?s=sterilizuotoms&amp;post_type=product\" target=\"_blank\" rel=\"noopener\">steriliseeritud kasside puhul<\/a> tasakaalustatud toitumine teie lemmikloomale ja meeldiv rahulolu iga hammustusega.<\/p>","protected":false},"excerpt":{"rendered":"<p>Brit Premium Salmon for Steriliseeritud kassikonserv on k\u00f5rgekvaliteediline t\u00e4istoit t\u00e4iskasvanud kassidele kotis. Need \u00fclimaitsvad l\u00f5het\u00fckid spetsiaalselt steriliseeritud kassidele kohandatud kastmes pakuvad teie lemmikloomale tasakaalustatud toitu ja meeldivat rahulolu iga suut\u00e4iega.<\/p>","protected":false},"featured_media":18316,"comment_status":"closed","ping_status":"closed","template":"","meta":{"_acf_changed":false,"slim_seo":{"title":"Brit Premium Salmon for Sterilised konservai kat\u0117ms - Zooprekes24","description":"Brit Premium Salmon for Steriliseeritud kassikonserv on k\u00f5rgekvaliteediline t\u00e4istoit t\u00e4iskasvanud kassidele kotis. Need \u00fclimaitsvad l\u00f5het\u00fckid teevad"},"iawp_total_views":72},"product_brand":[],"product_cat":[9048,72,83,25,9020],"product_tag":[730,2168,1675,2173],"class_list":{"0":"post-23433","1":"product","2":"type-product","3":"status-publish","4":"has-post-thumbnail","6":"product_cat-brit-premium-kaciu-prekiu-gamintojai","7":"product_cat-kaciu-maistas","8":"product_cat-kaciu-prekiu-gamintojai","9":"product_cat-katems","10":"product_cat-slapias-maistas-kaciu-maistas","11":"product_tag-brit-premium-slapias-maistas","12":"product_tag-brit-slapias-maistas","13":"product_tag-kaciu-edalas","14":"product_tag-konservuotas-maistas-katems","15":"pa_pasaro-sudetis-lasisa","16":"pa_pasaro-sudetis-zuvis","17":"pa_prekiu-zenklai-brit-premium","19":"first","20":"instock","21":"featured","22":"taxable","23":"shipping-taxable","24":"purchasable","25":"product-type-variable"},"acf":[],"_links":{"self":[{"href":"https:\/\/zooprekes24.lt\/et\/wp-json\/wp\/v2\/product\/23433","targetHints":{"allow":["GET"]}}],"collection":[{"href":"https:\/\/zooprekes24.lt\/et\/wp-json\/wp\/v2\/product"}],"about":[{"href":"https:\/\/zooprekes24.lt\/et\/wp-json\/wp\/v2\/types\/product"}],"replies":[{"embeddable":true,"href":"https:\/\/zooprekes24.lt\/et\/wp-json\/wp\/v2\/comments?post=23433"}],"wp:featuredmedia":[{"embeddable":true,"href":"https:\/\/zooprekes24.lt\/et\/wp-json\/wp\/v2\/media\/18316"}],"wp:attachment":[{"href":"https:\/\/zooprekes24.lt\/et\/wp-json\/wp\/v2\/media?parent=23433"}],"wp:term":[{"taxonomy":"product_brand","embeddable":true,"href":"https:\/\/zooprekes24.lt\/et\/wp-json\/wp\/v2\/product_brand?post=23433"},{"taxonomy":"product_cat","embeddable":true,"href":"https:\/\/zooprekes24.lt\/et\/wp-json\/wp\/v2\/product_cat?post=23433"},{"taxonomy":"product_tag","embeddable":true,"href":"https:\/\/zooprekes24.lt\/et\/wp-json\/wp\/v2\/product_tag?post=23433"}],"curies":[{"name":"wp","href":"https:\/\/api.w.org\/{rel}","templated":true}]}}