{"id":23427,"date":"2024-04-19T13:20:50","date_gmt":"2024-04-19T10:20:50","guid":{"rendered":"https:\/\/zooprekes24.lt\/produktas\/brit-premium-lamb-for-sterilised-kons\/"},"modified":"2026-04-01T19:10:19","modified_gmt":"2026-04-01T17:10:19","slug":"brit-premium-lambaliha-steriliseeritud-koertele","status":"publish","type":"product","link":"https:\/\/zooprekes24.lt\/et\/produktas\/brit-premium-lamb-for-sterilised-kons\/","title":{"rendered":"Brit Premium Lamb for Steriliseeritud kassikonservid Brit Premium Lamb for Steriliseeritud kassikonservid Brit Premium Lamb for Steriliseeritud kassidele"},"content":{"rendered":"<h3>Brit Premium Lamb for Steriliseeritud kasside konservtoit - k\u00f5rgeima kvaliteediga t\u00e4istoit t\u00e4iskasvanud kassidele kotis.<\/h3>\n<p>Need super maitsvad lambaliha <a href=\"https:\/\/www.youtube.com\/watch?v=wVNj1tuc-rU\" target=\"_blank\" rel=\"noopener\">t\u00fckid kastmes<\/a> spetsiaalselt kohandatud <a href=\"https:\/\/zooprekes24.lt\/et\/?s=sterilizuotoms&amp;post_type=product\" target=\"_blank\" rel=\"noopener\">steriliseeritud kasside puhul<\/a> tasakaalustatud toitumine teie lemmikloomale ja meeldiv rahulolu iga hammustusega.<\/p>","protected":false},"excerpt":{"rendered":"<p>Brit Premium Lamb for Steriliseeritud kassikonserv - k\u00f5rgeima kvaliteediga t\u00e4istoit t\u00e4iskasvanud kassidele kotis. Need maitsvad lambaliha t\u00fckid spetsiaalselt steriliseeritud kassidele kohandatud kastmes pakuvad teie lemmikloomale tasakaalustatud toitumist ja rahulolu iga suut\u00e4iega.<\/p>","protected":false},"featured_media":18310,"comment_status":"closed","ping_status":"closed","template":"","meta":{"_acf_changed":false,"slim_seo":{"title":"Brit Premium Lamb for Sterilised konservai kat\u0117ms - Zooprekes24","description":"Brit Premium Lamb for Steriliseeritud kassikonserv on k\u00f5rgekvaliteediline t\u00e4istoit t\u00e4iskasvanud kassidele kotikeses. Need \u00fclimaitsvad lambaliha t\u00fckid kastmes"},"iawp_total_views":96},"product_brand":[],"product_cat":[9048,72,83,25,9020],"product_tag":[730,2168,1675,2173],"class_list":{"0":"post-23427","1":"product","2":"type-product","3":"status-publish","4":"has-post-thumbnail","6":"product_cat-brit-premium-kaciu-prekiu-gamintojai","7":"product_cat-kaciu-maistas","8":"product_cat-kaciu-prekiu-gamintojai","9":"product_cat-katems","10":"product_cat-slapias-maistas-kaciu-maistas","11":"product_tag-brit-premium-slapias-maistas","12":"product_tag-brit-slapias-maistas","13":"product_tag-kaciu-edalas","14":"product_tag-konservuotas-maistas-katems","15":"pa_pasaro-sudetis-eriena","16":"pa_prekiu-zenklai-brit-premium","18":"first","19":"instock","20":"featured","21":"taxable","22":"shipping-taxable","23":"purchasable","24":"product-type-variable"},"acf":[],"_links":{"self":[{"href":"https:\/\/zooprekes24.lt\/et\/wp-json\/wp\/v2\/product\/23427","targetHints":{"allow":["GET"]}}],"collection":[{"href":"https:\/\/zooprekes24.lt\/et\/wp-json\/wp\/v2\/product"}],"about":[{"href":"https:\/\/zooprekes24.lt\/et\/wp-json\/wp\/v2\/types\/product"}],"replies":[{"embeddable":true,"href":"https:\/\/zooprekes24.lt\/et\/wp-json\/wp\/v2\/comments?post=23427"}],"wp:featuredmedia":[{"embeddable":true,"href":"https:\/\/zooprekes24.lt\/et\/wp-json\/wp\/v2\/media\/18310"}],"wp:attachment":[{"href":"https:\/\/zooprekes24.lt\/et\/wp-json\/wp\/v2\/media?parent=23427"}],"wp:term":[{"taxonomy":"product_brand","embeddable":true,"href":"https:\/\/zooprekes24.lt\/et\/wp-json\/wp\/v2\/product_brand?post=23427"},{"taxonomy":"product_cat","embeddable":true,"href":"https:\/\/zooprekes24.lt\/et\/wp-json\/wp\/v2\/product_cat?post=23427"},{"taxonomy":"product_tag","embeddable":true,"href":"https:\/\/zooprekes24.lt\/et\/wp-json\/wp\/v2\/product_tag?post=23427"}],"curies":[{"name":"wp","href":"https:\/\/api.w.org\/{rel}","templated":true}]}}