{"id":23417,"date":"2024-04-19T13:20:38","date_gmt":"2024-04-19T10:20:38","guid":{"rendered":"https:\/\/zooprekes24.lt\/produktas\/royal-canin-satiety-weight-management\/"},"modified":"2025-07-28T19:25:29","modified_gmt":"2025-07-28T17:25:29","slug":"royal-canin-satiety-weight-management","status":"publish","type":"product","link":"https:\/\/zooprekes24.lt\/et\/produktas\/royal-canin-satiety-weight-management\/","title":{"rendered":"Royal Canin Satiety Weight Management kuivtoit koertele"},"content":{"rendered":"<h3>Royal Canin Satiety Weight Management &#8211; veterinarinis vidutini\u0173 ir dideli\u0173 veisli\u0173 (nuo 10 kg), suaugusi\u0173 ir vyresnio am\u017eiaus \u0161un\u0173 sausas maistas. Speciali veterinarin\u0117 dieta pritaikyta \u0161unims, kovojantiems su antsvorio ir nutukimo problemomis. Maisto sud\u0117tyje padidintas lengvai vir\u0161kinam\u0173 baltym\u0173 kiekis bei vertingas sveikatai vitamin\u0173 ir mineral\u0173 kompleksas. Prie\u0161 pradedant diet\u0105, b\u016btina nustatyti idealu \u0161uns k\u016bno svor\u012f pagal individualias gyv\u016bno savybes ir veisl\u0117s standart\u0105. Optimalus svorio metimas: 1-3% per savait\u0119.<\/h3>\n<ul>\n<li>Royal Canin Satiety Weight Management'i k\u00f5rge valgusisaldus (&gt;111 g\/1000 kcal) v\u00e4hendab looma lihasmassi kadu kuni 30% v\u00f5rra kaalulanguse perioodil.<\/li>\n<li><a href=\"https:\/\/www.youtube.com\/watch?v=UUHrWGqmGwQ&amp;feature=emb_title\" target=\"_blank\" rel=\"noopener\">Eri t\u00fc\u00fcpi kiudainete eriline segu soodustab k\u00f5hu t\u00e4itumist ja k\u00fcllastumist.<\/a>mis v\u00e4hendab igap\u00e4evaste s\u00f6\u00f6gikordade arvu. Seda efekti suurendab veelgi ainulaadne toidupellet, mille tihedus on v\u00e4ike, kuid mis suurendab toidu mahtu koguni 32% v\u00f5rra v\u00f5rreldes tavap\u00e4rase k\u00f5rge kiudainesisaldusega toiduga.<\/li>\n<li>Lambalihas sisalduvad toitained, sealhulgas <a href=\"https:\/\/zooprekes24.lt\/et\/toode\/canvit-chondro-maxi-230g\/\" target=\"_blank\" rel=\"noopener\">kondroitiinsulfaat<\/a> ja gl\u00fckoosamiin aitab hoida teie lemmiklooma luud, k\u00f5hred ja liigesed terved, mis on koera \u00fclekaalulisuse t\u00f5ttu eriti koormatud ja stressis.<\/li>\n<li>Royal Canin Satiety Weight Management'i ainulaadne koostis, mis on rikastatud kasuliku vitamiinide ja mineraalainete kompleksiga, annab teie lemmikloomale k\u00f5ik vajalikud toitained, mida on vaja kaalulanguse ja toitumispiirangute ajal.<\/li>\n<\/ul>\n<h3><span style=\"color: #438472; font-size: 14px;\"><strong>Sobiv toit <span style=\"color: #438472;\">kasutamiseks aadressil<\/span> kui see juhtub:<\/strong><\/span><\/h3>\n<ul>\n<li>Rasvumine<\/li>\n<li>\u00dclekaaluline<\/li>\n<li>\u00dclekaaluline h\u00fcperlipideemia<\/li>\n<li>Diabeet (\u00fclekaalulisus)<\/li>\n<\/ul>\n<h3><span style=\"font-size: 14px; color: #438472;\"><strong>Toitu ei tohiks kasutada:<\/strong><\/span><\/h3>\n<ul>\n<li>Raseduse, imetamise, kasvu ajal<\/li>\n<li>Kroonilised haigused, mis n\u00f5uavad k\u00f5rge kalorsusega dieeti.<\/li>\n<\/ul>\n<p><a ref=\"magnificPopup\" href=\"https:\/\/zooprekes24.lt\/wp-content\/uploads\/hypoallergic-logo.png\"><img loading=\"lazy\" decoding=\"async\" class=\"wp-image-11369\" src=\"https:\/\/zooprekes24.lt\/wp-content\/uploads\/hypoallergic-logo.png\" alt=\"Royal Canin Hypoallergeenne kuivtoit koertele logo\" width=\"301\" height=\"313\" \/><\/a><\/p>","protected":false},"excerpt":{"rendered":"<p>Royal Canin Satiety Weight Management &#8211; veterinarinis vidutini\u0173 ir dideli\u0173 veisli\u0173 (nuo 10 kg), suaugusi\u0173 ir vyresnio am\u017eiaus \u0161un\u0173 sausas maistas. Speciali veterinarin\u0117 dieta pritaikyta \u0161unims, kovojantiems su antsvorio ir nutukimo problemomis. Maisto sud\u0117tyje padidintas lengvai vir\u0161kinam\u0173 baltym\u0173 kiekis bei vertingas sveikatai vitamin\u0173 ir mineral\u0173 kompleksas. Prie\u0161 pradedant diet\u0105, b\u016btina nustatyti idealu \u0161uns k\u016bno svor\u012f&#8230;<\/p>","protected":false},"featured_media":20144,"comment_status":"closed","ping_status":"closed","template":"","meta":{"_acf_changed":false,"slim_seo":{"title":"Royal Canin Satiety Weight Management sausas maistas \u0161unims - Zooprekes24","description":"Royal Canin Satiety Weight Management - veterinarinis vidutini\u0173 ir dideli\u0173 veisli\u0173 (nuo 10 kg), suaugusi\u0173 ir vyresnio am\u017eiaus \u0161un\u0173 sausas maistas. Speciali vete"},"iawp_total_views":373},"product_brand":[],"product_cat":[9241,9002,8999,29,31,9035],"product_tag":[4413,177,4414,4419,200],"class_list":{"0":"post-23417","1":"product","2":"type-product","3":"status-publish","4":"has-post-thumbnail","6":"product_cat-royal-canin-veterinary-diets-sunims","7":"product_cat-sausas-maistas","8":"product_cat-sunims","9":"product_cat-sunu-maistas","10":"product_cat-sunu-prekiu-gamintojai","11":"product_cat-veterinarine-dieta","12":"product_tag-dietinis-maistas-sunims","13":"product_tag-edalas-sunims","14":"product_tag-maistas-nutukusiam-suniui","15":"product_tag-royal-canin-satajeti","16":"product_tag-super-premium-maistas-sunims","17":"pa_pasaro-sudetis-vistiena","18":"pa_pasaro-sudetis-zuvis","19":"pa_prekiu-zenklai-royal-canin-veterinary-diets","20":"pa_suns-amzius-senjorams","21":"pa_suns-amzius-suaugusiems","22":"pa_veisles-dydis-didelems-veislems","23":"pa_veisles-dydis-vidutinems-veislems","25":"first","26":"instock","27":"taxable","28":"shipping-taxable","29":"purchasable","30":"product-type-variable"},"acf":[],"_links":{"self":[{"href":"https:\/\/zooprekes24.lt\/et\/wp-json\/wp\/v2\/product\/23417","targetHints":{"allow":["GET"]}}],"collection":[{"href":"https:\/\/zooprekes24.lt\/et\/wp-json\/wp\/v2\/product"}],"about":[{"href":"https:\/\/zooprekes24.lt\/et\/wp-json\/wp\/v2\/types\/product"}],"replies":[{"embeddable":true,"href":"https:\/\/zooprekes24.lt\/et\/wp-json\/wp\/v2\/comments?post=23417"}],"wp:featuredmedia":[{"embeddable":true,"href":"https:\/\/zooprekes24.lt\/et\/wp-json\/wp\/v2\/media\/20144"}],"wp:attachment":[{"href":"https:\/\/zooprekes24.lt\/et\/wp-json\/wp\/v2\/media?parent=23417"}],"wp:term":[{"taxonomy":"product_brand","embeddable":true,"href":"https:\/\/zooprekes24.lt\/et\/wp-json\/wp\/v2\/product_brand?post=23417"},{"taxonomy":"product_cat","embeddable":true,"href":"https:\/\/zooprekes24.lt\/et\/wp-json\/wp\/v2\/product_cat?post=23417"},{"taxonomy":"product_tag","embeddable":true,"href":"https:\/\/zooprekes24.lt\/et\/wp-json\/wp\/v2\/product_tag?post=23417"}],"curies":[{"name":"wp","href":"https:\/\/api.w.org\/{rel}","templated":true}]}}