{"id":23414,"date":"2024-04-19T13:20:38","date_gmt":"2024-04-19T10:20:38","guid":{"rendered":"https:\/\/zooprekes24.lt\/produktas\/royal-canin-sensitivity-control-pastetas\/"},"modified":"2025-07-28T18:49:18","modified_gmt":"2025-07-28T16:49:18","slug":"royal-canin-sensitivity-control-pate","status":"publish","type":"product","link":"https:\/\/zooprekes24.lt\/et\/produktas\/royal-canin-sensitivity-control-pastetas\/","title":{"rendered":"Royal Canin Sensitivity Control pasteet koertele"},"content":{"rendered":"<h3>Royal Canin Sensitivity Control on veterinaarne m\u00e4rgtoit t\u00e4iskasvanud ja vanemaealistele koertele. H\u00fcpoallergeenne veterinaars\u00f6\u00f6t, mis on kohandatud koertele, kellel on \u00fclitundlikkus teatud valgur\u00fchmade suhtes, erinevad toiduallergiad ja toidutalumatused. Ainulaadne konservivalem on m\u00f5eldud koostisosade ja toitainete talumatuse v\u00e4hendamiseks ja kontrollimiseks. Maitsva pardi ja riisiga.<\/h3>\n<ul>\n<li>Royal Canin Sensitivity Control konserveeritud piimasegu koosneb valguisolaadist ja taimse toidukiu h\u00fcdrol\u00fcsaadist. Need koosnevad madala molekulmassiga peptiididest, mis muudavad toidu kergesti seeditavaks ja allergiliste koerte seedes\u00fcsteemi poolt h\u00e4sti talutavaks.<\/li>\n<li>Koostises olevad vitamiinikompleksid tugevdavad teie lemmiklooma naha kaitsvat barj\u00e4\u00e4rifunktsiooni ja hoiavad \u00e4ra liigse kuivuse, mis v\u00f5ib p\u00f5hjustada tugevat s\u00fcgelust.<\/li>\n<li>Omega-3 rasvhapete kaks peamist t\u00fc\u00fcpi on j\u00e4rgmised. <a href=\"https:\/\/omegamarine.lt\/apie-omega3\/\" target=\"_blank\" rel=\"noopener\">EPA (eikosapentaeenhape) ja DHA (dokosaheksaeenhape).<\/a> leidub looduslikult sellistes rasvastes merekalades nagu l\u00f5he, makrell, heeringas, tuunikala ja sardiinid. Need pasteedis sisalduvad happed aitavad reguleerida naha reaktsioone allergiatele ja osalevad ka soolestiku limaskesta rakkude ehituses.<\/li>\n<li>Royal Canin Sensitivity Control m\u00e4rgtoit sisaldab L-T\u00fcrosiiniga rikastatud patenteeritud intensiivset v\u00e4rvikompleksi, mis aitab taastada karvkatte loomuliku v\u00e4rvi optimaalse intensiivsuse.<\/li>\n<li><a href=\"https:\/\/www.youtube.com\/watch?v=2r6aVu54J20\" target=\"_blank\" rel=\"noopener\">See kasutab piiratud toiduvalgu allikat: part ja piiratud s\u00fcsivesikute allikat: riis.<\/a><\/li>\n<\/ul>\n<h3><span style=\"color: #408ca3; font-size: 14px;\"><strong>Toit on tarbimisk\u00f5lblik, kui:<\/strong><\/span><\/h3>\n<ul>\n<li>Ebasoodne reaktsioon s\u00f6\u00f6dale (ADR)<\/li>\n<li>Atoopiline dermatiit koos kroonilise s\u00fcgelusega (kerged juhud)<\/li>\n<li>Krooniline k\u00f5hulahtisus<\/li>\n<li>Toitainete talumatus<\/li>\n<li>Toiduallergiad<\/li>\n<\/ul>\n<h3><span style=\"font-size: 14px; color: #408ca3;\"><strong>Toitu ei tohi kasutada, kui olete haige:<\/strong><\/span><\/h3>\n<ul>\n<li>\u00c4ge pankreatiit <span style=\"color: #000000;\"><strong>*<\/strong><\/span><\/li>\n<li>Raseduse, imetamise, kasvu ajal<\/li>\n<\/ul>\n<p><span style=\"color: #000000;\"><strong>*<\/strong><\/span>\u00a0<small>S\u00f6\u00f6tmine on v\u00f5imalik kroonilise pankreatiidi korral<\/small><\/p>\n<p><a ref=\"magnificPopup\" href=\"https:\/\/zooprekes24.lt\/wp-content\/uploads\/hypoallergic-logo.png\"><img loading=\"lazy\" decoding=\"async\" class=\"wp-image-11369\" src=\"https:\/\/zooprekes24.lt\/wp-content\/uploads\/hypoallergic-logo.png\" alt=\"Royal Canin Hypoallergeenne kuivtoit koertele logo\" width=\"301\" height=\"313\" \/><\/a><\/p>","protected":false},"excerpt":{"rendered":"<p>Royal Canin Sensitivity Control &#8211; veterinarinis suaugusi\u0173 ir vyresnio am\u017eiaus \u0161un\u0173 \u0161lapias maistas. Hipoalergin\u0117 veterinarin\u0117 dieta pritaikyta \u0161unims su padid\u0117jusiu organizmo jautrumu konkre\u010dioms baltym\u0173 grup\u0117ms, ken\u010diantiems nuo \u012fvairi\u0173 maisto alergij\u0173 ir maisto netoleravimo. Unikali konserv\u0173 formul\u0117 skirta ingredient\u0173 ir maistini\u0173 med\u017eiag\u0173 netoleravimo ma\u017einimui ir kontroliavimui. Su gard\u017eia antiena ir ry\u017eiais. Royal Canin Sensitivity Control konserv\u0173&#8230;<\/p>","protected":false},"featured_media":18306,"comment_status":"closed","ping_status":"closed","template":"","meta":{"_acf_changed":false,"slim_seo":{"title":"Royal Canin Sensitivity Control pa\u0161tetas \u0161unims - Zooprekes24","description":"Royal Canin Sensitivity Control on veterinaarne m\u00e4rgtoit t\u00e4iskasvanud ja vanemaealistele koertele. K\u00f5rgendatud tundlikkusega koertele kohandatud h\u00fcpoallergeenne veterinaars\u00f6\u00f6t."},"iawp_total_views":157},"product_brand":[],"product_cat":[9241,9004,8999,29,31,9035],"product_tag":[177,4285,4286,4300,200],"class_list":{"0":"post-23414","1":"product","2":"type-product","3":"status-publish","4":"has-post-thumbnail","6":"product_cat-royal-canin-veterinary-diets-sunims","7":"product_cat-slapias-maistas","8":"product_cat-sunims","9":"product_cat-sunu-maistas","10":"product_cat-sunu-prekiu-gamintojai","11":"product_cat-veterinarine-dieta","12":"product_tag-edalas-sunims","13":"product_tag-royal-canin-alergiskam-suniui","14":"product_tag-royal-canin-alergiskiems-sunims","15":"product_tag-suns-letinis-viduriavimas","16":"product_tag-super-premium-maistas-sunims","17":"pa_pasaro-sudetis-antiena","18":"pa_pasaro-sudetis-ryziai","19":"pa_prekiu-zenklai-royal-canin-veterinary-diets","20":"pa_suns-amzius-senjorams","21":"pa_suns-amzius-suaugusiems","22":"pa_veisles-dydis-didelems-veislems","23":"pa_veisles-dydis-mazoms-veislems","24":"pa_veisles-dydis-vidutinems-veislems","25":"pa_veisles-dydis-visu-dydziu-veislems","27":"first","28":"instock","29":"taxable","30":"shipping-taxable","31":"purchasable","32":"product-type-variable"},"acf":[],"_links":{"self":[{"href":"https:\/\/zooprekes24.lt\/et\/wp-json\/wp\/v2\/product\/23414","targetHints":{"allow":["GET"]}}],"collection":[{"href":"https:\/\/zooprekes24.lt\/et\/wp-json\/wp\/v2\/product"}],"about":[{"href":"https:\/\/zooprekes24.lt\/et\/wp-json\/wp\/v2\/types\/product"}],"replies":[{"embeddable":true,"href":"https:\/\/zooprekes24.lt\/et\/wp-json\/wp\/v2\/comments?post=23414"}],"wp:featuredmedia":[{"embeddable":true,"href":"https:\/\/zooprekes24.lt\/et\/wp-json\/wp\/v2\/media\/18306"}],"wp:attachment":[{"href":"https:\/\/zooprekes24.lt\/et\/wp-json\/wp\/v2\/media?parent=23414"}],"wp:term":[{"taxonomy":"product_brand","embeddable":true,"href":"https:\/\/zooprekes24.lt\/et\/wp-json\/wp\/v2\/product_brand?post=23414"},{"taxonomy":"product_cat","embeddable":true,"href":"https:\/\/zooprekes24.lt\/et\/wp-json\/wp\/v2\/product_cat?post=23414"},{"taxonomy":"product_tag","embeddable":true,"href":"https:\/\/zooprekes24.lt\/et\/wp-json\/wp\/v2\/product_tag?post=23414"}],"curies":[{"name":"wp","href":"https:\/\/api.w.org\/{rel}","templated":true}]}}