{"id":23410,"date":"2024-04-19T13:20:38","date_gmt":"2024-04-19T10:20:38","guid":{"rendered":"https:\/\/zooprekes24.lt\/produktas\/royal-canin-anallergenic-sunims\/"},"modified":"2025-10-21T10:45:58","modified_gmt":"2025-10-21T08:45:58","slug":"royal-canin-anallergeensed-sunims","status":"publish","type":"product","link":"https:\/\/zooprekes24.lt\/et\/produktas\/royal-canin-anallergenic-sunims\/","title":{"rendered":"Royal Canin Anallergenic kuivtoit koertele"},"content":{"rendered":"<h3>Royal Canin Anallergenic on veterinaarne kuivtoit t\u00e4iskasvanud ja vanemaealistele koertele. H\u00fcpoallergeenne veterinaartoit, mis on m\u00f5eldud \u00fclitundlike, toiduallergiliste v\u00f5i toidutalumatusega koertele. M\u00f5eldud v\u00e4hendama talumatust s\u00f6\u00f6datoorainete ja toitainete suhtes. Valitud valgu- ja s\u00fcsivesikute allikad. M\u00f5eldud toidu k\u00f5rvaldamise dieediks.<\/h3>\n<ul>\n<li>Eriline <a href=\"https:\/\/www.youtube.com\/watch?v=e_BUgKozqZw\" target=\"_blank\" rel=\"noopener\">Royal Canin Anallergenic<\/a> Toit, mis on valmistatud k\u00f5rgelt h\u00fcdrol\u00fc\u00fcsitud sulgede valkudest, mis on loodud selleks, et hoida toiduallergeenid minimaalsel tasemel. Tootmisprotsess on planeeritud ja hoolikalt l\u00e4bi viidud, et v\u00e4ltida v\u00f5imalikku kokkupuudet toiduainetega, mis on allergeenidega.<\/li>\n<li>Royal Canin Anallergenic koostis koosneb valguisolaadist ja taimsete kiudainete h\u00fcdrol\u00fcsaadist. Need koosnevad madala molekulmassiga peptiididest, mis muudavad toidu kergesti seeditavaks ja allergiliste koerte seedes\u00fcsteemile h\u00e4sti talutavaks. See on esimene kaubanduslik toit, millel on \u00e4\u00e4rmiselt suur vabade aminohapete ja v\u00e4ikeste peptiidide (valgu fragmentide) sisaldus (95%&lt;1 Kd).<\/li>\n<li>Koostises olevad vitamiinikompleksid tugevdavad teie lemmiklooma naha kaitsvat barj\u00e4\u00e4rifunktsiooni ja hoiavad \u00e4ra liigse kuivuse, mis v\u00f5ib p\u00f5hjustada tugevat s\u00fcgelust.<\/li>\n<li>Patenteeritud s\u00fcnergiline antioks\u00fcdantide kompleks aitab neutraliseerida vabu radikaale.<\/li>\n<\/ul>\n<h3><span style=\"color: #408ca3; font-size: 14px;\"><strong>Toit on tarbimisk\u00f5lblik, kui:<\/strong><\/span><\/h3>\n<ul>\n<li>Toiduainete talumatuse test<\/li>\n<li>Atoopiline dermatiit koos kroonilise s\u00fcgelusega (kerged juhud)<\/li>\n<li>P\u00f5letikuline soolehaigus (IBD)<\/li>\n<li>Toiduallergiad<\/li>\n<li>Toitainete talumatus<\/li>\n<\/ul>\n<h3><span style=\"font-size: 14px; color: #408ca3;\"><strong>Toitu ei tohi kasutada, kui olete haige:<\/strong><\/span><\/h3>\n<ul>\n<li>Pankreatiit (sealhulgas varem edastatud)<\/li>\n<li>Raseduse, imetamise, kasvu ajal<\/li>\n<\/ul>\n<p><a ref=\"magnificPopup\" href=\"https:\/\/zooprekes24.lt\/wp-content\/uploads\/hypoallergic-logo.png\"><img loading=\"lazy\" decoding=\"async\" class=\"wp-image-11369\" src=\"https:\/\/zooprekes24.lt\/wp-content\/uploads\/hypoallergic-logo.png\" alt=\"Royal Canin Hypoallergeenne kuivtoit koertele logo\" width=\"301\" height=\"313\" \/><\/a><\/p>","protected":false},"excerpt":{"rendered":"<p>Royal Canin Anallergenic &#8211; veterinarinis suaugusi\u0173 ir vyresnio am\u017eiaus \u0161un\u0173 sausas maistas. Hipoalergin\u0117 veterinarin\u0117 dieta pritaikyta \u0161unims su padid\u0117jusiu organizmo jautrumu, kurie linke \u012f maisto alergijas ar netoleruoja maisto produkt\u0173. Sukurtas taip, kad suma\u017eint\u0173 pa\u0161arini\u0173 \u017ealiav\u0173 ir maistini\u0173 med\u017eiag\u0173 netoleravim\u0105. Rinktiniai baltym\u0173 ir angliavandeni\u0173 \u0161altiniai. Skirtas maisto eliminacinei dietai. Speciali Royal Canin Anallergenic maisto sudeties&#8230;<\/p>","protected":false},"featured_media":18302,"comment_status":"closed","ping_status":"closed","template":"","meta":{"_acf_changed":false,"slim_seo":{"title":"Royal Canin Anallergenic sausas maistas \u0161unims - Zooprekes24","description":"Royal Canin Anallergenic on veterinaarne kuivtoit t\u00e4iskasvanud ja vanemaealistele koertele. H\u00fcpoallergeenne veterinaars\u00f6\u00f6t, mis on kohandatud koertele, kellel on suurenenud org"},"iawp_total_views":4408},"product_brand":[],"product_cat":[9241,9002,8999,29,31,9035],"product_tag":[177,4285,4286,4303,4288,4300,200],"class_list":{"0":"post-23410","1":"product","2":"type-product","3":"status-publish","4":"has-post-thumbnail","6":"product_cat-royal-canin-veterinary-diets-sunims","7":"product_cat-sausas-maistas","8":"product_cat-sunims","9":"product_cat-sunu-maistas","10":"product_cat-sunu-prekiu-gamintojai","11":"product_cat-veterinarine-dieta","12":"product_tag-edalas-sunims","13":"product_tag-royal-canin-alergiskam-suniui","14":"product_tag-royal-canin-alergiskiems-sunims","15":"product_tag-royal-canin-analergic","16":"product_tag-royal-canin-hypoalergic-sausas-maistas-sunims","17":"product_tag-suns-letinis-viduriavimas","18":"product_tag-super-premium-maistas-sunims","19":"pa_prekiu-zenklai-royal-canin-veterinary-diets","20":"pa_suns-amzius-senjorams","21":"pa_suns-amzius-suaugusiems","22":"pa_veisles-dydis-didelems-veislems","23":"pa_veisles-dydis-mazoms-veislems","24":"pa_veisles-dydis-vidutinems-veislems","25":"pa_veisles-dydis-visu-dydziu-veislems","27":"first","28":"instock","29":"sale","30":"taxable","31":"shipping-taxable","32":"purchasable","33":"product-type-variable"},"acf":[],"_links":{"self":[{"href":"https:\/\/zooprekes24.lt\/et\/wp-json\/wp\/v2\/product\/23410","targetHints":{"allow":["GET"]}}],"collection":[{"href":"https:\/\/zooprekes24.lt\/et\/wp-json\/wp\/v2\/product"}],"about":[{"href":"https:\/\/zooprekes24.lt\/et\/wp-json\/wp\/v2\/types\/product"}],"replies":[{"embeddable":true,"href":"https:\/\/zooprekes24.lt\/et\/wp-json\/wp\/v2\/comments?post=23410"}],"wp:featuredmedia":[{"embeddable":true,"href":"https:\/\/zooprekes24.lt\/et\/wp-json\/wp\/v2\/media\/18302"}],"wp:attachment":[{"href":"https:\/\/zooprekes24.lt\/et\/wp-json\/wp\/v2\/media?parent=23410"}],"wp:term":[{"taxonomy":"product_brand","embeddable":true,"href":"https:\/\/zooprekes24.lt\/et\/wp-json\/wp\/v2\/product_brand?post=23410"},{"taxonomy":"product_cat","embeddable":true,"href":"https:\/\/zooprekes24.lt\/et\/wp-json\/wp\/v2\/product_cat?post=23410"},{"taxonomy":"product_tag","embeddable":true,"href":"https:\/\/zooprekes24.lt\/et\/wp-json\/wp\/v2\/product_tag?post=23410"}],"curies":[{"name":"wp","href":"https:\/\/api.w.org\/{rel}","templated":true}]}}