{"id":23409,"date":"2024-04-19T13:20:38","date_gmt":"2024-04-19T10:20:38","guid":{"rendered":"https:\/\/zooprekes24.lt\/produktas\/royal-canin-gastrointestinal-kitten-wet\/"},"modified":"2025-07-28T19:20:28","modified_gmt":"2025-07-28T17:20:28","slug":"royal-canin-gastrointestinal-kitten-wet","status":"publish","type":"product","link":"https:\/\/zooprekes24.lt\/et\/produktas\/royal-canin-gastrointestinal-kitten-wet\/","title":{"rendered":"Royal Canin Gastrointestinal Kitten pa\u0161tetas ka\u010diukams"},"content":{"rendered":"<h3>Royal Canin Gastrointestinal Kitten Paste on t\u00e4isv\u00e4\u00e4rtuslik dieetne niisketoit kassipoegadele ning t\u00e4iskasvanud tiinetele ja imetavatele kassidele, mis on m\u00f5eldud \u00e4gedate soolestikuh\u00e4irete v\u00e4hendamiseks ning toitumise taastumise ja tervise edendamiseks. Pasteedi ainulaadne koostis on m\u00f5eldud tundliku mao ja seedeh\u00e4iretega kassipoegadele.<\/h3>\n<ul>\n<li>Suurem energiasisaldus v\u00f5imaldab rahuldada kassipoegade suurt energiavajadust v\u00e4ikeste toiduportsjonite s\u00f6\u00f6tmisega - ilma k\u00f5htu koormamata.<\/li>\n<li>Maitsev pasteedi koostis ja k\u00f5rge energiasisaldus rahuldavad v\u00e4henenud v\u00f5i v\u00e4ga n\u00f5udliku s\u00f6\u00f6giisu.<\/li>\n<li><a href=\"https:\/\/zooprekes24.lt\/et\/toode\/royal-canin-gastrointestinal-cat\/\" target=\"_blank\" rel=\"noopener\">Royal Canin Gastrointestinal <\/a>Kitten P\u00e2t\u00e9 on v\u00e4ga h\u00e4sti imenduv t\u00e4nu koostisainetele, mis kompenseerivad seedetrakti ens\u00fc\u00fcmide v\u00e4henenud aktiivsust, tagades seega maksimaalse toitainete tarbimise.<\/li>\n<li>Tasakaalustatud kiudainesisaldus ja prebiootikumid aitavad kaasa kassipoegade immuunsuse arengule ja tugevdamisele, normaalsele seedimisele ning h\u00f5lbustavad toidu l\u00e4bip\u00e4\u00e4su soolestikus.<\/li>\n<li>Sisaldab <a href=\"https:\/\/www.youtube.com\/watch?v=H0j9gJANw08&amp;feature=emb_title\" target=\"_blank\" rel=\"noopener\">vitamiinide ja mikroelementide kompleks<\/a> ja tauriin, mis hoolitseb lapse keha eest, osaleb paljudes elut\u00e4htsates protsessides ja m\u00f5jutab positiivselt siseorganite ja keha tervist.<\/li>\n<li>Royal Canin Gastrointestinal Kitten Paste sisaldab kahte peamist t\u00fc\u00fcpi Omega-3 ja Omega-6 rasvhappeid. <a href=\"https:\/\/omegamarine.lt\/apie-omega3\/\" target=\"_blank\" rel=\"noopener\">EPA (eikosapentaeenhape) ja DHA (dokosaheksaeenhape).<\/a> leidub looduslikult sellistes rasvastes merekalades nagu l\u00f5he, makrell, heeringas, tuunikala ja sardiinid. Need toidus olevad happed aitavad reguleerida soolestiku reaktsioone, toidavad lemmiklooma karvu ja soodustavad nende taastumist.<\/li>\n<li>Royal Canin Gastrointestinal Kitten sobib ka tiinetele ja imetavatele kassidele, kellel on seedeprobleemid.<\/li>\n<\/ul>\n<h3><span style=\"font-size: 14px; color: #7a5449;\"><strong>Toit on tarbimisk\u00f5lblik, kui:<\/strong><\/span><\/h3>\n<div id=\"&quot;product_title_strong&quot;\">\n<ul>\n<li>Maksahaigus (<strong>v.a. maksaentsefalopaatia<\/strong>)<\/li>\n<li>Kehv seedimine ja toitainete imendumine<\/li>\n<li>Bakterite kasvamine peensooles<\/li>\n<li>Taastumisperiood p\u00e4rast haigestumist<\/li>\n<li>\u00c4ge ja krooniline k\u00f5hulahtisus<\/li>\n<li>Krooniline soolep\u00f5letik<\/li>\n<li>Anoreksia<\/li>\n<li>Gastriit<\/li>\n<li>Koliit<\/li>\n<\/ul>\n<h3><span style=\"font-size: 14px; color: #7a5449;\"><strong>Toitu ei tohi kasutada, kui olete haige:<\/strong><\/span><\/h3>\n<div id=\"&quot;product_title_strong&quot;\">\n<ul>\n<li>Hepaatiline entsefalopaatia<\/li>\n<li>Lymphangiektasia - eksudatiivne enteropaatia<\/li>\n<li>Pankreatiit (sealhulgas varem edastatud)<\/li>\n<\/ul>\n<\/div>\n<\/div>\n<p><a ref=\"magnificPopup\" href=\"https:\/\/zooprekes24.lt\/wp-content\/uploads\/gastro-kitten.png\"><img loading=\"lazy\" decoding=\"async\" class=\"wp-image-12214\" src=\"https:\/\/zooprekes24.lt\/wp-content\/uploads\/gastro-kitten-920x1024.png\" alt=\"Royal Canin Gastrointestinal Kitten kuivtoit kassipoegadele\" width=\"280\" height=\"312\" \/><\/a><\/p>","protected":false},"excerpt":{"rendered":"<p>Royal Canin Gastrointestinal Kitten pa\u0161tetas tai visavertis dietinis \u0161lapias \u0117dalas ka\u010diukams bei suaugusioms n\u0117\u0161\u010dioms ir \u017eindan\u010dioms kat\u0117ms, skirtas ma\u017einti \u016bmius \u017earnyno sutrikimus bei skatinti mitybos atk\u016brim\u0105 ir sveikim\u0105. Unikali pa\u0161teto formul\u0117 skirta jautr\u0173 skrand\u012f ir vir\u0161kinimo sutrikimus turintiems ka\u010diukams. Padidintas energijos kiekis, leid\u017eia apr\u016bpinti didelius ka\u010diuko energijos poreikius, \u0161eriant ma\u017eomis pa\u0161aro porcijomis &#8211; neapkraunant skrand\u017eio&#8230;.<\/p>","protected":false},"featured_media":20143,"comment_status":"closed","ping_status":"closed","template":"","meta":{"_acf_changed":false,"slim_seo":{"title":"Royal Canin Gastrointestinal Kitten pa\u0161tetas ka\u010diukams - Zooprekes24","description":"Royal Canin Gastrointestinal Kitten Paste on t\u00e4isv\u00e4\u00e4rtuslik dieetne niisketoit kassipoegadele ning t\u00e4iskasvanud tiinetele ja imetavatele kassidele, mis on m\u00f5eldud \u00e4geda seedetrakti \u00e4gedate"},"iawp_total_views":431},"product_brand":[],"product_cat":[72,83,25,9242,9020,9037],"product_tag":[2322,1817,3296,1675,1682,3297,1696],"class_list":{"0":"post-23409","1":"product","2":"type-product","3":"status-publish","4":"has-post-thumbnail","6":"product_cat-kaciu-maistas","7":"product_cat-kaciu-prekiu-gamintojai","8":"product_cat-katems","9":"product_cat-royal-canin-veterinary-diets-katems","10":"product_cat-slapias-maistas-kaciu-maistas","11":"product_cat-veterinarine-dieta-kaciu-maistas","12":"product_tag-dietinis-edalas-katems","13":"product_tag-edalas-katems","14":"product_tag-gastro-intential-maistas-katei","15":"product_tag-kaciu-edalas","16":"product_tag-kaciu-maistas-super-premium-klases","17":"product_tag-maistas-katei-jautriam-skrandziui","18":"product_tag-super-premium-maistas-katems","19":"pa_pasaro-sudetis-vistiena","20":"pa_prekiu-zenklai-royal-canin-veterinary-diets","22":"first","23":"instock","24":"featured","25":"taxable","26":"shipping-taxable","27":"purchasable","28":"product-type-variable"},"acf":[],"_links":{"self":[{"href":"https:\/\/zooprekes24.lt\/et\/wp-json\/wp\/v2\/product\/23409","targetHints":{"allow":["GET"]}}],"collection":[{"href":"https:\/\/zooprekes24.lt\/et\/wp-json\/wp\/v2\/product"}],"about":[{"href":"https:\/\/zooprekes24.lt\/et\/wp-json\/wp\/v2\/types\/product"}],"replies":[{"embeddable":true,"href":"https:\/\/zooprekes24.lt\/et\/wp-json\/wp\/v2\/comments?post=23409"}],"wp:featuredmedia":[{"embeddable":true,"href":"https:\/\/zooprekes24.lt\/et\/wp-json\/wp\/v2\/media\/20143"}],"wp:attachment":[{"href":"https:\/\/zooprekes24.lt\/et\/wp-json\/wp\/v2\/media?parent=23409"}],"wp:term":[{"taxonomy":"product_brand","embeddable":true,"href":"https:\/\/zooprekes24.lt\/et\/wp-json\/wp\/v2\/product_brand?post=23409"},{"taxonomy":"product_cat","embeddable":true,"href":"https:\/\/zooprekes24.lt\/et\/wp-json\/wp\/v2\/product_cat?post=23409"},{"taxonomy":"product_tag","embeddable":true,"href":"https:\/\/zooprekes24.lt\/et\/wp-json\/wp\/v2\/product_tag?post=23409"}],"curies":[{"name":"wp","href":"https:\/\/api.w.org\/{rel}","templated":true}]}}