{"id":23399,"date":"2024-04-19T13:20:27","date_gmt":"2024-04-19T10:20:27","guid":{"rendered":"https:\/\/zooprekes24.lt\/produktas\/royal-canin-gastrointestinal-hairball-cat\/"},"modified":"2025-07-28T19:25:17","modified_gmt":"2025-07-28T17:25:17","slug":"royal-canin-gastrointestinal-hairball-cat","status":"publish","type":"product","link":"https:\/\/zooprekes24.lt\/et\/produktas\/royal-canin-gastrointestinal-hairball-cat\/","title":{"rendered":"Royal Canin Gastrointestinal Hairball kasside kuivtoit"},"content":{"rendered":"<h3>Royal Canin Gastrointestinal Hairball on t\u00e4iss\u00f6\u00f6t kassidele, kellel on seedetraktis karvade v\u00e4ljalangemisest ja karvaklompidest tingitud seedetraktis esinevad seedetrakti probleemid. Toidu tasakaalustatud kiudainekombinatsioon, sealhulgas plantain, aitab eemaldada allaneelatud karvu ja ennetab karvapallide teket. V\u00e4ga h\u00e4sti seeditav koostis, mida on t\u00e4iendatud prebiootikumidega, aitab s\u00e4ilitada kassi tervislikku seedes\u00fcsteemi ja optimaalset fekaalikvaliteeti.<\/h3>\n<ul>\n<li>Toitained toetavad tasakaalustatud seedes\u00fcsteemi.<\/li>\n<li>\u00d5ige kogus energiat, et rahuldada kassi vajadusi, koormamata seejuures k\u00f5htu \u00fcle.<\/li>\n<li><a href=\"https:\/\/www.youtube.com\/watch?v=H0j9gJANw08&amp;feature=emb_title\" target=\"_blank\" rel=\"noopener\">Suurenenud prebiootikumide ja oluliste toitainete sisaldus.<\/a><\/li>\n<li>Royal Canin Gastrointestinal Hairball kergesti seeditav koostis, mis sisaldab eri t\u00fc\u00fcpi kiudainete, sealhulgas prebiootikumide tasakaalustatud kompleksi, aitab toetada teie kassi tervislikku seedes\u00fcsteemi ja optimaalset v\u00e4ljaheitekvaliteeti.<\/li>\n<li>Kiudude tasakaalustatud kombinatsioon ja plantaini sisaldus aitavad h\u00f5lpsasti eemaldada alla neelatud karvu ja takistavad karvapallide teket.<\/li>\n<li>Dvi pagrindin\u0117s Royal Canin Gastrointestinal Hairball sud\u0117tyje esan\u010dios Omega-3 riebal\u0173 r\u016bg\u0161\u010di\u0173 r\u016b\u0161ys &#8211; <a href=\"https:\/\/omegamarine.lt\/apie-omega3\/\" target=\"_blank\" rel=\"noopener\">EPA (eikosapentaeenhape) ja DHA (dokosaheksaeenhape).<\/a> leidub looduslikult sellistes rasvastes merekalades nagu l\u00f5he, makrell, heeringas, tuunikala ja sardiinid. Need toidus olevad happed aitavad reguleerida soolestiku reaktsioone, toidavad lemmiklooma karvu ja soodustavad nende taastumist ning osalevad soolestiku limaskesta rakkude ehituses.<\/li>\n<\/ul>\n<h3><span style=\"font-size: 14px; color: #7a5449;\"><strong>Toit on tarbimisk\u00f5lblik, kui:<\/strong><\/span><\/h3>\n<div id=\"&quot;product_title_strong&quot;\">\n<ul>\n<li>Korduv karvapallide teke soolestikus<\/li>\n<li>Vajadus suurema toidukiudude tarbimise j\u00e4rele<\/li>\n<\/ul>\n<h3><span style=\"font-size: 14px; color: #7a5449;\"><strong>Toitu ei tohi kasutada juhul, kui:<\/strong><\/span><\/h3>\n<div id=\"&quot;product_title_strong&quot;\">\n<ul>\n<li>\u00c4ge v\u00f5i krooniline k\u00f5hukinnisus<\/li>\n<li>J\u00e4mesoole liikumish\u00e4ired<\/li>\n<\/ul>\n<\/div>\n<\/div>\n<p><img loading=\"lazy\" decoding=\"async\" class=\"alignnone wp-image-8361\" src=\"https:\/\/zooprekes24.lt\/wp-content\/uploads\/vhn-all-territories-packaging-emblematic-all-adult-cat.png\" alt=\"Royal Canin VD Cat Gastro Intestinal logo\" width=\"320\" height=\"341\" \/><\/p>","protected":false},"excerpt":{"rendered":"<p>Royal Canin Gastrointestinal Hairball tai visavertis dietinis \u0117dalas kat\u0117ms, turin\u010dioms vir\u0161kinimo problem\u0173, kurias sukelia plauk\u0173 slinkimas ir susiformav\u0119 plauk\u0173 gumuliukai vir\u0161kinimo trakte. Subalansuotas skaidul\u0173 derinys esantis maiste, \u012fskaitant gysloti, padeda pa\u0161alinti prarytus plaukus ir neleid\u017eia susidaryti plauk\u0173 kamuoliams. Labai lengvai vir\u0161kinama formul\u0117, papildyta prebiotikais, padeda palaikyti sveik\u0105 kat\u0117s vir\u0161kinimo sistem\u0105 ir optimali\u0105 i\u0161mat\u0173 kokyb\u0119. Maistin\u0117s&#8230;<\/p>","protected":false},"featured_media":20140,"comment_status":"closed","ping_status":"closed","template":"","meta":{"_acf_changed":false,"slim_seo":{"title":"Royal Canin Gastrointestinal Hairball sausas maistas kat\u0117ms - Zooprekes24","description":"Royal Canin Gastrointestinal Hairball tai visavertis dietinis \u0117dalas kat\u0117ms, turin\u010dioms vir\u0161kinimo problem\u0173, kurias sukelia plauk\u0173 slinkimas ir susiformav\u0119 plau"},"iawp_total_views":615},"product_brand":[],"product_cat":[72,83,25,9242,9016,9037],"product_tag":[2322,1817,3296,1675,1682,3297,3300,1696],"class_list":{"0":"post-23399","1":"product","2":"type-product","3":"status-publish","4":"has-post-thumbnail","6":"product_cat-kaciu-maistas","7":"product_cat-kaciu-prekiu-gamintojai","8":"product_cat-katems","9":"product_cat-royal-canin-veterinary-diets-katems","10":"product_cat-sausas-maistas-kaciu-maistas","11":"product_cat-veterinarine-dieta-kaciu-maistas","12":"product_tag-dietinis-edalas-katems","13":"product_tag-edalas-katems","14":"product_tag-gastro-intential-maistas-katei","15":"product_tag-kaciu-edalas","16":"product_tag-kaciu-maistas-super-premium-klases","17":"product_tag-maistas-katei-jautriam-skrandziui","18":"product_tag-royal-canin-gastro-nuo-plauku-kamuoliuku","19":"product_tag-super-premium-maistas-katems","20":"pa_pasaro-sudetis-ryziai","21":"pa_pasaro-sudetis-vistiena","22":"pa_prekiu-zenklai-royal-canin-veterinary-diets","24":"first","25":"instock","26":"featured","27":"taxable","28":"shipping-taxable","29":"purchasable","30":"product-type-variable"},"acf":[],"_links":{"self":[{"href":"https:\/\/zooprekes24.lt\/et\/wp-json\/wp\/v2\/product\/23399","targetHints":{"allow":["GET"]}}],"collection":[{"href":"https:\/\/zooprekes24.lt\/et\/wp-json\/wp\/v2\/product"}],"about":[{"href":"https:\/\/zooprekes24.lt\/et\/wp-json\/wp\/v2\/types\/product"}],"replies":[{"embeddable":true,"href":"https:\/\/zooprekes24.lt\/et\/wp-json\/wp\/v2\/comments?post=23399"}],"wp:featuredmedia":[{"embeddable":true,"href":"https:\/\/zooprekes24.lt\/et\/wp-json\/wp\/v2\/media\/20140"}],"wp:attachment":[{"href":"https:\/\/zooprekes24.lt\/et\/wp-json\/wp\/v2\/media?parent=23399"}],"wp:term":[{"taxonomy":"product_brand","embeddable":true,"href":"https:\/\/zooprekes24.lt\/et\/wp-json\/wp\/v2\/product_brand?post=23399"},{"taxonomy":"product_cat","embeddable":true,"href":"https:\/\/zooprekes24.lt\/et\/wp-json\/wp\/v2\/product_cat?post=23399"},{"taxonomy":"product_tag","embeddable":true,"href":"https:\/\/zooprekes24.lt\/et\/wp-json\/wp\/v2\/product_tag?post=23399"}],"curies":[{"name":"wp","href":"https:\/\/api.w.org\/{rel}","templated":true}]}}