{"id":23396,"date":"2024-04-19T13:20:27","date_gmt":"2024-04-19T10:20:27","guid":{"rendered":"https:\/\/zooprekes24.lt\/produktas\/royal-canin-gastrointestinal-moderate-calorie-wet\/"},"modified":"2025-07-28T19:32:13","modified_gmt":"2025-07-28T17:32:13","slug":"royal-canin-gastrointestinal-moodukalt-kaloriline-wet","status":"publish","type":"product","link":"https:\/\/zooprekes24.lt\/et\/produktas\/royal-canin-gastrointestinal-moderate-calorie-wet\/","title":{"rendered":"Royal Canin Gastrointestinal Moderate Calorie konservai kat\u0117ms pada\u017ee"},"content":{"rendered":"<h3>Royal Canin Gastrointestinal M\u00f5\u00f5duka kalorsusega konservtoit on \u00fclekaalulistele kassidele m\u00f5eldud t\u00e4isnassitoit, mis on kohandatud m\u00f5\u00f5duka kalorsusega. Ainulaadne konservivalem on m\u00f5eldud tundliku k\u00f5huga ja seedeh\u00e4iretega kassidele. M\u00e4rgtoit aitab v\u00e4hendada \u00e4gedaid soolestikuh\u00e4ireid, soodustab toitumise taastumist ja paranemist ning aitab s\u00e4ilitada kassi optimaalset kehakaalu.<\/h3>\n<ul>\n<li>Toitained <a href=\"https:\/\/zooprekes24.lt\/et\/toode\/royal-canin-gastrointestinal-moderate-calorie-400g\/\" target=\"_blank\" rel=\"noopener\">toetab tasakaalustatud seedes\u00fcsteemi.<\/a><\/li>\n<li>\u00d5ige kogus energiat, et rahuldada kassi vajadusi, koormamata seejuures k\u00f5htu \u00fcle.<\/li>\n<li>Suurenenud elektrol\u00fc\u00fctide ja oluliste toitainete tase.<\/li>\n<li>Royal Canin Gastrointestinal M\u00f5\u00f5duka kalorsusega konservtoit on maitsva koostisega ja k\u00f5rge energiasisaldusega, mis rahuldab v\u00e4henenud v\u00f5i v\u00e4ga n\u00f5udliku s\u00f6\u00f6giisu.<\/li>\n<li>Kaks peamist Omega-3-rasvhapete t\u00fc\u00fcpi, mida leidub konservides, on j\u00e4rgmised. <a href=\"https:\/\/omegamarine.lt\/apie-omega3\/\" target=\"_blank\" rel=\"noopener\">EPA (eikosapentaeenhape) ja DHA (dokosaheksaeenhape).<\/a> leidub looduslikult sellistes rasvastes merekalades nagu l\u00f5he, makrell, heeringas, tuunikala ja sardiinid. Need happed aitavad reguleerida soolestiku reaktsioone, toidavad teie lemmiklooma karvu ja soodustavad nende taastumist.<\/li>\n<li>Royal Canin Gastrointestinal M\u00f5\u00f5duka kalorsusega <a href=\"https:\/\/www.youtube.com\/watch?v=H0j9gJANw08\" target=\"_blank\" rel=\"noopener\">Konservid aitavad kontrollida kastreeritud v\u00f5i \u00fclekaaluliste kasside kehakaalu<\/a>, mist\u00f5ttu on seda soovitatav kasutada pankreatiidi korral.<\/li>\n<\/ul>\n<h3><span style=\"font-size: 14px; color: #7a5449;\"><strong>Konservid sobivad kasutamiseks, kui:<\/strong><\/span><\/h3>\n<div id=\"&quot;product_title_strong&quot;\">\n<ul>\n<li>Kehv seedimine ja toitainete imendumine<\/li>\n<li>Bakterite kasvamine peensooles<\/li>\n<li>\u00c4ge ja krooniline k\u00f5hulahtisus<\/li>\n<li>Krooniline soolep\u00f5letik<\/li>\n<li>Eksudatiivne enteropaatia<\/li>\n<li>Pankreatiit<\/li>\n<li>Gastriit<\/li>\n<li>Koliit<\/li>\n<\/ul>\n<h3><span style=\"font-size: 14px; color: #7a5449;\"><strong>Konserve ei tohiks kasutada, kui olete haige:<\/strong><\/span><\/h3>\n<div id=\"&quot;product_title_strong&quot;\">\n<ul>\n<li>T\u00e4pseid piiranguid ei ole.<\/li>\n<\/ul>\n<\/div>\n<\/div>\n<p><img loading=\"lazy\" decoding=\"async\" class=\"alignnone wp-image-8361\" src=\"https:\/\/zooprekes24.lt\/wp-content\/uploads\/vhn-all-territories-packaging-emblematic-all-adult-cat.png\" alt=\"Royal Canin VD Cat Gastro Intestinal logo\" width=\"320\" height=\"341\" \/><\/p>","protected":false},"excerpt":{"rendered":"<p>Royal Canin Gastrointestinal Moderate Calorie konservai tai visavertis \u0161lapias \u0117dalas kat\u0117ms turin\u010dioms antsvorio su pritaikytu vidutiniu kaloriju kiekiu. Unikali konserv\u0173 formul\u0117 skirta jautr\u0173 skrand\u012f ir vir\u0161kinimo sutrikimus turin\u010dioms kat\u0117ms. \u0160lapias \u0117dalas padeda suma\u017einti \u016bmius \u017earnyno sutrikimus, skatinta mitybos atk\u016brim\u0105 ir sveikim\u0105 bei padeda palaikyti optimal\u0173 kat\u0117s k\u016bno svor\u012f. Maistin\u0117s med\u017eiagos palaiko subalansuot\u0105 vir\u0161kinimo sistem\u0105. Tinkamas&#8230;<\/p>","protected":false},"featured_media":20139,"comment_status":"closed","ping_status":"closed","template":"","meta":{"_acf_changed":false,"slim_seo":{"title":"Royal Canin Gastrointestinal Moderate Calorie konservai kat\u0117ms pada\u017ee - Zooprekes24","description":"Royal Canin Gastrointestinal M\u00f5\u00f5duka kalorsusega konservtoit on \u00fclekaalulistele kassidele m\u00f5eldud t\u00e4isnassitoit, mis on kohandatud m\u00f5\u00f5duka kalorsusega. Unika"},"iawp_total_views":474},"product_brand":[],"product_cat":[72,83,25,9242,9020,9037],"product_tag":[1671,2322,1817,3296,1675,1682,3297,1696],"class_list":{"0":"post-23396","1":"product","2":"type-product","3":"status-publish","4":"has-post-thumbnail","6":"product_cat-kaciu-maistas","7":"product_cat-kaciu-prekiu-gamintojai","8":"product_cat-katems","9":"product_cat-royal-canin-veterinary-diets-katems","10":"product_cat-slapias-maistas-kaciu-maistas","11":"product_cat-veterinarine-dieta-kaciu-maistas","12":"product_tag-begrudis-kaciu-maistas","13":"product_tag-dietinis-edalas-katems","14":"product_tag-edalas-katems","15":"product_tag-gastro-intential-maistas-katei","16":"product_tag-kaciu-edalas","17":"product_tag-kaciu-maistas-super-premium-klases","18":"product_tag-maistas-katei-jautriam-skrandziui","19":"product_tag-super-premium-maistas-katems","20":"pa_pasaro-sudetis-vistiena","21":"pa_prekiu-zenklai-royal-canin-veterinary-diets","23":"first","24":"instock","25":"featured","26":"taxable","27":"shipping-taxable","28":"purchasable","29":"product-type-variable"},"acf":[],"_links":{"self":[{"href":"https:\/\/zooprekes24.lt\/et\/wp-json\/wp\/v2\/product\/23396","targetHints":{"allow":["GET"]}}],"collection":[{"href":"https:\/\/zooprekes24.lt\/et\/wp-json\/wp\/v2\/product"}],"about":[{"href":"https:\/\/zooprekes24.lt\/et\/wp-json\/wp\/v2\/types\/product"}],"replies":[{"embeddable":true,"href":"https:\/\/zooprekes24.lt\/et\/wp-json\/wp\/v2\/comments?post=23396"}],"wp:featuredmedia":[{"embeddable":true,"href":"https:\/\/zooprekes24.lt\/et\/wp-json\/wp\/v2\/media\/20139"}],"wp:attachment":[{"href":"https:\/\/zooprekes24.lt\/et\/wp-json\/wp\/v2\/media?parent=23396"}],"wp:term":[{"taxonomy":"product_brand","embeddable":true,"href":"https:\/\/zooprekes24.lt\/et\/wp-json\/wp\/v2\/product_brand?post=23396"},{"taxonomy":"product_cat","embeddable":true,"href":"https:\/\/zooprekes24.lt\/et\/wp-json\/wp\/v2\/product_cat?post=23396"},{"taxonomy":"product_tag","embeddable":true,"href":"https:\/\/zooprekes24.lt\/et\/wp-json\/wp\/v2\/product_tag?post=23396"}],"curies":[{"name":"wp","href":"https:\/\/api.w.org\/{rel}","templated":true}]}}