{"id":23390,"date":"2024-04-19T13:20:27","date_gmt":"2024-04-19T10:20:27","guid":{"rendered":"https:\/\/zooprekes24.lt\/produktas\/royal-canin-hypoallergenic-pastetas\/"},"modified":"2025-07-28T18:38:15","modified_gmt":"2025-07-28T16:38:15","slug":"royal-canin-hypoallergenic-pastetas-400g","status":"publish","type":"product","link":"https:\/\/zooprekes24.lt\/et\/produktas\/royal-canin-hypoallergenic-pastetas-400g\/","title":{"rendered":"Royal Canin h\u00fcpoallergeenne pasteet koertele"},"content":{"rendered":"<h3>Royal Canin Hypoallergenic on veterinaarne m\u00e4rgtoit t\u00e4iskasvanud ja vanemaealistele koertele. Hypoallergeenne veterinaartoit krooniliste s\u00fcgelevate dermatooside, toiduallergia v\u00f5i toidutalumatusega koertele. Ainulaadne konservivalem on loodud koostisosade ja toitainete talumatuse v\u00e4hendamiseks.<\/h3>\n<ul>\n<li>Royal Canini h\u00fcpoallergeenne konserv koosneb valguisolaadist ja taimse toidukiu h\u00fcdrol\u00fcsaadist. Need koosnevad madala molekulmassiga peptiididest, mis muudavad toidu kergesti seeditavaks ja <a href=\"https:\/\/www.youtube.com\/watch?v=e_BUgKozqZw\" target=\"_blank\" rel=\"noopener\">allergiliste koerte seedes\u00fcsteem talub seda h\u00e4sti.<\/a><\/li>\n<li>Sisaldab suurenenud <a href=\"https:\/\/zooprekes24.lt\/et\/toode\/canina-biotin-forte-tabletid\/\" target=\"_blank\" rel=\"noopener\">biotiin<\/a>Niatsiini, niatsiini ja pantenooli sisaldus koos tsingi ja linoolhappe kompleksiga tugevdab lemmiklooma naha kaitsebarj\u00e4\u00e4ri funktsioone ja hoiab \u00e4ra naha liigse kuivuse, mis v\u00f5ib p\u00f5hjustada tugevat s\u00fcgelust.<\/li>\n<li>Fermenteeritavad kiudained (peedipulp, frukto-oligosahhariidid) tasakaalustavad koera soolestiku mikrofloorat ning soodustavad ja taastavad seedetrakti n\u00f5uetekohast toimimist.<\/li>\n<li>Royal Canini h\u00fcpoallergeenne pasta sisaldab kahte peamist t\u00fc\u00fcpi oomega-3 rasvhappeid - <a href=\"https:\/\/omegamarine.lt\/apie-omega3\/\" target=\"_blank\" rel=\"noopener\">EPA (eikosapentaeenhape) ja DHA (dokosaheksaeenhape).<\/a> leidub looduslikult sellistes rasvastes merekalades nagu l\u00f5he, makrell, heeringas, tuunikala ja sardiinid. Need happed aitavad reguleerida naha reaktsioone allergiatele ja osalevad ka soolestikku vooderdavate rakkude ehituses.<\/li>\n<\/ul>\n<h3><span style=\"color: #408ca3; font-size: 14px;\"><strong>Toit on tarbimisk\u00f5lblik, kui:<\/strong><\/span><\/h3>\n<ul>\n<li>Seedetrakti iseloomuga allergiad koos naha ja\/v\u00f5i seedetrakti h\u00e4iretega.<\/li>\n<li>Atoopiline dermatiit koos kroonilise s\u00fcgelusega (kerged juhud)<\/li>\n<li>Bakterite kasvamine peensooles (SIBO)<\/li>\n<li>Eksokriinset pankrease puudulikkust (EPI)<\/li>\n<li>Toitainete talumatus<\/li>\n<li>Krooniline p\u00f5letikuline soolehaigus (IBD)<\/li>\n<li>Pankrease ens\u00fc\u00fcmi puudulikkus<\/li>\n<li>Krooniline k\u00f5hulahtisus<\/li>\n<li>H\u00e4ired soolestiku mikroflooras<\/li>\n<\/ul>\n<h3><span style=\"font-size: 14px; color: #408ca3;\"><strong>Toitu ei tohi kasutada, kui olete haige:<\/strong><\/span><\/h3>\n<ul>\n<li>H\u00fcperlipideemia<\/li>\n<li>Pankreatiit (sealhulgas varem edastatud)<\/li>\n<li>Aktiivse kasvu, raseduse ja imetamise ajal<\/li>\n<\/ul>\n<p><a ref=\"magnificPopup\" href=\"https:\/\/zooprekes24.lt\/wp-content\/uploads\/hypoallergic-logo.png\"><img loading=\"lazy\" decoding=\"async\" class=\"wp-image-11369\" src=\"https:\/\/zooprekes24.lt\/wp-content\/uploads\/hypoallergic-logo.png\" alt=\"Royal Canin Hypoallergeenne kuivtoit koertele logo\" width=\"301\" height=\"313\" \/><\/a><\/p>","protected":false},"excerpt":{"rendered":"<p>Royal Canin Hypoallergenic &#8211; veterinarinis suaugusi\u0173 ir vyresnio am\u017eiaus \u0161un\u0173 \u0161lapias maistas. Hipoalergin\u0117 veterinarin\u0117 dieta pritaikyta \u0161unims sergantiems l\u0117tin\u0117mis nie\u017etin\u010diomis dermatoz\u0117mis, linkusiems \u012f maisto alergijas ar netoleruojantiems maisto produkt\u0173. Unikali konserv\u0173 formul\u0117 skirta ingredient\u0173 ir maistini\u0173 med\u017eiag\u0173 netoleravimo ma\u017einimui. Royal Canin Hypoallergenic konserv\u0173 formul\u0117 susideda i\u0161 baltym\u0173 izoliato ir augalini\u0173 maistini\u0173 skaidul\u0173 hidrolizato. Jie sudaryti&#8230;<\/p>","protected":false},"featured_media":20137,"comment_status":"closed","ping_status":"closed","template":"","meta":{"_acf_changed":false,"slim_seo":{"title":"Royal Canin Hypoallergenic pa\u0161tetas \u0161unims - Zooprekes24","description":"Royal Canin Hypoallergenic on veterinaarne m\u00e4rgtoit t\u00e4iskasvanud ja vanemaealistele koertele. H\u00fcpoallergeenne veterinaartoit, mis on kohandatud koertele, kellel on aeglane"},"iawp_total_views":475},"product_brand":[],"product_cat":[9241,9004,8999,29,31,9035],"product_tag":[177,418,4285,4286,4288,4300,200],"class_list":{"0":"post-23390","1":"product","2":"type-product","3":"status-publish","4":"has-post-thumbnail","6":"product_cat-royal-canin-veterinary-diets-sunims","7":"product_cat-slapias-maistas","8":"product_cat-sunims","9":"product_cat-sunu-maistas","10":"product_cat-sunu-prekiu-gamintojai","11":"product_cat-veterinarine-dieta","12":"product_tag-edalas-sunims","13":"product_tag-konservuotas-maistas-sunims","14":"product_tag-royal-canin-alergiskam-suniui","15":"product_tag-royal-canin-alergiskiems-sunims","16":"product_tag-royal-canin-hypoalergic-sausas-maistas-sunims","17":"product_tag-suns-letinis-viduriavimas","18":"product_tag-super-premium-maistas-sunims","19":"pa_prekiu-zenklai-royal-canin-veterinary-diets","20":"pa_suns-amzius-senjorams","21":"pa_suns-amzius-suaugusiems","22":"pa_veisles-dydis-didelems-veislems","23":"pa_veisles-dydis-mazoms-veislems","24":"pa_veisles-dydis-vidutinems-veislems","25":"pa_veisles-dydis-visu-dydziu-veislems","27":"first","28":"instock","29":"taxable","30":"shipping-taxable","31":"purchasable","32":"product-type-variable"},"acf":[],"_links":{"self":[{"href":"https:\/\/zooprekes24.lt\/et\/wp-json\/wp\/v2\/product\/23390","targetHints":{"allow":["GET"]}}],"collection":[{"href":"https:\/\/zooprekes24.lt\/et\/wp-json\/wp\/v2\/product"}],"about":[{"href":"https:\/\/zooprekes24.lt\/et\/wp-json\/wp\/v2\/types\/product"}],"replies":[{"embeddable":true,"href":"https:\/\/zooprekes24.lt\/et\/wp-json\/wp\/v2\/comments?post=23390"}],"wp:featuredmedia":[{"embeddable":true,"href":"https:\/\/zooprekes24.lt\/et\/wp-json\/wp\/v2\/media\/20137"}],"wp:attachment":[{"href":"https:\/\/zooprekes24.lt\/et\/wp-json\/wp\/v2\/media?parent=23390"}],"wp:term":[{"taxonomy":"product_brand","embeddable":true,"href":"https:\/\/zooprekes24.lt\/et\/wp-json\/wp\/v2\/product_brand?post=23390"},{"taxonomy":"product_cat","embeddable":true,"href":"https:\/\/zooprekes24.lt\/et\/wp-json\/wp\/v2\/product_cat?post=23390"},{"taxonomy":"product_tag","embeddable":true,"href":"https:\/\/zooprekes24.lt\/et\/wp-json\/wp\/v2\/product_tag?post=23390"}],"curies":[{"name":"wp","href":"https:\/\/api.w.org\/{rel}","templated":true}]}}