{"id":23380,"date":"2024-04-19T13:19:52","date_gmt":"2024-04-19T10:19:52","guid":{"rendered":"https:\/\/zooprekes24.lt\/produktas\/kong-nylon-collar-juodas-antkaklis-sunims\/"},"modified":"2025-09-17T12:27:55","modified_gmt":"2025-09-17T10:27:55","slug":"kong-nailonist-kaelarihm-must-kaelarihm-koertele","status":"publish","type":"product","link":"https:\/\/zooprekes24.lt\/et\/produktas\/kong-nylon-collar-juodas-antkaklis-sunims\/","title":{"rendered":"KONG Nailonkaelarihm must koerakaelarihm"},"content":{"rendered":"<h3>KONG Nailonkaelarihm on kvaliteetne kaelarihm teie armastatud neljajalgsele s\u00f5brale. Ideaalne pimedatel p\u00e4evadel v\u00f5i p\u00e4eval, kuna kaelarihm peegeldab pimedas valgust. Meeldiv ja pehme, kulumiskindel materjal kaelarihma sisek\u00fcljel tagab teie neljajalgsele s\u00f5brale suure mugavuse.<\/h3>\n<ul>\n<li><a href=\"https:\/\/www.kongcompany.com\/lets-play\/kong-history\" target=\"_blank\" rel=\"noopener\">K\u00f5rge kvaliteet ja vastupidavus.<\/a><\/li>\n<li>Pehmendusega kangas seestpoolt.<\/li>\n<li>V\u00e4ga lihtne selga panna ja maha v\u00f5tta.<\/li>\n<li>Suur r\u00f5ngas v\u00f5imaldab kinnitada kaelarihma mis tahes rihma k\u00fclge.<\/li>\n<li>Lihtne reguleeritav krae suurus.<\/li>\n<li>KONGi nailonkaelarihma mudel kasutab tugevat ja vastupidavat lukku.<\/li>\n<li><a href=\"https:\/\/zooprekes24.lt\/et\/?s=atspindi+sviesa&amp;post_type=product\" target=\"_blank\" rel=\"noopener\">Peegeldavad detailid<\/a> pakuvad pimedas jalutusk\u00e4ikudel mugavust.<\/li>\n<\/ul>","protected":false},"excerpt":{"rendered":"<p>KONG Nailonkaelarihm - kvaliteetne kaelarihm teie armastatud neljajalgsele s\u00f5brale. Ideaalne pimedatel p\u00e4evadel v\u00f5i p\u00e4eval, kuna kaelarihm peegeldab pimedas valgust. Meeldiv ja pehme, kulumiskindel materjal kaelarihma sisek\u00fcljel tagab teie neljajalgsele s\u00f5brale suure mugavuse. K\u00f5rge kvaliteet ja vastupidavus. Pehmendusega kangas seestpoolt. V\u00e4ga lihtne selga panna ja maha v\u00f5tta. Suur...<\/p>","protected":false},"featured_media":20132,"comment_status":"closed","ping_status":"closed","template":"","meta":{"_acf_changed":false,"slim_seo":{"title":"KONG Nylon Collar juodas antkaklis \u0161unims - Zooprekes24","description":"KONG Nailonkaelarihm - kvaliteetne kaelarihm teie armastatud neljajalgsele s\u00f5brale. Ideaalne pimedate p\u00e4evade v\u00f5i p\u00e4eva jooksul, kuna kaelarihm on m\u00f5eldud selleks, et"},"iawp_total_views":72},"product_brand":[],"product_cat":[32,9036,9074,8999,31],"product_tag":[],"class_list":{"0":"post-23380","1":"product","2":"type-product","3":"status-publish","4":"has-post-thumbnail","6":"product_cat-kitos-sunu-prekes","7":"product_cat-kong","8":"product_cat-pavadeliai-antsnukiai-petnesos","9":"product_cat-sunims","10":"product_cat-sunu-prekiu-gamintojai","11":"pa_prekiu-zenklai-kong","12":"pa_suns-amzius-jauniems","13":"pa_suns-amzius-senjorams","14":"pa_suns-amzius-suaugusiems","15":"pa_suns-amzius-visiems-amziams","16":"pa_veisles-dydis-didelems-veislems","17":"pa_veisles-dydis-mazoms-veislems","18":"pa_veisles-dydis-vidutinems-veislems","19":"pa_veisles-dydis-visu-dydziu-veislems","21":"first","22":"instock","23":"sale","24":"featured","25":"taxable","26":"shipping-taxable","27":"purchasable","28":"product-type-variable","29":"has-default-attributes"},"acf":[],"_links":{"self":[{"href":"https:\/\/zooprekes24.lt\/et\/wp-json\/wp\/v2\/product\/23380","targetHints":{"allow":["GET"]}}],"collection":[{"href":"https:\/\/zooprekes24.lt\/et\/wp-json\/wp\/v2\/product"}],"about":[{"href":"https:\/\/zooprekes24.lt\/et\/wp-json\/wp\/v2\/types\/product"}],"replies":[{"embeddable":true,"href":"https:\/\/zooprekes24.lt\/et\/wp-json\/wp\/v2\/comments?post=23380"}],"wp:featuredmedia":[{"embeddable":true,"href":"https:\/\/zooprekes24.lt\/et\/wp-json\/wp\/v2\/media\/20132"}],"wp:attachment":[{"href":"https:\/\/zooprekes24.lt\/et\/wp-json\/wp\/v2\/media?parent=23380"}],"wp:term":[{"taxonomy":"product_brand","embeddable":true,"href":"https:\/\/zooprekes24.lt\/et\/wp-json\/wp\/v2\/product_brand?post=23380"},{"taxonomy":"product_cat","embeddable":true,"href":"https:\/\/zooprekes24.lt\/et\/wp-json\/wp\/v2\/product_cat?post=23380"},{"taxonomy":"product_tag","embeddable":true,"href":"https:\/\/zooprekes24.lt\/et\/wp-json\/wp\/v2\/product_tag?post=23380"}],"curies":[{"name":"wp","href":"https:\/\/api.w.org\/{rel}","templated":true}]}}