{"id":23362,"date":"2024-04-19T13:19:52","date_gmt":"2024-04-19T10:19:52","guid":{"rendered":"https:\/\/zooprekes24.lt\/produktas\/royal-canin-indoor-sterilised-padaze\/"},"modified":"2026-02-27T13:25:04","modified_gmt":"2026-02-27T11:25:04","slug":"royal-canin-steriliseeritud-siseruumides-kasutatav-sidumisvahend","status":"publish","type":"product","link":"https:\/\/zooprekes24.lt\/et\/produktas\/royal-canin-indoor-sterilised-padaze\/","title":{"rendered":"Royal Canin Indoor steriliseeritud kassikonservid kastmes"},"content":{"rendered":"<h3>Royal Canin Indoor Steriliseeritud konservtoit on tasakaalustatud niiske kassitoit t\u00e4iskasvanud, steriliseeritud kassidele vanuses 1 kuni 7 aastat. See sisaldab kergesti seeditavaid valke h\u00f5lpsasti v\u00e4ljaheitmiseks ning t\u00e4pset vitamiinide ja mineraalainete tasakaalu, mis on spetsiaalselt kohandatud suhteliselt istuva eluviisiga siseruumides elavatele kassidele. <a href=\"https:\/\/zooprekes24.lt\/et\/kategorija\/parditoodete-tootjad\/royal-canin-katems\/\" target=\"_blank\" rel=\"noopener\">kasside vajaduste rahuldamiseks<\/a>.<\/h3>\n<ul>\n<li>S\u00e4ilitusained stimuleerivad soolestiku mikrofloorat, neutraliseerivad toksiine ja v\u00e4hendavad fekaalil\u00f5hna.<\/li>\n<li>Mittefermenteeritavate kiudainete ja peedipulbri kombinatsioon stimuleerib soolestiku l\u00e4bip\u00e4\u00e4su ja aitab eemaldada allaneelatud karvu.<\/li>\n<li>Niiske toit <a href=\"https:\/\/www.youtube.com\/watch?v=FYwO1fiYoa8&amp;t=2s\" target=\"_blank\" rel=\"noopener\">mis on kavandatud spetsiaalse valemi j\u00e4rgi<\/a>aitab s\u00e4ilitada tervislikke kuseteid ja \u00f5iget pH-d, et v\u00e4ltida kristallide teket.<\/li>\n<li>Royal Canin Indoor Steriliseeritud konservtoit on madala kalorsusega konservtoit, mis on spetsiaalselt m\u00f5eldud v\u00e4hem aktiivsetele siseruumides elavatele kassidele.<\/li>\n<\/ul>\n<p><img loading=\"lazy\" decoding=\"async\" class=\"\" src=\"https:\/\/zooprekes24.lt\/wp-content\/uploads\/bc29h-hub-egyptian-mau-adult-black-and-white-22.jpeg\" width=\"423\" height=\"317\" \/><\/p>","protected":false},"excerpt":{"rendered":"<p>Royal Canin Indoor Sterilised konservai \u2013 tai subalansuotas \u0161lapias ka\u010di\u0173 pa\u0161aras, skirtas suaugusioms, sterilizuotoms kat\u0117ms nuo 1 iki 7 met\u0173 am\u017eiaus. Sud\u0117tyje yra itin lengvai vir\u0161kinam\u0173 baltym\u0173, u\u017etikrinan\u010di\u0173 lengv\u0105 tu\u0161tinim\u0105si, bei tiksli vitamin\u0173 ir mineral\u0173 pusiausvyra specialiai pritaikyta u\u017edarose patalpose gyvenan\u010dioms, gana s\u0117sli\u0173 ka\u010di\u0173 poreikiams. Konservai stimuliuoja \u017earnyno mikroflor\u0105, neutralizuoja toksinus ir u\u017etikrina silpnesn\u012f i\u0161mat\u0173&#8230;<\/p>","protected":false},"featured_media":18271,"comment_status":"closed","ping_status":"closed","template":"","meta":{"_acf_changed":false,"slim_seo":{"title":"Royal Canin Indoor Sterilised konservai kat\u0117ms pada\u017ee - Zooprekes24","description":"Royal Canin Indoor Steriliseeritud konservtoit on tasakaalustatud niiske kassitoit t\u00e4iskasvanud, steriliseeritud kassidele vanuses 1 kuni 7 aastat. Sisaldab"},"iawp_total_views":597},"product_brand":[],"product_cat":[72,83,25,9019,9020],"product_tag":[1675,1682,1696],"class_list":{"0":"post-23362","1":"product","2":"type-product","3":"status-publish","4":"has-post-thumbnail","6":"product_cat-kaciu-maistas","7":"product_cat-kaciu-prekiu-gamintojai","8":"product_cat-katems","9":"product_cat-royal-canin-kaciu-prekiu-gamintojai","10":"product_cat-slapias-maistas-kaciu-maistas","11":"product_tag-kaciu-edalas","12":"product_tag-kaciu-maistas-super-premium-klases","13":"product_tag-super-premium-maistas-katems","14":"pa_pasaro-sudetis-vistiena","15":"pa_prekiu-zenklai-royal-canin","17":"first","18":"instock","19":"sale","20":"featured","21":"taxable","22":"shipping-taxable","23":"purchasable","24":"product-type-variable"},"acf":[],"_links":{"self":[{"href":"https:\/\/zooprekes24.lt\/et\/wp-json\/wp\/v2\/product\/23362","targetHints":{"allow":["GET"]}}],"collection":[{"href":"https:\/\/zooprekes24.lt\/et\/wp-json\/wp\/v2\/product"}],"about":[{"href":"https:\/\/zooprekes24.lt\/et\/wp-json\/wp\/v2\/types\/product"}],"replies":[{"embeddable":true,"href":"https:\/\/zooprekes24.lt\/et\/wp-json\/wp\/v2\/comments?post=23362"}],"wp:featuredmedia":[{"embeddable":true,"href":"https:\/\/zooprekes24.lt\/et\/wp-json\/wp\/v2\/media\/18271"}],"wp:attachment":[{"href":"https:\/\/zooprekes24.lt\/et\/wp-json\/wp\/v2\/media?parent=23362"}],"wp:term":[{"taxonomy":"product_brand","embeddable":true,"href":"https:\/\/zooprekes24.lt\/et\/wp-json\/wp\/v2\/product_brand?post=23362"},{"taxonomy":"product_cat","embeddable":true,"href":"https:\/\/zooprekes24.lt\/et\/wp-json\/wp\/v2\/product_cat?post=23362"},{"taxonomy":"product_tag","embeddable":true,"href":"https:\/\/zooprekes24.lt\/et\/wp-json\/wp\/v2\/product_tag?post=23362"}],"curies":[{"name":"wp","href":"https:\/\/api.w.org\/{rel}","templated":true}]}}