{"id":23350,"date":"2024-04-19T13:19:25","date_gmt":"2024-04-19T10:19:25","guid":{"rendered":"https:\/\/zooprekes24.lt\/produktas\/royal-canin-exigent-aroma-katems\/"},"modified":"2026-04-23T15:48:03","modified_gmt":"2026-04-23T13:48:03","slug":"royal-canin-exigent-aroma-katems","status":"publish","type":"product","link":"https:\/\/zooprekes24.lt\/et\/produktas\/royal-canin-exigent-aroma-katems\/","title":{"rendered":"Royal Canin Exigent Aroma kasside kuivtoit"},"content":{"rendered":"<h3>Royal Canin Exigent Aroma &#8211; <a href=\"https:\/\/www.youtube.com\/watch?v=FYwO1fiYoa8&amp;t=2s\" target=\"_blank\" rel=\"noopener\">spetsiaalselt tasakaalustatud<\/a> kuivtoit t\u00e4iskasvanud kassidele alates 1 aasta vanusest. M\u00f5nda valikulist kassi k\u00f6idab toidu intensiivne l\u00f5hn. Ainulaadne koostis maitsva kala ja t\u00e4iustatud isu\u00e4ratava aroomiga meeldib ka k\u00f5ige n\u00f5udlikumatele gurmaanidele.<\/h3>\n<ul>\n<li>M\u00f5eldud vastama v\u00e4ga n\u00f5udlike t\u00e4iskasvanud kasside toitumisvajadustele, kes eelistavad kala.<\/li>\n<li>Korrigeeritud kalorisisaldus, mis sisaldub\u00a0<a href=\"https:\/\/zooprekes24.lt\/et\/kategorija\/prekes-katems\/kulatoit\/sausas-kaciu-maistas\/\" target=\"_blank\" rel=\"noopener\">Royal Canin Exigent Aroma<\/a>\u00a0toidus aitab s\u00e4ilitada t\u00e4iskasvanud kasside ideaalkaalu.<\/li>\n<li>Lambaliha sisaldab rohkelt kiudaineid ja valku, mis toetavad seedetrakti tervist.<\/li>\n<li>Spetsiaalsed aminohapped, vitamiinid, Omega-3 ja Omega-6 rasvhapped toidavad teie kassi nahka ja karvkatte.<\/li>\n<li>Ternespiima koostis aitab s\u00e4ilitada t\u00e4iskasvanud kassi tervislikku uriinis\u00fcsteemi.<\/li>\n<\/ul>\n<p><img loading=\"lazy\" decoding=\"async\" class=\"\" src=\"https:\/\/zooprekes24.lt\/wp-content\/uploads\/bc13h-hub-abyssinian-adult-black-and-white-24.jpeg\" width=\"370\" height=\"277\" \/><\/p>","protected":false},"excerpt":{"rendered":"<p>Royal Canin Exigent Aroma &#8211; specialiai subalansuotas sausas maistas suaugusioms kat\u0117ms nuo 1 met\u0173 am\u017eiaus. Kai kurias i\u0161rankias kates traukia intensyvus \u0117dalo kvapas. Unikali \u0117dalo formul\u0117 su gard\u017eia \u017euvimi ir sustiprintu apetit\u0105 kelian\u010diu aromatu patiks net i\u0161rankiausiems skonio gurmanams. Sukurtas taip, kad patenkint\u0173 \u017euviai pirmenyb\u0119 teikian\u010di\u0173 itin i\u0161ranki\u0173 suaugusi\u0173 ka\u010di\u0173 mitybos poreikius. Pritaikytas kalorij\u0173 kiekis&#8230;<\/p>","protected":false},"featured_media":20123,"comment_status":"closed","ping_status":"closed","template":"","meta":{"_acf_changed":false,"slim_seo":{"title":"Royal Canin Exigent Aroma sausas maistas kat\u0117ms - Zooprekes24","description":"Royal Canin Exigent Aroma - specialiai subalansuotas sausas maistas suaugusioms kat\u0117ms nuo 1 met\u0173 am\u017eiaus. Kai kurias i\u0161rankias kates traukia intensyvus \u0117dalo k"},"iawp_total_views":259},"product_brand":[],"product_cat":[72,83,25,9019,9016],"product_tag":[1671,1675,1682,1696],"class_list":{"0":"post-23350","1":"product","2":"type-product","3":"status-publish","4":"has-post-thumbnail","6":"product_cat-kaciu-maistas","7":"product_cat-kaciu-prekiu-gamintojai","8":"product_cat-katems","9":"product_cat-royal-canin-kaciu-prekiu-gamintojai","10":"product_cat-sausas-maistas-kaciu-maistas","11":"product_tag-begrudis-kaciu-maistas","12":"product_tag-kaciu-edalas","13":"product_tag-kaciu-maistas-super-premium-klases","14":"product_tag-super-premium-maistas-katems","15":"pa_pasaro-sudetis-zuvis","16":"pa_prekiu-zenklai-royal-canin","18":"first","19":"instock","20":"sale","21":"featured","22":"taxable","23":"shipping-taxable","24":"purchasable","25":"product-type-variable"},"acf":[],"_links":{"self":[{"href":"https:\/\/zooprekes24.lt\/et\/wp-json\/wp\/v2\/product\/23350","targetHints":{"allow":["GET"]}}],"collection":[{"href":"https:\/\/zooprekes24.lt\/et\/wp-json\/wp\/v2\/product"}],"about":[{"href":"https:\/\/zooprekes24.lt\/et\/wp-json\/wp\/v2\/types\/product"}],"replies":[{"embeddable":true,"href":"https:\/\/zooprekes24.lt\/et\/wp-json\/wp\/v2\/comments?post=23350"}],"wp:featuredmedia":[{"embeddable":true,"href":"https:\/\/zooprekes24.lt\/et\/wp-json\/wp\/v2\/media\/20123"}],"wp:attachment":[{"href":"https:\/\/zooprekes24.lt\/et\/wp-json\/wp\/v2\/media?parent=23350"}],"wp:term":[{"taxonomy":"product_brand","embeddable":true,"href":"https:\/\/zooprekes24.lt\/et\/wp-json\/wp\/v2\/product_brand?post=23350"},{"taxonomy":"product_cat","embeddable":true,"href":"https:\/\/zooprekes24.lt\/et\/wp-json\/wp\/v2\/product_cat?post=23350"},{"taxonomy":"product_tag","embeddable":true,"href":"https:\/\/zooprekes24.lt\/et\/wp-json\/wp\/v2\/product_tag?post=23350"}],"curies":[{"name":"wp","href":"https:\/\/api.w.org\/{rel}","templated":true}]}}