{"id":23332,"date":"2024-04-19T13:19:25","date_gmt":"2024-04-19T10:19:25","guid":{"rendered":"https:\/\/zooprekes24.lt\/produktas\/brit-premium-by-nature-turkey-with-liver\/"},"modified":"2024-12-01T23:19:22","modified_gmt":"2024-12-01T21:19:22","slug":"brit-premium-by-nature-kalkunimari-maksaga","status":"publish","type":"product","link":"https:\/\/zooprekes24.lt\/et\/produktas\/brit-premium-by-nature-turkey-with-liver\/","title":{"rendered":"Brit Premium by Nature kalkunimaksaga konservtoit koertele"},"content":{"rendered":"<h3>Brit Premium by Nature Turkey with Liver - kalkunimaksa konserv koertele on ideaalne t\u00e4iendus kuivtoidule v\u00f5i lihtsalt maitsev t\u00e4iss\u00f6\u00f6t. See aitab parandada toidu tarbimist ja t\u00e4iendada vedelikku. Sisaldab mineraale, mis toetavad terveid liigeseid, <a href=\"https:\/\/zooprekes24.lt\/et\/toode\/brit-care-lassi-oli\/\" target=\"_blank\" rel=\"noopener\">l\u00f5he\u00f5li<\/a> ja maitsetaimed.<\/h3>\n<ul>\n<li><a href=\"https:\/\/brit-petfood.com\/lt\/kodel-grain-free\" target=\"_blank\" rel=\"noopener\">teraviljavaba - soolavaba - GMO-vaba<\/a>.<\/li>\n<li>Suurep\u00e4rane seeditavus ja suurep\u00e4rane liha maitse.<\/li>\n<li>Toitainete, vitamiinide ja mineraalide tasakaalustatud sisaldus.<\/li>\n<\/ul>","protected":false},"excerpt":{"rendered":"<p>Brit Premium by Nature Turkey with Liver - kalkunimaksa konserv koertele on ideaalne t\u00e4iendus kuivtoidule v\u00f5i lihtsalt maitsev t\u00e4iss\u00f6\u00f6t. See aitab parandada toidu tarbimist ja t\u00e4iendada vedelikku. Sisaldab terveid liigeseid toetavaid mineraale, l\u00f5he\u00f5li ja maitsetaimi. Teraviljavaba - soolavaba - GMO-vaba. Suurep\u00e4rane seeditavus ja h\u00e4mmastav...<\/p>","protected":false},"featured_media":20120,"comment_status":"closed","ping_status":"closed","template":"","meta":{"_acf_changed":false,"slim_seo":{"title":"Brit Premium by Nature Turkey with Liver konservai \u0161unims - Zooprekes24","description":"Brit Premium by Nature Turkey with Liver -\u00a0konservai su kalakutiena ir kepenimis \u0161unims tai idealus papildas sausam maistui pagardinti arba tiesiog skanus pilna"},"iawp_total_views":49},"product_brand":[],"product_cat":[9006,9004,8999,29,31],"product_tag":[730,418],"class_list":{"0":"post-23332","1":"product","2":"type-product","3":"status-publish","4":"has-post-thumbnail","6":"product_cat-brit-premium","7":"product_cat-slapias-maistas","8":"product_cat-sunims","9":"product_cat-sunu-maistas","10":"product_cat-sunu-prekiu-gamintojai","11":"product_tag-brit-premium-slapias-maistas","12":"product_tag-konservuotas-maistas-sunims","13":"pa_pasaro-sudetis-kalakutiena","14":"pa_pasaro-sudetis-vistiena","15":"pa_prekiu-zenklai-brit-premium","16":"pa_suns-amzius-suaugusiems","17":"pa_veisles-dydis-didelems-veislems","18":"pa_veisles-dydis-mazoms-veislems","19":"pa_veisles-dydis-vidutinems-veislems","20":"pa_veisles-dydis-visu-dydziu-veislems","22":"first","23":"instock","24":"featured","25":"taxable","26":"shipping-taxable","27":"purchasable","28":"product-type-variable"},"acf":[],"_links":{"self":[{"href":"https:\/\/zooprekes24.lt\/et\/wp-json\/wp\/v2\/product\/23332","targetHints":{"allow":["GET"]}}],"collection":[{"href":"https:\/\/zooprekes24.lt\/et\/wp-json\/wp\/v2\/product"}],"about":[{"href":"https:\/\/zooprekes24.lt\/et\/wp-json\/wp\/v2\/types\/product"}],"replies":[{"embeddable":true,"href":"https:\/\/zooprekes24.lt\/et\/wp-json\/wp\/v2\/comments?post=23332"}],"wp:featuredmedia":[{"embeddable":true,"href":"https:\/\/zooprekes24.lt\/et\/wp-json\/wp\/v2\/media\/20120"}],"wp:attachment":[{"href":"https:\/\/zooprekes24.lt\/et\/wp-json\/wp\/v2\/media?parent=23332"}],"wp:term":[{"taxonomy":"product_brand","embeddable":true,"href":"https:\/\/zooprekes24.lt\/et\/wp-json\/wp\/v2\/product_brand?post=23332"},{"taxonomy":"product_cat","embeddable":true,"href":"https:\/\/zooprekes24.lt\/et\/wp-json\/wp\/v2\/product_cat?post=23332"},{"taxonomy":"product_tag","embeddable":true,"href":"https:\/\/zooprekes24.lt\/et\/wp-json\/wp\/v2\/product_tag?post=23332"}],"curies":[{"name":"wp","href":"https:\/\/api.w.org\/{rel}","templated":true}]}}