{"id":23327,"date":"2024-04-19T13:19:11","date_gmt":"2024-04-19T10:19:11","guid":{"rendered":"https:\/\/zooprekes24.lt\/produktas\/brit-premium-by-nature-sensitive\/"},"modified":"2026-04-03T15:44:50","modified_gmt":"2026-04-03T13:44:50","slug":"brit-premium-by-nature-sensitive","status":"publish","type":"product","link":"https:\/\/zooprekes24.lt\/et\/produktas\/brit-premium-by-nature-sensitive\/","title":{"rendered":"Brit Premium by Nature Sensitive kuivtoit koertele"},"content":{"rendered":"<h3>Brit Premium by Nature Sensitive koeratoit, mis on spetsiaalselt koostatud tundlikele, allergilistele koertele, kellel on seedetrakti v\u00f5i naha ja karvkatte probleeme, omab j\u00e4rgmisi koerte tervist ja seisundit m\u00f5jutavaid omadusi:<\/h3>\n<ul>\n<li>H\u00fcpoallergeenne koostis t\u00e4nu lambaliha ja riisi sisaldusele.<\/li>\n<li>Suurep\u00e4rane seedimine. See toit sisaldab kergesti seeditavaid valke ja rasvu.<\/li>\n<li>Tugev immuunsus. Prebiootikumid (mannan ja fruktooligosahhariidid) ja looduslikud antioks\u00fcdandid tugevdavad koerte immuunsust.<\/li>\n<li>Kiiltav, pehme karvkate ja terve nahk - need on omadused, mida Brit Premium by Nature Sensitive koerad naudivad (t\u00e4nu l\u00f5he\u00f5lis sisalduvatele Omega-3-k\u00fcllastumata rasvhapetele).<\/li>\n<li>See ei sisalda koeratoitudes tavaliselt kasutatavaid teravilju, nagu nisu, mais ja soja.<\/li>\n<\/ul>\n<h3>Taime- ja puuviljaekstraktid (rosmariin, kurkum, tsitrusviljad ja nelk), mis sisalduvad <a href=\"https:\/\/brit-petfood.com\/en\/products\/264851-brit-premium-by-nature-sensitive-lamb\" target=\"_blank\" rel=\"noopener\">Brit Premium by Nature Sensitive<\/a> koeratoidus, m\u00f5ju koera tervisele ja v\u00e4limusele:<\/h3>\n<ul>\n<li>Parandab toidu maitset ja atraktiivsust.<\/li>\n<li>Suurep\u00e4rane antioks\u00fcdantide ja ens\u00fc\u00fcmide allikas, mis kaitseb rakke kahjustuste eest.<\/li>\n<li>Aitab parandada E-vitamiini imendumist ja kaitseb organismi vabade radikaalide eest.<\/li>\n<li>Aitab parandada rasvhapete imendumist toidust, nii et\u00a0<a href=\"https:\/\/zooprekes24.lt\/et\/toode\/brit-care-lassi-oli\/\" target=\"_blank\" rel=\"noopener\">parandab naha, karvkatte ja liigeste tervist<\/a>. Suurendab vananemisvastast toimet.<\/li>\n<\/ul>","protected":false},"excerpt":{"rendered":"<p>\u0160un\u0173 maistas Brit Premium by Nature Sensitive, sukurtas specialiai\u00a0jautriems, alergi\u0161kiems \u0161unims, turintiems vir\u0161kinimo ar odos ir kailio problem\u0173,\u00a0pasi\u017eymi tokiomis savyb\u0117mis, turin\u010diomis \u012ftakos \u0161un\u0173 sveikatai ir b\u016bklei: Hipoalergin\u0117 formul\u0117\u00a0d\u0117l sud\u0117tyje esan\u010dios \u0117rienos ir ry\u017ei\u0173. Puikus vir\u0161kinimas. \u0160io maisto sud\u0117tyje yra lengvai vir\u0161kinam\u0173 baltym\u0173 ir riebal\u0173. Stiprus imunitetas. Prebiotikai (manano ir fruktooligosacharidai) ir nat\u016bral\u016bs antioksidantai stiprina \u0161un\u0173&#8230;<\/p>","protected":false},"featured_media":20119,"comment_status":"closed","ping_status":"closed","template":"","meta":{"_acf_changed":false,"slim_seo":{"title":"Brit Premium by Nature Sensitive sausas maistas \u0161unims - Zooprekes24","description":"\u0160un\u0173 maistas Brit Premium by Nature Sensitive, sukurtas specialiai\u00a0jautriems, alergi\u0161kiems \u0161unims, turintiems vir\u0161kinimo ar odos ir kailio problem\u0173,\u00a0pasi\u017eymi to"},"iawp_total_views":112},"product_brand":[],"product_cat":[9001,9006,9002,8999,29,31],"product_tag":[353,177,260,200],"class_list":{"0":"post-23327","1":"product","2":"type-product","3":"status-publish","4":"has-post-thumbnail","6":"product_cat-begrudis-maistas","7":"product_cat-brit-premium","8":"product_cat-sausas-maistas","9":"product_cat-sunims","10":"product_cat-sunu-maistas","11":"product_cat-sunu-prekiu-gamintojai","12":"product_tag-brit-sunu-edalas","13":"product_tag-edalas-sunims","14":"product_tag-maistas-alergiskiems-sunims","15":"product_tag-super-premium-maistas-sunims","16":"pa_pasaro-sudetis-eriena","17":"pa_pasaro-sudetis-uogos","18":"pa_pasaro-sudetis-vaisiai","19":"pa_prekiu-zenklai-brit-premium","20":"pa_suns-amzius-suaugusiems","21":"pa_veisles-dydis-didelems-veislems","22":"pa_veisles-dydis-mazoms-veislems","23":"pa_veisles-dydis-vidutinems-veislems","24":"pa_veisles-dydis-visu-dydziu-veislems","26":"first","27":"instock","28":"featured","29":"taxable","30":"shipping-taxable","31":"purchasable","32":"product-type-variable"},"acf":[],"_links":{"self":[{"href":"https:\/\/zooprekes24.lt\/et\/wp-json\/wp\/v2\/product\/23327","targetHints":{"allow":["GET"]}}],"collection":[{"href":"https:\/\/zooprekes24.lt\/et\/wp-json\/wp\/v2\/product"}],"about":[{"href":"https:\/\/zooprekes24.lt\/et\/wp-json\/wp\/v2\/types\/product"}],"replies":[{"embeddable":true,"href":"https:\/\/zooprekes24.lt\/et\/wp-json\/wp\/v2\/comments?post=23327"}],"wp:featuredmedia":[{"embeddable":true,"href":"https:\/\/zooprekes24.lt\/et\/wp-json\/wp\/v2\/media\/20119"}],"wp:attachment":[{"href":"https:\/\/zooprekes24.lt\/et\/wp-json\/wp\/v2\/media?parent=23327"}],"wp:term":[{"taxonomy":"product_brand","embeddable":true,"href":"https:\/\/zooprekes24.lt\/et\/wp-json\/wp\/v2\/product_brand?post=23327"},{"taxonomy":"product_cat","embeddable":true,"href":"https:\/\/zooprekes24.lt\/et\/wp-json\/wp\/v2\/product_cat?post=23327"},{"taxonomy":"product_tag","embeddable":true,"href":"https:\/\/zooprekes24.lt\/et\/wp-json\/wp\/v2\/product_tag?post=23327"}],"curies":[{"name":"wp","href":"https:\/\/api.w.org\/{rel}","templated":true}]}}