{"id":23309,"date":"2024-04-19T13:19:11","date_gmt":"2024-04-19T10:19:11","guid":{"rendered":"https:\/\/zooprekes24.lt\/produktas\/brit-care-sustainable-sensitive-insect\/"},"modified":"2024-06-27T15:37:43","modified_gmt":"2024-06-27T12:37:43","slug":"brit-care-jatkusuutlik-tundlik-putukas","status":"publish","type":"product","link":"https:\/\/zooprekes24.lt\/et\/produktas\/brit-care-sustainable-sensitive-insect\/","title":{"rendered":"Brit Care Sustainable Sensitive Sensitive Insect &amp; Fish kuivtoit koertele"},"content":{"rendered":"<h3>Brit Care Sustainable Sensitive Insect &amp; Fish - Super Premium j\u00e4tkusuutlik ja keskkonnas\u00f5bralik kuivtoit on spetsiaalselt loodud tundliku nahaga koertele. K\u00f5rge Omega-3 ja Omega-6 rasvhapete sisaldus aitab s\u00e4ilitada naha hea seisundi ja l\u00e4ikiva karvkatte. Putukavalgu ja kala kombinatsioonil on suurep\u00e4rased toitumisomadused, mis aitavad v\u00e4hendada toiduallergia riski ja sobivad koertele, kellel on teatud toiduainete suhtes talumatus.<\/h3>\n<ul>\n<li>Putuka- ja kalap\u00f5hine retsept, et v\u00e4ltida soovimatuid allergilisi reaktsioone.<\/li>\n<li>Probiootikumid ja antioks\u00fcdandid aitavad tugevdada immuuns\u00fcsteemi ja s\u00e4ilitada head seedimistalitlust.<\/li>\n<li><a href=\"https:\/\/krmivo-brit.cz\/cs\" target=\"_blank\" rel=\"noopener\">Brit Care<\/a> Sustainable Sensitive Insect &amp; Fish'is sisalduvatel oomega-3-rasvhapetel DHA ja EPA on kaitsvad omadused p\u00f5letikuliste haiguste, sealhulgas allergiate vastu.<\/li>\n<\/ul>","protected":false},"excerpt":{"rendered":"<p>Brit Care Sustainable Sensitive Insect &amp; Fish &#8211; Super Premium tvarus ir draugi\u0161kas gamtai sausas maistas buvo specialiai sukurtas \u0161unims, kurie turi jautri\u0105 od\u0105. Didelis Omega-3 ir Omega-6 riebal\u0173 r\u016bg\u0161\u010di\u0173 kiekis padeda palaikyti ger\u0105 odos b\u016bkl\u0119 ir blizgant\u012f kail\u012f. Vabzd\u017ei\u0173 baltym\u0173 ir \u017euvies derinys turi puiki\u0173 maistini\u0173 savybi\u0173, kurios padeda suma\u017einti maisto alergij\u0173 rizik\u0105 ir&#8230;<\/p>","protected":false},"featured_media":27853,"comment_status":"closed","ping_status":"closed","template":"","meta":{"_acf_changed":false,"slim_seo":{"title":"Brit Care Sustainable Sensitive Insect & Fish sausas maistas \u0161unims - Zooprekes24","description":"Brit Care Sustainable Sensitive Insect &amp; Fish - Super Premium j\u00e4tkusuutlik ja keskkonnas\u00f5bralik kuivtoit on spetsiaalselt koostatud koertele, kellel on tundlik"},"iawp_total_views":378},"product_brand":[],"product_cat":[9029,9002,8999,29,31],"product_tag":[177,200],"class_list":{"0":"post-23309","1":"product","2":"type-product","3":"status-publish","4":"has-post-thumbnail","6":"product_cat-brit-care","7":"product_cat-sausas-maistas","8":"product_cat-sunims","9":"product_cat-sunu-maistas","10":"product_cat-sunu-prekiu-gamintojai","11":"product_tag-edalas-sunims","12":"product_tag-super-premium-maistas-sunims","13":"pa_pasaro-sudetis-darzoves","14":"pa_pasaro-sudetis-vabzdziai","15":"pa_pasaro-sudetis-vaisiai","16":"pa_pasaro-sudetis-zuvis","17":"pa_prekiu-zenklai-brit-care","18":"pa_suns-amzius-suaugusiems","19":"pa_veisles-dydis-didelems-veislems","20":"pa_veisles-dydis-mazoms-veislems","21":"pa_veisles-dydis-vidutinems-veislems","22":"pa_veisles-dydis-visu-dydziu-veislems","24":"first","25":"instock","26":"featured","27":"taxable","28":"shipping-taxable","29":"purchasable","30":"product-type-variable"},"acf":[],"_links":{"self":[{"href":"https:\/\/zooprekes24.lt\/et\/wp-json\/wp\/v2\/product\/23309","targetHints":{"allow":["GET"]}}],"collection":[{"href":"https:\/\/zooprekes24.lt\/et\/wp-json\/wp\/v2\/product"}],"about":[{"href":"https:\/\/zooprekes24.lt\/et\/wp-json\/wp\/v2\/types\/product"}],"replies":[{"embeddable":true,"href":"https:\/\/zooprekes24.lt\/et\/wp-json\/wp\/v2\/comments?post=23309"}],"wp:featuredmedia":[{"embeddable":true,"href":"https:\/\/zooprekes24.lt\/et\/wp-json\/wp\/v2\/media\/27853"}],"wp:attachment":[{"href":"https:\/\/zooprekes24.lt\/et\/wp-json\/wp\/v2\/media?parent=23309"}],"wp:term":[{"taxonomy":"product_brand","embeddable":true,"href":"https:\/\/zooprekes24.lt\/et\/wp-json\/wp\/v2\/product_brand?post=23309"},{"taxonomy":"product_cat","embeddable":true,"href":"https:\/\/zooprekes24.lt\/et\/wp-json\/wp\/v2\/product_cat?post=23309"},{"taxonomy":"product_tag","embeddable":true,"href":"https:\/\/zooprekes24.lt\/et\/wp-json\/wp\/v2\/product_tag?post=23309"}],"curies":[{"name":"wp","href":"https:\/\/api.w.org\/{rel}","templated":true}]}}