{"id":23279,"date":"2024-04-19T13:18:30","date_gmt":"2024-04-19T10:18:30","guid":{"rendered":"https:\/\/zooprekes24.lt\/produktas\/royal-canin-indoor-long-hair\/"},"modified":"2026-02-27T06:54:08","modified_gmt":"2026-02-27T04:54:08","slug":"royal-canin-siseruumides-pikkade-karvadega","status":"publish","type":"product","link":"https:\/\/zooprekes24.lt\/et\/produktas\/royal-canin-indoor-long-hair\/","title":{"rendered":"Royal Canin Indoor Long Hair kasside kuivtoit"},"content":{"rendered":"<h3>Royal Canin Indoor Long Hair - <a href=\"https:\/\/www.royalcanin.com\/lt\/tailored-nutrition\" target=\"_blank\" rel=\"noopener\">spetsiaalselt tasakaalustatud<\/a> kuivtoit t\u00e4iskasvanud pikakarvalistele kodukassidele alates 1 aasta vanusest. Toit kaitseb intensiivselt karvapallide tekkimise eest ja aitab karvade loomulikul v\u00e4ljalangemisel.<\/h3>\n<ul>\n<li><a href=\"https:\/\/zooprekes24.lt\/et\/kategorija\/prekes-katems\/kulatoit\/sausas-kaciu-maistas\/\" target=\"_blank\" rel=\"noopener\">Royal Canin Indoor Long Hair<\/a> Kuivtoit takistab karvapallide tekkimist maos. Karvad eemaldatakse regulaarselt v\u00e4ljaheitega, selle asemel et koguneda maos ja seej\u00e4rel uuesti v\u00e4lja oksendada.<\/li>\n<li>K\u00f5rge valgusisaldus (35 %) ja aktiivsed toitained, sealhulgas A- ja B-vitamiinid, asendamatud rasvhapped, kelaaditud mikroelemendid, boraagia\u00f5li ja kala\u00f5li tagavad naha ja karvkatte tervise ja ilu.<\/li>\n<li>Frukto-oligosahhariidid, kala\u00f5li ja valgud. <a href=\"https:\/\/www.youtube.com\/watch?v=NLmBtyl2bVs\" target=\"_blank\" rel=\"noopener\">soodustab head mao seedimist<\/a> ja toitainete imendumist.<\/li>\n<\/ul>\n<p><a ref=\"magnificPopup\" href=\"https:\/\/zooprekes24.lt\/wp-content\/uploads\/Indoor-long-hair-logo.png\"><img loading=\"lazy\" decoding=\"async\" class=\"alignnone wp-image-9823\" src=\"https:\/\/zooprekes24.lt\/wp-content\/uploads\/Indoor-long-hair-logo.png\" alt=\"Siseruumide pikakarvaline logo\" width=\"485\" height=\"310\" \/><\/a><\/p>","protected":false},"excerpt":{"rendered":"<p>Royal Canin Indoor Long Hair &#8211; specialiai subalansuotas sausas maistas suaugusioms, namuose gyvenan\u010dioms ilgaplauk\u0117ms kat\u0117ms nuo 1 met\u0173 am\u017eiaus. Maistas intensyviai saugo nuo plauk\u0173 kamuoliuk\u0173 susidarymo ir padeda plaukams pasi\u0161alinti nat\u016braliuoju b\u016bdu. Royal Canin Indoor Long Hair sausas maistas apsaugo nuo plauk\u0173 kamuoliuk\u0173 susidarymo skrandyje. Plaukai yra reguliariai pa\u0161alinami su i\u0161matomis, u\u017euot kaup\u0119si skrandyje ir&#8230;<\/p>","protected":false},"featured_media":20102,"comment_status":"closed","ping_status":"closed","template":"","meta":{"_acf_changed":false,"slim_seo":{"title":"Royal Canin Indoor Long Hair sausas maistas kat\u0117ms - Zooprekes24","description":"Royal Canin Indoor Long Hair on spetsiaalselt tasakaalustatud kuivtoit t\u00e4iskasvanud pika karvaga sisekassidele alates 1-aastasest vanusest. Toit on intensiivne"},"iawp_total_views":249},"product_brand":[],"product_cat":[72,83,25,9019,9016],"product_tag":[1909,1675,1899,1682,1696],"class_list":{"0":"post-23279","1":"product","2":"type-product","3":"status-publish","4":"has-post-thumbnail","6":"product_cat-kaciu-maistas","7":"product_cat-kaciu-prekiu-gamintojai","8":"product_cat-katems","9":"product_cat-royal-canin-kaciu-prekiu-gamintojai","10":"product_cat-sausas-maistas-kaciu-maistas","11":"product_tag-edalas-naminems-katems","12":"product_tag-kaciu-edalas","13":"product_tag-kaciu-maistas-naminems-katems","14":"product_tag-kaciu-maistas-super-premium-klases","15":"product_tag-super-premium-maistas-katems","16":"pa_pasaro-sudetis-ryziai","17":"pa_pasaro-sudetis-vistiena","18":"pa_prekiu-zenklai-royal-canin","20":"first","21":"instock","22":"sale","23":"featured","24":"taxable","25":"shipping-taxable","26":"purchasable","27":"product-type-variable"},"acf":[],"_links":{"self":[{"href":"https:\/\/zooprekes24.lt\/et\/wp-json\/wp\/v2\/product\/23279","targetHints":{"allow":["GET"]}}],"collection":[{"href":"https:\/\/zooprekes24.lt\/et\/wp-json\/wp\/v2\/product"}],"about":[{"href":"https:\/\/zooprekes24.lt\/et\/wp-json\/wp\/v2\/types\/product"}],"replies":[{"embeddable":true,"href":"https:\/\/zooprekes24.lt\/et\/wp-json\/wp\/v2\/comments?post=23279"}],"wp:featuredmedia":[{"embeddable":true,"href":"https:\/\/zooprekes24.lt\/et\/wp-json\/wp\/v2\/media\/20102"}],"wp:attachment":[{"href":"https:\/\/zooprekes24.lt\/et\/wp-json\/wp\/v2\/media?parent=23279"}],"wp:term":[{"taxonomy":"product_brand","embeddable":true,"href":"https:\/\/zooprekes24.lt\/et\/wp-json\/wp\/v2\/product_brand?post=23279"},{"taxonomy":"product_cat","embeddable":true,"href":"https:\/\/zooprekes24.lt\/et\/wp-json\/wp\/v2\/product_cat?post=23279"},{"taxonomy":"product_tag","embeddable":true,"href":"https:\/\/zooprekes24.lt\/et\/wp-json\/wp\/v2\/product_tag?post=23279"}],"curies":[{"name":"wp","href":"https:\/\/api.w.org\/{rel}","templated":true}]}}