{"id":23271,"date":"2024-04-19T13:18:15","date_gmt":"2024-04-19T10:18:15","guid":{"rendered":"https:\/\/zooprekes24.lt\/produktas\/royal-canin-fit-sausas-maistas\/"},"modified":"2026-02-27T06:43:07","modified_gmt":"2026-02-27T04:43:07","slug":"royal-canin-fit-sausas-maistas","status":"publish","type":"product","link":"https:\/\/zooprekes24.lt\/et\/produktas\/royal-canin-fit-sausas-maistas\/","title":{"rendered":"Royal Canin Fit kasside kuivtoit"},"content":{"rendered":"<h3>Royal Canin Fit &#8211; <a href=\"https:\/\/www.royalcanin.com\/lt\/tailored-nutrition\" target=\"_blank\" rel=\"noopener\">spetsiaalselt tasakaalustatud<\/a> kuivtoit t\u00e4iskasvanud kassidele alates 1 aasta vanusest. See sisaldab olulisi toitaineid, mis vastavad t\u00e4iskasvanud kasside vajadustele ja aitavad s\u00e4ilitada lemmiklooma suurep\u00e4rast tervist.<\/h3>\n<ul>\n<li>Korrigeeritud kalorisisaldus, mis sisaldub <a href=\"https:\/\/zooprekes24.lt\/et\/kategorija\/prekes-katems\/kulatoit\/sausas-kaciu-maistas\/\" target=\"_blank\" rel=\"noopener\">Royal Canin Fit<\/a> toidus aitab s\u00e4ilitada t\u00e4iskasvanud kasside ideaalkaalu.<\/li>\n<li>Toit stimuleerib soolestiku mikrofloorat, neutraliseerib toksiine ja v\u00e4hendab fekaalil\u00f5hna.<\/li>\n<li>Mittefermenteeruvate kiudainete ja peedimassi kombinatsioon stimuleerib soolestiku l\u00e4bip\u00e4\u00e4su ja aitab <a href=\"https:\/\/zooprekes24.lt\/et\/toode\/sanal-anti-karvapall\/\" target=\"_blank\" rel=\"noopener\">eemaldada sissekasvanud karvad<\/a>.<\/li>\n<li><a href=\"https:\/\/www.youtube.com\/watch?v=FYwO1fiYoa8\" target=\"_blank\" rel=\"noopener\">\u00d5ige mineraalide tasakaalu saavutamiseks<\/a> Toit aitab s\u00e4ilitada teie kassi uriinis\u00fcsteemi suurep\u00e4rast tervist.<\/li>\n<\/ul>\n<p><a ref=\"magnificPopup\" href=\"https:\/\/zooprekes24.lt\/wp-content\/uploads\/Fit-logo.png\"><img loading=\"lazy\" decoding=\"async\" class=\"alignnone wp-image-9819\" src=\"https:\/\/zooprekes24.lt\/wp-content\/uploads\/Fit-logo.png\" alt=\"Fit-logo\" width=\"324\" height=\"313\" \/><\/a><\/p>","protected":false},"excerpt":{"rendered":"<p>Royal Canin Fit &#8211; specialiai subalansuotas sausas maistas suaugusioms kat\u0117ms nuo 1 met\u0173 am\u017eiaus. Maiste yra svarbi\u0173 maistini\u0173 med\u017eiag\u0173 atitinkan\u010di\u0173 suaugusi\u0173 ka\u010di\u0173 poreikius bei padedan\u010di\u0173 i\u0161laikyti puiki\u0105 augintinio sveikat\u0105. Pritaikytas kalorij\u0173 kiekis esantis Royal Canin Fit maiste padeda i\u0161laikyti idealu suaugusi\u0173 ka\u010di\u0173 svor\u012f. Maistas\u00a0stimuliuoja \u017earnyno mikroflor\u0105,\u00a0neutralizuoja toksinus\u00a0ir u\u017etikrina\u00a0silpnesn\u012f i\u0161mat\u0173 kvap\u0105. Sud\u0117tyje esantis nefermentuojam\u0173 skaidul\u0173 ir&#8230;<\/p>","protected":false},"featured_media":25806,"comment_status":"closed","ping_status":"closed","template":"","meta":{"_acf_changed":false,"slim_seo":{"title":"Royal Canin Fit sausas maistas kat\u0117ms - Zooprekes24","description":"Royal Canin Fit - specialiai subalansuotas sausas maistas suaugusioms kat\u0117ms nuo 1 met\u0173 am\u017eiaus. Maiste yra svarbi\u0173 maistini\u0173 med\u017eiag\u0173 atitinkan\u010di\u0173 suaugusi\u0173 ka"},"iawp_total_views":284},"product_brand":[],"product_cat":[72,83,25,9019,9016],"product_tag":[1675,1682,1696],"class_list":{"0":"post-23271","1":"product","2":"type-product","3":"status-publish","4":"has-post-thumbnail","6":"product_cat-kaciu-maistas","7":"product_cat-kaciu-prekiu-gamintojai","8":"product_cat-katems","9":"product_cat-royal-canin-kaciu-prekiu-gamintojai","10":"product_cat-sausas-maistas-kaciu-maistas","11":"product_tag-kaciu-edalas","12":"product_tag-kaciu-maistas-super-premium-klases","13":"product_tag-super-premium-maistas-katems","14":"pa_pasaro-sudetis-ryziai","15":"pa_pasaro-sudetis-vistiena","16":"pa_prekiu-zenklai-royal-canin","18":"first","19":"instock","20":"sale","21":"featured","22":"taxable","23":"shipping-taxable","24":"purchasable","25":"product-type-variable"},"acf":[],"_links":{"self":[{"href":"https:\/\/zooprekes24.lt\/et\/wp-json\/wp\/v2\/product\/23271","targetHints":{"allow":["GET"]}}],"collection":[{"href":"https:\/\/zooprekes24.lt\/et\/wp-json\/wp\/v2\/product"}],"about":[{"href":"https:\/\/zooprekes24.lt\/et\/wp-json\/wp\/v2\/types\/product"}],"replies":[{"embeddable":true,"href":"https:\/\/zooprekes24.lt\/et\/wp-json\/wp\/v2\/comments?post=23271"}],"wp:featuredmedia":[{"embeddable":true,"href":"https:\/\/zooprekes24.lt\/et\/wp-json\/wp\/v2\/media\/25806"}],"wp:attachment":[{"href":"https:\/\/zooprekes24.lt\/et\/wp-json\/wp\/v2\/media?parent=23271"}],"wp:term":[{"taxonomy":"product_brand","embeddable":true,"href":"https:\/\/zooprekes24.lt\/et\/wp-json\/wp\/v2\/product_brand?post=23271"},{"taxonomy":"product_cat","embeddable":true,"href":"https:\/\/zooprekes24.lt\/et\/wp-json\/wp\/v2\/product_cat?post=23271"},{"taxonomy":"product_tag","embeddable":true,"href":"https:\/\/zooprekes24.lt\/et\/wp-json\/wp\/v2\/product_tag?post=23271"}],"curies":[{"name":"wp","href":"https:\/\/api.w.org\/{rel}","templated":true}]}}